{"id":3041,"date":"2018-06-27T16:15:07","date_gmt":"2018-06-27T14:15:07","guid":{"rendered":"http:\/\/www.tecowash.com\/?post_type=product&#038;p=3041"},"modified":"2021-08-02T12:00:43","modified_gmt":"2021-08-02T10:00:43","slug":"bayeta-velvex-hq","status":"publish","type":"product","link":"https:\/\/www.tecowash.com\/tecowash18\/producto\/bayeta-velvex-hq\/","title":{"rendered":"BAYETA VELVEX HQ ESPECIAL CARROCER\u00cdAS"},"content":{"rendered":"<div class=\"page\" title=\"Page 90\">\n<div class=\"section\">\n<div class=\"layoutArea\">\n<div class=\"column\">\n<div class=\"page\" title=\"Page 90\">\n<div class=\"section\">\n<div class=\"layoutArea\">\n<div class=\"column\">\n<p><a href=\"https:\/\/www.tecowash.com\/tecowash18\/wp-content\/uploads\/2020\/06\/Escurre_Gamuzas_tecowash_2020_12.pdf\" target=\"_blank\" rel=\"noopener noreferrer\"><img loading=\"lazy\" decoding=\"async\" class=\"aligncenter size-full wp-image-9010\" src=\"https:\/\/www.tecowash.com\/tecowash18\/wp-content\/uploads\/2019\/10\/pdf_logo_B.png\" alt=\"\" width=\"250\" height=\"121\" srcset=\"https:\/\/www.tecowash.com\/tecowash18\/wp-content\/uploads\/2019\/10\/pdf_logo_B.png 250w, https:\/\/www.tecowash.com\/tecowash18\/wp-content\/uploads\/2019\/10\/pdf_logo_B-24x12.png 24w, https:\/\/www.tecowash.com\/tecowash18\/wp-content\/uploads\/2019\/10\/pdf_logo_B-36x17.png 36w, https:\/\/www.tecowash.com\/tecowash18\/wp-content\/uploads\/2019\/10\/pdf_logo_B-48x23.png 48w\" sizes=\"(max-width: 250px) 100vw, 250px\" \/><\/a><\/p>\n<p><a href=\"https:\/\/vimeo.com\/315834501\" target=\"_blank\" rel=\"noopener noreferrer\"><img loading=\"lazy\" decoding=\"async\" class=\"aligncenter wp-image-10495 size-medium\" src=\"https:\/\/www.tecowash.com\/tecowash18\/wp-content\/uploads\/2018\/06\/Videos_Bayetas_velvex_tecowash_77-300x66.png\" alt=\"\" width=\"300\" height=\"66\" srcset=\"https:\/\/www.tecowash.com\/tecowash18\/wp-content\/uploads\/2018\/06\/Videos_Bayetas_velvex_tecowash_77-300x66.png 300w, https:\/\/www.tecowash.com\/tecowash18\/wp-content\/uploads\/2018\/06\/Videos_Bayetas_velvex_tecowash_77-24x5.png 24w, https:\/\/www.tecowash.com\/tecowash18\/wp-content\/uploads\/2018\/06\/Videos_Bayetas_velvex_tecowash_77-36x8.png 36w, https:\/\/www.tecowash.com\/tecowash18\/wp-content\/uploads\/2018\/06\/Videos_Bayetas_velvex_tecowash_77-48x11.png 48w, https:\/\/www.tecowash.com\/tecowash18\/wp-content\/uploads\/2018\/06\/Videos_Bayetas_velvex_tecowash_77.png 390w\" sizes=\"(max-width: 300px) 100vw, 300px\" \/><\/a><\/p>\n<p><span style=\"font-size: 18pt\"><span style=\"color: #000000\"><strong>BAYETA<\/strong><\/span> <strong><span style=\"color: #99cc00\">Velvex HQ ESPECIAL CARROCER\u00cdAS<\/span><\/strong><\/span><\/p>\n<p><span style=\"color: #000000;font-size: 14pt\"><strong>Referencia:<\/strong> 74007 &#8211; <strong>Bayeta Velvex HQ.<\/strong><\/span><br \/>\n<span style=\"color: #000000\">Paquetes de 5 unidades.<\/span><br \/>\n<span style=\"color: #000000\">El pa\u00f1o Velvex HQ nace de la combinaci\u00f3n especial de la microfibra con el poliuretano y act\u00faa sobre carrocer\u00edas, <\/span><br \/>\n<span style=\"color: #000000\">cristales y superficies cromadas, secando y limpiando a la perfecci\u00f3n. <\/span><br \/>\n<span style=\"color: #000000\">Puede absorber r\u00e1pidamente grandes cantidades de agua, eliminando grasas y dep\u00f3sitos calc\u00e1reos. <\/span><br \/>\n<span style=\"color: #000000\">Dura 10 veces m\u00e1s. <\/span><br \/>\n<span style=\"color: #000000\">No deja aureolas. <\/span><br \/>\n<span style=\"color: #000000\">Dura tres veces m\u00e1s que los pa\u00f1os de cuero sint\u00e9ticos tradicionales.<\/span><br \/>\n<span style=\"color: #000000\"><strong>Modo de empleo:<\/strong><\/span><br \/>\n<span style=\"color: #000000\">Siempre hay que humedecerla antes de trabajar y escurrirla.<\/span><br \/>\n<span style=\"color: #000000\">Lavar en lavadora con detergente l\u00edquido.<\/span><br \/>\n<span style=\"color: #000000\">Utilizar un programa corto.<\/span><br \/>\n<span style=\"color: #000000\">No utilizar suavizante.<\/span><br \/>\n<span style=\"color: #000000\">No utilizar secadora. <\/span><br \/>\n<span style=\"color: #000000\"><strong>Medidas:<\/strong> 40&#215;50 cms.<\/span><\/p>\n<p>&nbsp;<\/p>\n<p>&nbsp;<\/p>\n<p>&nbsp;<\/p>\n<\/div>\n<\/div>\n<\/div>\n<\/div>\n<\/div>\n<\/div>\n<\/div>\n<\/div>\n","protected":false},"excerpt":{"rendered":"<p>BAYETA Velvex HQ ESPECIAL CARROCER\u00cdAS Referencia: 74007 &#8211; Bayeta Velvex HQ. Paquetes de 5 unidades. El pa\u00f1o Velvex HQ nace de la combinaci\u00f3n especial de la microfibra con el poliuretano y act\u00faa sobre carrocer\u00edas, cristales y superficies cromadas, secando y limpiando a la perfecci\u00f3n. Puede absorber r\u00e1pidamente grandes cantidades de agua, eliminando grasas y dep\u00f3sitos [&hellip;]<\/p>\n","protected":false},"featured_media":8562,"template":"","meta":[],"product_cat":[124,125],"product_tag":[],"class_list":["post-3041","product","type-product","status-publish","has-post-thumbnail","hentry","product_cat-complementos-para-el-lavado-manual","product_cat-bayetas"],"publishpress_future_workflow_manual_trigger":{"enabledWorkflows":[]},"_links":{"self":[{"href":"https:\/\/www.tecowash.com\/tecowash18\/wp-json\/wp\/v2\/product\/3041"}],"collection":[{"href":"https:\/\/www.tecowash.com\/tecowash18\/wp-json\/wp\/v2\/product"}],"about":[{"href":"https:\/\/www.tecowash.com\/tecowash18\/wp-json\/wp\/v2\/types\/product"}],"wp:featuredmedia":[{"embeddable":true,"href":"https:\/\/www.tecowash.com\/tecowash18\/wp-json\/wp\/v2\/media\/8562"}],"wp:attachment":[{"href":"https:\/\/www.tecowash.com\/tecowash18\/wp-json\/wp\/v2\/media?parent=3041"}],"wp:term":[{"taxonomy":"product_cat","embeddable":true,"href":"https:\/\/www.tecowash.com\/tecowash18\/wp-json\/wp\/v2\/product_cat?post=3041"},{"taxonomy":"product_tag","embeddable":true,"href":"https:\/\/www.tecowash.com\/tecowash18\/wp-json\/wp\/v2\/product_tag?post=3041"}],"curies":[{"name":"wp","href":"https:\/\/api.w.org\/{rel}","templated":true}]}}