{"id":3035,"date":"2018-06-27T15:17:05","date_gmt":"2018-06-27T13:17:05","guid":{"rendered":"http:\/\/www.tecowash.com\/?post_type=product&#038;p=3035"},"modified":"2022-02-25T09:37:29","modified_gmt":"2022-02-25T08:37:29","slug":"limpiatapicerias-steam-wave","status":"publish","type":"product","link":"https:\/\/www.tecowash.com\/tecowash18\/producto\/limpiatapicerias-steam-wave\/","title":{"rendered":"LIMPIATAPICERI\u0301AS STEAM WAVE"},"content":{"rendered":"<div class=\"page\" title=\"Page 71\">\n<div class=\"section\">\n<div class=\"layoutArea\">\n<div class=\"column\">\n<div class=\"page\" title=\"Page 71\">\n<div class=\"section\">\n<div class=\"layoutArea\">\n<div class=\"column\"><a href=\"https:\/\/www.tecowash.com\/tecowash18\/wp-content\/uploads\/2018\/06\/LIPIA_TAPICERIAS_VAPOR_tecowash_spain_feb_2022_B.pdf\" target=\"_blank\" rel=\"noopener noreferrer\"><img loading=\"lazy\" decoding=\"async\" class=\"aligncenter size-full wp-image-9010\" src=\"https:\/\/www.tecowash.com\/tecowash18\/wp-content\/uploads\/2019\/10\/pdf_logo_B.png\" alt=\"\" width=\"250\" height=\"121\" srcset=\"https:\/\/www.tecowash.com\/tecowash18\/wp-content\/uploads\/2019\/10\/pdf_logo_B.png 250w, https:\/\/www.tecowash.com\/tecowash18\/wp-content\/uploads\/2019\/10\/pdf_logo_B-24x12.png 24w, https:\/\/www.tecowash.com\/tecowash18\/wp-content\/uploads\/2019\/10\/pdf_logo_B-36x17.png 36w, https:\/\/www.tecowash.com\/tecowash18\/wp-content\/uploads\/2019\/10\/pdf_logo_B-48x23.png 48w\" sizes=\"(max-width: 250px) 100vw, 250px\" \/><\/a><\/div>\n<\/div>\n<\/div>\n<\/div>\n<p><strong><span style=\"font-size: 18pt\">LIMPIA TAPICER\u00cdAS\u00a0\u00a0<span style=\"color: #99cc00\">STEAM WAVE<\/span><\/span><\/strong><\/p>\n<p><strong>Referencia:<\/strong> VAP110INOX <strong>&#8211; Lipia Tapicerias Steam Wave.<\/strong><br \/>\nSteam Wave es una m\u00e1quina para la limpieza de veh\u00edculos que tiene un gran rendimiento que permite usarla <br \/>\ntambi\u00e9n en restaurantes, hoteles, carnicer\u00edas, comunidades y en todos los lugares en los que una limpieza extremadamente meticulosa sea necesaria. <br \/>\nSu amplia gama de accesorios permite usar Steam Wave para limpieza a vapor, aspiraci\u00f3n y para extraer suciedad de tejidos.<br \/>\nSteam Wave cumple con la normativa HACCP (DL n. 155 dtd 26\/05\/97). <br \/>\nSteam wave esta\u0301 equipada con sistema autom\u00e1tico de recarga de agua. <br \/>\nLa producci\u00f3n de vapor no tiene l\u00edmite de tiempo.<br \/>\n<strong>Ficha:<\/strong><br \/>\n<strong>Potencia:<\/strong> 230 V &#8211; 50 Hz.<br \/>\n<strong>Capacidad calderi\u0301n:<\/strong> 2,2 L.<br \/>\n<strong>Potencia calderi\u0301n:<\/strong> 900 + 900 Watt.<br \/>\n<strong>Presi\u00f3n de trabajo:<\/strong> 4, 5 bar.<br \/>\n<strong>Temperatura del vapor en calderi\u0301n:<\/strong> 140\u00b0 C. <br \/>\n<strong>Potencia aspiraci\u00f3n:<\/strong> 1.250 W. <br \/>\n<strong>Capacidad tanque Inox:<\/strong> 22 L.<br \/>\n<strong>Capacidad tanque agua:<\/strong> 8 L.<br \/>\n<strong>Peso:<\/strong> 24 Kg.<\/p>\n<\/div>\n<\/div>\n<\/div>\n<\/div>\n","protected":false},"excerpt":{"rendered":"<p>LIMPIA TAPICER\u00cdAS\u00a0\u00a0STEAM WAVE Referencia: VAP110INOX &#8211; Lipia Tapicerias Steam Wave. Steam Wave es una m\u00e1quina para la limpieza de veh\u00edculos que tiene un gran rendimiento que permite usarla tambi\u00e9n en restaurantes, hoteles, carnicer\u00edas, comunidades y en todos los lugares en los que una limpieza extremadamente meticulosa sea necesaria. Su amplia gama de accesorios permite usar [&hellip;]<\/p>\n","protected":false},"featured_media":3036,"template":"","meta":[],"product_cat":[96,157],"product_tag":[],"class_list":["post-3035","product","type-product","status-publish","has-post-thumbnail","hentry","product_cat-maquinaria-de-lavado-manual","product_cat-limpia-tapicerias"],"publishpress_future_workflow_manual_trigger":{"enabledWorkflows":[]},"_links":{"self":[{"href":"https:\/\/www.tecowash.com\/tecowash18\/wp-json\/wp\/v2\/product\/3035"}],"collection":[{"href":"https:\/\/www.tecowash.com\/tecowash18\/wp-json\/wp\/v2\/product"}],"about":[{"href":"https:\/\/www.tecowash.com\/tecowash18\/wp-json\/wp\/v2\/types\/product"}],"wp:featuredmedia":[{"embeddable":true,"href":"https:\/\/www.tecowash.com\/tecowash18\/wp-json\/wp\/v2\/media\/3036"}],"wp:attachment":[{"href":"https:\/\/www.tecowash.com\/tecowash18\/wp-json\/wp\/v2\/media?parent=3035"}],"wp:term":[{"taxonomy":"product_cat","embeddable":true,"href":"https:\/\/www.tecowash.com\/tecowash18\/wp-json\/wp\/v2\/product_cat?post=3035"},{"taxonomy":"product_tag","embeddable":true,"href":"https:\/\/www.tecowash.com\/tecowash18\/wp-json\/wp\/v2\/product_tag?post=3035"}],"curies":[{"name":"wp","href":"https:\/\/api.w.org\/{rel}","templated":true}]}}