{"id":2964,"date":"2018-06-26T16:58:56","date_gmt":"2018-06-26T14:58:56","guid":{"rendered":"http:\/\/www.tecowash.com\/?post_type=product&#038;p=2964"},"modified":"2023-04-03T12:43:29","modified_gmt":"2023-04-03T10:43:29","slug":"sapone-liquido","status":"publish","type":"product","link":"https:\/\/www.tecowash.com\/tecowash18\/producto\/sapone-liquido\/","title":{"rendered":"SAPONE L\u00cdQUIDO"},"content":{"rendered":"<div class=\"page\" title=\"Page 82\">\n<div class=\"layoutArea\">\n<div class=\"column\">\n<div class=\"page\" title=\"Page 82\">\n<p><a href=\"https:\/\/www.tecowash.com\/tecowash18\/wp-content\/uploads\/2018\/06\/DESENGRASANTE_PARA_MANOS_tecowash_spain_ABR_2023.pdf\" target=\"_blank\" rel=\"noopener noreferrer\"><img loading=\"lazy\" decoding=\"async\" class=\"aligncenter size-full wp-image-9010\" src=\"https:\/\/www.tecowash.com\/tecowash18\/wp-content\/uploads\/2019\/10\/pdf_logo_B.png\" alt=\"\" width=\"250\" height=\"121\" srcset=\"https:\/\/www.tecowash.com\/tecowash18\/wp-content\/uploads\/2019\/10\/pdf_logo_B.png 250w, https:\/\/www.tecowash.com\/tecowash18\/wp-content\/uploads\/2019\/10\/pdf_logo_B-24x12.png 24w, https:\/\/www.tecowash.com\/tecowash18\/wp-content\/uploads\/2019\/10\/pdf_logo_B-36x17.png 36w, https:\/\/www.tecowash.com\/tecowash18\/wp-content\/uploads\/2019\/10\/pdf_logo_B-48x23.png 48w\" sizes=\"(max-width: 250px) 100vw, 250px\" \/><\/a><\/p>\n<p><strong><span style=\"font-size: 18pt\"><span style=\"color: #000000\">SAPONE<\/span> <span style=\"color: #99cc00\">L\u00cdQUIDO<\/span><\/span><\/strong><\/p>\n<p><span style=\"color: #000000;font-size: 14pt\"><strong>Referencia:<\/strong> 72006 &#8211; Sapone L\u00edquido, en bidones de 25 kg.<\/span><br \/>\n<span style=\"color: #000000;font-size: 14pt\"><strong>Referencia:<\/strong> 72306 &#8211; Sapone L\u00edquido, en bidones de 5 kg.<\/span><br \/>\n<span style=\"color: #000000\">Jab\u00f3n l\u00edquido lava manos, con alto poder desengrasante, elimina de las manos residuos ferrosos, grasa, aceite, brea, tizne y tintas.<\/span><\/p>\n<p>&nbsp;<\/p>\n<\/div>\n<\/div>\n<\/div>\n<\/div>\n","protected":false},"excerpt":{"rendered":"<p>SAPONE L\u00cdQUIDO Referencia: 72006 &#8211; Sapone L\u00edquido, en bidones de 25 kg. Referencia: 72306 &#8211; Sapone L\u00edquido, en bidones de 5 kg. Jab\u00f3n l\u00edquido lava manos, con alto poder desengrasante, elimina de las manos residuos ferrosos, grasa, aceite, brea, tizne y tintas. &nbsp;<\/p>\n","protected":false},"featured_media":5778,"template":"","meta":[],"product_cat":[94,119,122],"product_tag":[],"class_list":["post-2964","product","type-product","status-publish","has-post-thumbnail","hentry","product_cat-detergentes","product_cat-detergentes-para-lavado-manual-manos","product_cat-desengrasante-para-manos"],"publishpress_future_workflow_manual_trigger":{"enabledWorkflows":[]},"_links":{"self":[{"href":"https:\/\/www.tecowash.com\/tecowash18\/wp-json\/wp\/v2\/product\/2964"}],"collection":[{"href":"https:\/\/www.tecowash.com\/tecowash18\/wp-json\/wp\/v2\/product"}],"about":[{"href":"https:\/\/www.tecowash.com\/tecowash18\/wp-json\/wp\/v2\/types\/product"}],"wp:featuredmedia":[{"embeddable":true,"href":"https:\/\/www.tecowash.com\/tecowash18\/wp-json\/wp\/v2\/media\/5778"}],"wp:attachment":[{"href":"https:\/\/www.tecowash.com\/tecowash18\/wp-json\/wp\/v2\/media?parent=2964"}],"wp:term":[{"taxonomy":"product_cat","embeddable":true,"href":"https:\/\/www.tecowash.com\/tecowash18\/wp-json\/wp\/v2\/product_cat?post=2964"},{"taxonomy":"product_tag","embeddable":true,"href":"https:\/\/www.tecowash.com\/tecowash18\/wp-json\/wp\/v2\/product_tag?post=2964"}],"curies":[{"name":"wp","href":"https:\/\/api.w.org\/{rel}","templated":true}]}}