{"id":2955,"date":"2018-06-26T16:24:47","date_gmt":"2018-06-26T14:24:47","guid":{"rendered":"http:\/\/www.tecowash.com\/?post_type=product&#038;p=2955"},"modified":"2023-04-03T12:47:54","modified_gmt":"2023-04-03T10:47:54","slug":"sundet","status":"publish","type":"product","link":"https:\/\/www.tecowash.com\/tecowash18\/producto\/sundet\/","title":{"rendered":"SUNDET"},"content":{"rendered":"<p><a href=\"https:\/\/www.tecowash.com\/tecowash18\/wp-content\/uploads\/2018\/06\/DESENGRASANTE_tecowash_spain_ABR_2023.pdf\" target=\"_blank\" rel=\"noopener noreferrer\"><img loading=\"lazy\" decoding=\"async\" class=\"aligncenter size-full wp-image-9010\" src=\"https:\/\/www.tecowash.com\/tecowash18\/wp-content\/uploads\/2019\/10\/pdf_logo_B.png\" alt=\"\" width=\"250\" height=\"121\" srcset=\"https:\/\/www.tecowash.com\/tecowash18\/wp-content\/uploads\/2019\/10\/pdf_logo_B.png 250w, https:\/\/www.tecowash.com\/tecowash18\/wp-content\/uploads\/2019\/10\/pdf_logo_B-24x12.png 24w, https:\/\/www.tecowash.com\/tecowash18\/wp-content\/uploads\/2019\/10\/pdf_logo_B-36x17.png 36w, https:\/\/www.tecowash.com\/tecowash18\/wp-content\/uploads\/2019\/10\/pdf_logo_B-48x23.png 48w\" sizes=\"(max-width: 250px) 100vw, 250px\" \/><\/a><\/p>\n<p><a href=\"https:\/\/youtu.be\/SiCz2CiN_mk\" target=\"_blank\" rel=\"noopener noreferrer\"><img loading=\"lazy\" decoding=\"async\" class=\"aligncenter size-full wp-image-11072\" src=\"https:\/\/www.tecowash.com\/tecowash18\/wp-content\/uploads\/2018\/12\/Video.png\" alt=\"\" width=\"220\" height=\"62\" srcset=\"https:\/\/www.tecowash.com\/tecowash18\/wp-content\/uploads\/2018\/12\/Video.png 220w, https:\/\/www.tecowash.com\/tecowash18\/wp-content\/uploads\/2018\/12\/Video-24x7.png 24w, https:\/\/www.tecowash.com\/tecowash18\/wp-content\/uploads\/2018\/12\/Video-36x10.png 36w, https:\/\/www.tecowash.com\/tecowash18\/wp-content\/uploads\/2018\/12\/Video-48x14.png 48w\" sizes=\"(max-width: 220px) 100vw, 220px\" \/><\/a><\/p>\n<p><span style=\"color: #000000\"><strong><span style=\"font-size: 18pt\">SUNDET<\/span><\/strong><\/span><\/p>\n<p><span style=\"color: #000000;font-size: 14pt\"><strong>Referencia:<\/strong> 70974 &#8211; Sundet, en bidones de 25 kg.<\/span><br \/>\n<span style=\"color: #000000\">Detergente de la casa Fra-Ber especial prelavado con altas caracter\u00edsticas de protecci\u00f3n y seguridad <\/span><br \/>\n<span style=\"color: #000000\">sobre pinturas; adecuado para todo tipo de condici\u00f3n ambiental, a\u00fan en presencia de elevadas temperaturas. <\/span><br \/>\n<span style=\"color: #000000\">Con alto poder defensivo, es un producto no \u00fanicamente estival, sino que puede usarse todo el a\u00f1o. <\/span><br \/>\n<span style=\"color: #000000\">Efecto abrillantador que no arruina los perfiles de aluminio. Producto \u00f3ptimo para la limpieza de motocicletas.<\/span><br \/>\n<span style=\"color: #000000\">Dosificaci\u00f3n: 2 % dosatron.<\/span><\/p>\n<p>&nbsp;<\/p>\n","protected":false},"excerpt":{"rendered":"<p>SUNDET Referencia: 70974 &#8211; Sundet, en bidones de 25 kg. Detergente de la casa Fra-Ber especial prelavado con altas caracter\u00edsticas de protecci\u00f3n y seguridad sobre pinturas; adecuado para todo tipo de condici\u00f3n ambiental, a\u00fan en presencia de elevadas temperaturas. Con alto poder defensivo, es un producto no \u00fanicamente estival, sino que puede usarse todo el [&hellip;]<\/p>\n","protected":false},"featured_media":2956,"template":"","meta":[],"product_cat":[94,119,121],"product_tag":[],"class_list":["post-2955","product","type-product","status-publish","has-post-thumbnail","hentry","product_cat-detergentes","product_cat-detergentes-para-lavado-manual-manos","product_cat-desengrasante"],"publishpress_future_workflow_manual_trigger":{"enabledWorkflows":[]},"_links":{"self":[{"href":"https:\/\/www.tecowash.com\/tecowash18\/wp-json\/wp\/v2\/product\/2955"}],"collection":[{"href":"https:\/\/www.tecowash.com\/tecowash18\/wp-json\/wp\/v2\/product"}],"about":[{"href":"https:\/\/www.tecowash.com\/tecowash18\/wp-json\/wp\/v2\/types\/product"}],"wp:featuredmedia":[{"embeddable":true,"href":"https:\/\/www.tecowash.com\/tecowash18\/wp-json\/wp\/v2\/media\/2956"}],"wp:attachment":[{"href":"https:\/\/www.tecowash.com\/tecowash18\/wp-json\/wp\/v2\/media?parent=2955"}],"wp:term":[{"taxonomy":"product_cat","embeddable":true,"href":"https:\/\/www.tecowash.com\/tecowash18\/wp-json\/wp\/v2\/product_cat?post=2955"},{"taxonomy":"product_tag","embeddable":true,"href":"https:\/\/www.tecowash.com\/tecowash18\/wp-json\/wp\/v2\/product_tag?post=2955"}],"curies":[{"name":"wp","href":"https:\/\/api.w.org\/{rel}","templated":true}]}}