{"id":2941,"date":"2018-06-26T16:01:33","date_gmt":"2018-06-26T14:01:33","guid":{"rendered":"http:\/\/www.tecowash.com\/?post_type=product&#038;p=2941"},"modified":"2023-08-07T10:54:37","modified_gmt":"2023-08-07T08:54:37","slug":"deomagic-30","status":"publish","type":"product","link":"https:\/\/www.tecowash.com\/tecowash18\/producto\/deomagic-30\/","title":{"rendered":"DEOMAGIC &#8211; 30"},"content":{"rendered":"<div class=\"page\" title=\"Page 51\">\n<div class=\"layoutArea\">\n<div class=\"column\">\n<div class=\"page\" title=\"Page 51\">\n<div class=\"layoutArea\">\n<div class=\"column\">\n<div class=\"page\" title=\"Page 51\">\n<div class=\"layoutArea\">\n<div class=\"column\">\n<div class=\"page\" title=\"Page 51\">\n<div class=\"layoutArea\">\n<p><a href=\"https:\/\/www.tecowash.com\/tecowash18\/wp-content\/uploads\/2018\/06\/ANTICONGELANTES_tecowash_spain_ABR_2023.pdf\" target=\"_blank\" rel=\"noopener noreferrer\"><img loading=\"lazy\" decoding=\"async\" class=\"aligncenter size-full wp-image-9010\" src=\"https:\/\/www.tecowash.com\/tecowash18\/wp-content\/uploads\/2019\/10\/pdf_logo_B.png\" alt=\"\" width=\"250\" height=\"121\" srcset=\"https:\/\/www.tecowash.com\/tecowash18\/wp-content\/uploads\/2019\/10\/pdf_logo_B.png 250w, https:\/\/www.tecowash.com\/tecowash18\/wp-content\/uploads\/2019\/10\/pdf_logo_B-24x12.png 24w, https:\/\/www.tecowash.com\/tecowash18\/wp-content\/uploads\/2019\/10\/pdf_logo_B-36x17.png 36w, https:\/\/www.tecowash.com\/tecowash18\/wp-content\/uploads\/2019\/10\/pdf_logo_B-48x23.png 48w\" sizes=\"(max-width: 250px) 100vw, 250px\" \/><\/a><\/p>\n<p><strong><span style=\"font-size: 18pt;\"><span style=\"color: #000000;\">DEOMAGIC<\/span> <span style=\"color: #99cc00;\">&#8211; 30<\/span><\/span><\/strong><\/p>\n<p><span style=\"color: #000000; font-size: 14pt;\">\u00a0&#8211; Deomagic -30, disponible en bidones de 25 litros.\u00a0 <span style=\"color: #ff0000;\"><strong>CONSULTAR<\/strong><\/span><\/span><br \/>\n<span style=\"color: #000000;\">Quita el calc\u00e1reo de los conductos lava cristales. <\/span><br \/>\n<span style=\"color: #000000;\">Quita el smog atmosf\u00e9rico. No se congela y no da\u00f1a las pinturas, visibilidad sin aureolas. <\/span><br \/>\n<span style=\"color: #000000;\">No da\u00f1a guarniciones ni pinturas.<\/span><br \/>\n<span style=\"color: #000000;\">Dosificaci\u00f3n: <\/span><br \/>\n<span style=\"color: #000000;\">50 %: Protecci\u00f3n hasta &#8211; 15\u00b0C<\/span><br \/>\n<span style=\"color: #000000;\">34 %: Protecci\u00f3n hasta &#8211; 8\u00b0C<\/span><br \/>\n<span style=\"color: #000000;\">PURO: Protecci\u00f3n hasta &#8211; 30\u00b0C<\/span><\/p>\n<\/div>\n<\/div>\n<\/div>\n<\/div>\n<\/div>\n<\/div>\n<\/div>\n<\/div>\n<\/div>\n<\/div>\n<\/div>\n","protected":false},"excerpt":{"rendered":"<p>DEOMAGIC &#8211; 30 \u00a0&#8211; Deomagic -30, disponible en bidones de 25 litros.\u00a0 CONSULTAR Quita el calc\u00e1reo de los conductos lava cristales. Quita el smog atmosf\u00e9rico. No se congela y no da\u00f1a las pinturas, visibilidad sin aureolas. No da\u00f1a guarniciones ni pinturas. Dosificaci\u00f3n: 50 %: Protecci\u00f3n hasta &#8211; 15\u00b0C 34 %: Protecci\u00f3n hasta &#8211; 8\u00b0C PURO: [&hellip;]<\/p>\n","protected":false},"featured_media":2942,"template":"","meta":[],"product_cat":[94,108,143,144,145,118],"product_tag":[],"class_list":["post-2941","product","type-product","status-publish","has-post-thumbnail","hentry","product_cat-detergentes","product_cat-detergentes-para-lavado-de-camiones-y-vehiculos-industriales","product_cat-anticongelantes-y-limpiaparabrisas","product_cat-anticongelantes-anticongelantes-y-limpiaparabrisas","product_cat-limpiaparabrisas","product_cat-anticongelantes"],"publishpress_future_workflow_manual_trigger":{"enabledWorkflows":[]},"_links":{"self":[{"href":"https:\/\/www.tecowash.com\/tecowash18\/wp-json\/wp\/v2\/product\/2941"}],"collection":[{"href":"https:\/\/www.tecowash.com\/tecowash18\/wp-json\/wp\/v2\/product"}],"about":[{"href":"https:\/\/www.tecowash.com\/tecowash18\/wp-json\/wp\/v2\/types\/product"}],"wp:featuredmedia":[{"embeddable":true,"href":"https:\/\/www.tecowash.com\/tecowash18\/wp-json\/wp\/v2\/media\/2942"}],"wp:attachment":[{"href":"https:\/\/www.tecowash.com\/tecowash18\/wp-json\/wp\/v2\/media?parent=2941"}],"wp:term":[{"taxonomy":"product_cat","embeddable":true,"href":"https:\/\/www.tecowash.com\/tecowash18\/wp-json\/wp\/v2\/product_cat?post=2941"},{"taxonomy":"product_tag","embeddable":true,"href":"https:\/\/www.tecowash.com\/tecowash18\/wp-json\/wp\/v2\/product_tag?post=2941"}],"curies":[{"name":"wp","href":"https:\/\/api.w.org\/{rel}","templated":true}]}}