{"id":2939,"date":"2018-06-26T15:53:08","date_gmt":"2018-06-26T13:53:08","guid":{"rendered":"http:\/\/www.tecowash.com\/?post_type=product&#038;p=2939"},"modified":"2023-08-07T10:55:54","modified_gmt":"2023-08-07T08:55:54","slug":"cristal-70","status":"publish","type":"product","link":"https:\/\/www.tecowash.com\/tecowash18\/producto\/cristal-70\/","title":{"rendered":"CRISTAL &#8211; 70"},"content":{"rendered":"<div class=\"page\" title=\"Page 51\">\n<div class=\"layoutArea\">\n<div class=\"column\">\n<div class=\"page\" title=\"Page 51\">\n<div class=\"layoutArea\">\n<div class=\"column\">\n<div class=\"page\" title=\"Page 51\">\n<div class=\"layoutArea\">\n<div class=\"column\">\n<div class=\"page\" title=\"Page 51\">\n<div class=\"layoutArea\">\n<p><a href=\"https:\/\/www.tecowash.com\/tecowash18\/wp-content\/uploads\/2018\/06\/ANTICONGELANTES_tecowash_spain_ABR_2023.pdf\" target=\"_blank\" rel=\"noopener noreferrer\"><img loading=\"lazy\" decoding=\"async\" class=\"aligncenter size-full wp-image-9010\" src=\"https:\/\/www.tecowash.com\/tecowash18\/wp-content\/uploads\/2019\/10\/pdf_logo_B.png\" alt=\"\" width=\"250\" height=\"121\" srcset=\"https:\/\/www.tecowash.com\/tecowash18\/wp-content\/uploads\/2019\/10\/pdf_logo_B.png 250w, https:\/\/www.tecowash.com\/tecowash18\/wp-content\/uploads\/2019\/10\/pdf_logo_B-24x12.png 24w, https:\/\/www.tecowash.com\/tecowash18\/wp-content\/uploads\/2019\/10\/pdf_logo_B-36x17.png 36w, https:\/\/www.tecowash.com\/tecowash18\/wp-content\/uploads\/2019\/10\/pdf_logo_B-48x23.png 48w\" sizes=\"(max-width: 250px) 100vw, 250px\" \/><\/a><\/p>\n<p><strong><span style=\"font-size: 18pt;\"><span style=\"color: #000000;\">CRISTAL<\/span> <span style=\"color: #99cc00;\">&#8211; 70<\/span><\/span><\/strong><\/p>\n<p><span style=\"color: #000000; font-size: 14pt;\">&#8211; Cristal -70\u00a0 \u00a0 \u00a0<span style=\"color: #ff0000;\"><strong>CONSULTAR<\/strong><\/span><\/span><br \/>\n<span style=\"color: #000000;\">Limpiacristales para lavar cristales en todas las estaciones, con aditivo anti calc\u00e1reo y anticongelante. <\/span><br \/>\n<span style=\"color: #000000;\">Previene de forma \u00f3ptima la formaci\u00f3n de hielo en la instalaci\u00f3n lava vidrios y del limpia lava faros. <\/span><br \/>\n<span style=\"color: #000000;\">Alto poder detergente, garantiza cristales brillantes, clara visibilidad y conducci\u00f3n segura aun en <\/span><br \/>\n<span style=\"color: #000000;\">condiciones atmosf\u00e9ricas particularmente dif\u00edciles. <\/span><br \/>\n<span style=\"color: #000000;\">Id\u00f3neo para detalles de policarbonato. <\/span><br \/>\n<span style=\"color: #000000;\">No da\u00f1a guarniciones ni pinturas. <\/span><br \/>\n<span style=\"color: #000000;\">Agradable perfume.<\/span><br \/>\n<span style=\"color: #000000;\">Dosificaci\u00f3n: <\/span><br \/>\n<span style=\"color: #000000;\">50 % : Protecci\u00f3n hasta &#8211; 30\u00b0C<\/span><br \/>\n<span style=\"color: #000000;\">25 % : Protecci\u00f3n hasta &#8211; 13\u00b0C<\/span><br \/>\n<span style=\"color: #000000;\">PURO: Protecci\u00f3n hasta &#8211; 70\u00b0C<\/span><\/p>\n<\/div>\n<\/div>\n<\/div>\n<\/div>\n<\/div>\n<\/div>\n<\/div>\n<\/div>\n<\/div>\n<\/div>\n<\/div>\n","protected":false},"excerpt":{"rendered":"<p>CRISTAL &#8211; 70 &#8211; Cristal -70\u00a0 \u00a0 \u00a0CONSULTAR Limpiacristales para lavar cristales en todas las estaciones, con aditivo anti calc\u00e1reo y anticongelante. Previene de forma \u00f3ptima la formaci\u00f3n de hielo en la instalaci\u00f3n lava vidrios y del limpia lava faros. Alto poder detergente, garantiza cristales brillantes, clara visibilidad y conducci\u00f3n segura aun en condiciones atmosf\u00e9ricas [&hellip;]<\/p>\n","protected":false},"featured_media":2940,"template":"","meta":[],"product_cat":[94,108,143,144,145,118],"product_tag":[],"class_list":["post-2939","product","type-product","status-publish","has-post-thumbnail","hentry","product_cat-detergentes","product_cat-detergentes-para-lavado-de-camiones-y-vehiculos-industriales","product_cat-anticongelantes-y-limpiaparabrisas","product_cat-anticongelantes-anticongelantes-y-limpiaparabrisas","product_cat-limpiaparabrisas","product_cat-anticongelantes"],"publishpress_future_workflow_manual_trigger":{"enabledWorkflows":[]},"_links":{"self":[{"href":"https:\/\/www.tecowash.com\/tecowash18\/wp-json\/wp\/v2\/product\/2939"}],"collection":[{"href":"https:\/\/www.tecowash.com\/tecowash18\/wp-json\/wp\/v2\/product"}],"about":[{"href":"https:\/\/www.tecowash.com\/tecowash18\/wp-json\/wp\/v2\/types\/product"}],"wp:featuredmedia":[{"embeddable":true,"href":"https:\/\/www.tecowash.com\/tecowash18\/wp-json\/wp\/v2\/media\/2940"}],"wp:attachment":[{"href":"https:\/\/www.tecowash.com\/tecowash18\/wp-json\/wp\/v2\/media?parent=2939"}],"wp:term":[{"taxonomy":"product_cat","embeddable":true,"href":"https:\/\/www.tecowash.com\/tecowash18\/wp-json\/wp\/v2\/product_cat?post=2939"},{"taxonomy":"product_tag","embeddable":true,"href":"https:\/\/www.tecowash.com\/tecowash18\/wp-json\/wp\/v2\/product_tag?post=2939"}],"curies":[{"name":"wp","href":"https:\/\/api.w.org\/{rel}","templated":true}]}}