{"id":2937,"date":"2018-06-26T14:37:17","date_gmt":"2018-06-26T12:37:17","guid":{"rendered":"http:\/\/www.tecowash.com\/?post_type=product&#038;p=2937"},"modified":"2023-08-07T10:59:27","modified_gmt":"2023-08-07T08:59:27","slug":"euroflu-pink-long-life","status":"publish","type":"product","link":"https:\/\/www.tecowash.com\/tecowash18\/producto\/euroflu-pink-long-life\/","title":{"rendered":"EUROFLU PINK LONG LIFE"},"content":{"rendered":"<p><a href=\"https:\/\/www.tecowash.com\/tecowash18\/wp-content\/uploads\/2018\/06\/ANTICONGELANTES_tecowash_spain_ABR_2023.pdf\" target=\"_blank\" rel=\"noopener noreferrer\"><img loading=\"lazy\" decoding=\"async\" class=\"aligncenter size-full wp-image-9010\" src=\"https:\/\/www.tecowash.com\/tecowash18\/wp-content\/uploads\/2019\/10\/pdf_logo_B.png\" alt=\"\" width=\"250\" height=\"121\" srcset=\"https:\/\/www.tecowash.com\/tecowash18\/wp-content\/uploads\/2019\/10\/pdf_logo_B.png 250w, https:\/\/www.tecowash.com\/tecowash18\/wp-content\/uploads\/2019\/10\/pdf_logo_B-24x12.png 24w, https:\/\/www.tecowash.com\/tecowash18\/wp-content\/uploads\/2019\/10\/pdf_logo_B-36x17.png 36w, https:\/\/www.tecowash.com\/tecowash18\/wp-content\/uploads\/2019\/10\/pdf_logo_B-48x23.png 48w\" sizes=\"(max-width: 250px) 100vw, 250px\" \/><\/a><\/p>\n<p><strong><span style=\"font-size: 18pt;\"><span style=\"color: #000000;\">EUROFLU<\/span> <span style=\"color: #99cc00;\">PINK LONG LIFE<\/span><\/span><\/strong><\/p>\n<p><span style=\"color: #000000; font-size: 14pt;\">\u00a0&#8211; Euroflu Long Life, en bidones de 25 kg.\u00a0 <span style=\"color: #ff0000;\"><strong>CONSULTAR<\/strong><\/span><\/span><br \/>\n<span style=\"color: #000000;\">Mezcla anticongelante polivalente de inhibici\u00f3n ecol\u00f3gica lista para usar para la protecci\u00f3n <\/span><br \/>\n<span style=\"color: #000000;\">contra el hielo hasta a &#8211; 40\u00b0. Exento de nitritos y aminas. <\/span><br \/>\n<span style=\"color: #000000;\">Garantiza protecci\u00f3n contra la corrosi\u00f3n. <\/span><br \/>\n<span style=\"color: #000000;\">Previene la formaci\u00f3n de incrustaciones calc\u00e1reas y de espuma. <\/span><br \/>\n<span style=\"color: #000000;\">Responde a las especificaciones de los principales constructores.<\/span><br \/>\n<span style=\"color: #000000;\">Dosificaci\u00f3n: <\/span><br \/>\n<span style=\"color: #000000;\">70% : Protecci\u00f3n hasta -20\u00b0C<\/span><br \/>\n<span style=\"color: #000000;\">50% : Protecci\u00f3n hasta -12\u00b0C<\/span><br \/>\n<span style=\"color: #000000;\">40% : Protecci\u00f3n hasta -8\u00b0C<\/span><br \/>\n<span style=\"color: #000000;\">20% : Protecci\u00f3n hasta -4\u00b0C<\/span><\/p>\n<p>&nbsp;<\/p>\n","protected":false},"excerpt":{"rendered":"<p>EUROFLU PINK LONG LIFE \u00a0&#8211; Euroflu Long Life, en bidones de 25 kg.\u00a0 CONSULTAR Mezcla anticongelante polivalente de inhibici\u00f3n ecol\u00f3gica lista para usar para la protecci\u00f3n contra el hielo hasta a &#8211; 40\u00b0. Exento de nitritos y aminas. Garantiza protecci\u00f3n contra la corrosi\u00f3n. Previene la formaci\u00f3n de incrustaciones calc\u00e1reas y de espuma. Responde a las [&hellip;]<\/p>\n","protected":false},"featured_media":2938,"template":"","meta":[],"product_cat":[94,108,118],"product_tag":[],"class_list":["post-2937","product","type-product","status-publish","has-post-thumbnail","hentry","product_cat-detergentes","product_cat-detergentes-para-lavado-de-camiones-y-vehiculos-industriales","product_cat-anticongelantes"],"publishpress_future_workflow_manual_trigger":{"enabledWorkflows":[]},"_links":{"self":[{"href":"https:\/\/www.tecowash.com\/tecowash18\/wp-json\/wp\/v2\/product\/2937"}],"collection":[{"href":"https:\/\/www.tecowash.com\/tecowash18\/wp-json\/wp\/v2\/product"}],"about":[{"href":"https:\/\/www.tecowash.com\/tecowash18\/wp-json\/wp\/v2\/types\/product"}],"wp:featuredmedia":[{"embeddable":true,"href":"https:\/\/www.tecowash.com\/tecowash18\/wp-json\/wp\/v2\/media\/2938"}],"wp:attachment":[{"href":"https:\/\/www.tecowash.com\/tecowash18\/wp-json\/wp\/v2\/media?parent=2937"}],"wp:term":[{"taxonomy":"product_cat","embeddable":true,"href":"https:\/\/www.tecowash.com\/tecowash18\/wp-json\/wp\/v2\/product_cat?post=2937"},{"taxonomy":"product_tag","embeddable":true,"href":"https:\/\/www.tecowash.com\/tecowash18\/wp-json\/wp\/v2\/product_tag?post=2937"}],"curies":[{"name":"wp","href":"https:\/\/api.w.org\/{rel}","templated":true}]}}