{"id":2934,"date":"2018-06-26T14:30:18","date_gmt":"2018-06-26T12:30:18","guid":{"rendered":"http:\/\/www.tecowash.com\/?post_type=product&#038;p=2934"},"modified":"2023-04-05T09:47:31","modified_gmt":"2023-04-05T07:47:31","slug":"motornet","status":"publish","type":"product","link":"https:\/\/www.tecowash.com\/tecowash18\/producto\/motornet\/","title":{"rendered":"MOTORNET"},"content":{"rendered":"<p><a href=\"https:\/\/www.tecowash.com\/tecowash18\/wp-content\/uploads\/2018\/06\/Detergente_LAVADOS_ESPECIFICOS_tecowash_spain_ABR_2023.pdf\" target=\"_blank\" rel=\"noopener noreferrer\"><img loading=\"lazy\" decoding=\"async\" class=\"aligncenter size-full wp-image-9010\" src=\"https:\/\/www.tecowash.com\/tecowash18\/wp-content\/uploads\/2019\/10\/pdf_logo_B.png\" alt=\"\" width=\"250\" height=\"121\" srcset=\"https:\/\/www.tecowash.com\/tecowash18\/wp-content\/uploads\/2019\/10\/pdf_logo_B.png 250w, https:\/\/www.tecowash.com\/tecowash18\/wp-content\/uploads\/2019\/10\/pdf_logo_B-24x12.png 24w, https:\/\/www.tecowash.com\/tecowash18\/wp-content\/uploads\/2019\/10\/pdf_logo_B-36x17.png 36w, https:\/\/www.tecowash.com\/tecowash18\/wp-content\/uploads\/2019\/10\/pdf_logo_B-48x23.png 48w\" sizes=\"(max-width: 250px) 100vw, 250px\" \/><\/a><\/p>\n<p><span style=\"font-size: 24px;color: #000000\"><b>MOTORNET<\/b><\/span><\/p>\n<p><span style=\"color: #000000;font-size: 14pt\"><strong>Referencia:<\/strong> 70931 &#8211; Motornet, en bidones de 25 kg.<\/span><br \/>\n<span style=\"color: #000000\">Detergente de la casa Fra-Ber con base de solvente, elimina todo tipo de suciedad, grasa, <\/span><br \/>\n<span style=\"color: #000000\">mancha de las partes del motor, bajo capo\u0301, carrocer\u00eda, etc. <\/span><br \/>\n<span style=\"color: #000000\">Optimo tambi\u00e9n como desengrasante para autom\u00f3viles nuevos.<\/span><br \/>\n<span style=\"color: #000000\">Diluci\u00f3n: Pura.<\/span><\/p>\n","protected":false},"excerpt":{"rendered":"<p>MOTORNET Referencia: 70931 &#8211; Motornet, en bidones de 25 kg. Detergente de la casa Fra-Ber con base de solvente, elimina todo tipo de suciedad, grasa, mancha de las partes del motor, bajo capo\u0301, carrocer\u00eda, etc. Optimo tambi\u00e9n como desengrasante para autom\u00f3viles nuevos. Diluci\u00f3n: Pura.<\/p>\n","protected":false},"featured_media":2935,"template":"","meta":[],"product_cat":[94,108,117],"product_tag":[],"class_list":["post-2934","product","type-product","status-publish","has-post-thumbnail","hentry","product_cat-detergentes","product_cat-detergentes-para-lavado-de-camiones-y-vehiculos-industriales","product_cat-limpiezas-especificas"],"publishpress_future_workflow_manual_trigger":{"enabledWorkflows":[]},"_links":{"self":[{"href":"https:\/\/www.tecowash.com\/tecowash18\/wp-json\/wp\/v2\/product\/2934"}],"collection":[{"href":"https:\/\/www.tecowash.com\/tecowash18\/wp-json\/wp\/v2\/product"}],"about":[{"href":"https:\/\/www.tecowash.com\/tecowash18\/wp-json\/wp\/v2\/types\/product"}],"wp:featuredmedia":[{"embeddable":true,"href":"https:\/\/www.tecowash.com\/tecowash18\/wp-json\/wp\/v2\/media\/2935"}],"wp:attachment":[{"href":"https:\/\/www.tecowash.com\/tecowash18\/wp-json\/wp\/v2\/media?parent=2934"}],"wp:term":[{"taxonomy":"product_cat","embeddable":true,"href":"https:\/\/www.tecowash.com\/tecowash18\/wp-json\/wp\/v2\/product_cat?post=2934"},{"taxonomy":"product_tag","embeddable":true,"href":"https:\/\/www.tecowash.com\/tecowash18\/wp-json\/wp\/v2\/product_tag?post=2934"}],"curies":[{"name":"wp","href":"https:\/\/api.w.org\/{rel}","templated":true}]}}