{"id":2922,"date":"2018-06-26T14:08:25","date_gmt":"2018-06-26T12:08:25","guid":{"rendered":"http:\/\/www.tecowash.com\/?post_type=product&#038;p=2922"},"modified":"2023-04-03T16:10:35","modified_gmt":"2023-04-03T14:10:35","slug":"super-allunet","status":"publish","type":"product","link":"https:\/\/www.tecowash.com\/tecowash18\/producto\/super-allunet\/","title":{"rendered":"SUPER ALLUNET"},"content":{"rendered":"<p><strong><span style=\"font-size: 18pt\"><a href=\"https:\/\/www.tecowash.com\/tecowash18\/wp-content\/uploads\/2018\/06\/LIMPIADOR_ACERO_ALUMINIO_SUPER_ALLUNET_tecowash_spain_ABR_2023.pdf\" target=\"_blank\" rel=\"noopener noreferrer\"><img loading=\"lazy\" decoding=\"async\" class=\"aligncenter size-full wp-image-9010\" src=\"https:\/\/www.tecowash.com\/tecowash18\/wp-content\/uploads\/2019\/10\/pdf_logo_B.png\" alt=\"\" width=\"250\" height=\"121\" srcset=\"https:\/\/www.tecowash.com\/tecowash18\/wp-content\/uploads\/2019\/10\/pdf_logo_B.png 250w, https:\/\/www.tecowash.com\/tecowash18\/wp-content\/uploads\/2019\/10\/pdf_logo_B-24x12.png 24w, https:\/\/www.tecowash.com\/tecowash18\/wp-content\/uploads\/2019\/10\/pdf_logo_B-36x17.png 36w, https:\/\/www.tecowash.com\/tecowash18\/wp-content\/uploads\/2019\/10\/pdf_logo_B-48x23.png 48w\" sizes=\"(max-width: 250px) 100vw, 250px\" \/><\/a><\/span><\/strong><\/p>\n<p><strong><span style=\"font-size: 18pt\"><a href=\"https:\/\/youtu.be\/AWcI6DwTgiE\" target=\"_blank\" rel=\"noopener noreferrer\"><img loading=\"lazy\" decoding=\"async\" class=\"aligncenter size-full wp-image-11072\" src=\"https:\/\/www.tecowash.com\/tecowash18\/wp-content\/uploads\/2018\/12\/Video.png\" alt=\"\" width=\"220\" height=\"62\" srcset=\"https:\/\/www.tecowash.com\/tecowash18\/wp-content\/uploads\/2018\/12\/Video.png 220w, https:\/\/www.tecowash.com\/tecowash18\/wp-content\/uploads\/2018\/12\/Video-24x7.png 24w, https:\/\/www.tecowash.com\/tecowash18\/wp-content\/uploads\/2018\/12\/Video-36x10.png 36w, https:\/\/www.tecowash.com\/tecowash18\/wp-content\/uploads\/2018\/12\/Video-48x14.png 48w\" sizes=\"(max-width: 220px) 100vw, 220px\" \/><\/a><\/span><\/strong><\/p>\n<p><strong><span style=\"font-size: 18pt\"><span style=\"color: #000000\">SUPER<\/span> <span style=\"color: #99cc00\">ALLUNET<\/span><\/span><\/strong><\/p>\n<p><span style=\"color: #000000;font-size: 14pt\"><strong>Referencia:<\/strong> 70756 Super Allunet, bidones de 25 Kg<\/span><br \/>\n<span style=\"color: #000000\">Detergente de la casa Fra-Ber concentrado de base \u00e1cida para la limpieza de superficies <\/span><br \/>\n<span style=\"color: #000000\">de acero INOX y aluminio: Cubas, plataformas de aluminio, transporte de animales, etc.<\/span><br \/>\n<span style=\"color: #000000\">Dosificaci\u00f3n: 4% en sistemas de pulverizaci\u00f3n<\/span><br \/>\n<span style=\"color: #000000\">Diluci\u00f3n: 1: 5 &#8211; 1: 10 para limpieza de mamparas de cristal o pl\u00e1sticas.<\/span><\/p>\n<p>&nbsp;<\/p>\n","protected":false},"excerpt":{"rendered":"<p>SUPER ALLUNET Referencia: 70756 Super Allunet, bidones de 25 Kg Detergente de la casa Fra-Ber concentrado de base \u00e1cida para la limpieza de superficies de acero INOX y aluminio: Cubas, plataformas de aluminio, transporte de animales, etc. Dosificaci\u00f3n: 4% en sistemas de pulverizaci\u00f3n Diluci\u00f3n: 1: 5 &#8211; 1: 10 para limpieza de mamparas de cristal [&hellip;]<\/p>\n","protected":false},"featured_media":2923,"template":"","meta":[],"product_cat":[94,152,116],"product_tag":[],"class_list":["post-2922","product","type-product","status-publish","has-post-thumbnail","hentry","product_cat-detergentes","product_cat-detergentes-para-mantenimiento-y-limpieza-de-instalaciones-y-depuradoras","product_cat-limpiador-de-acero-y-aluminio"],"publishpress_future_workflow_manual_trigger":{"enabledWorkflows":[]},"_links":{"self":[{"href":"https:\/\/www.tecowash.com\/tecowash18\/wp-json\/wp\/v2\/product\/2922"}],"collection":[{"href":"https:\/\/www.tecowash.com\/tecowash18\/wp-json\/wp\/v2\/product"}],"about":[{"href":"https:\/\/www.tecowash.com\/tecowash18\/wp-json\/wp\/v2\/types\/product"}],"wp:featuredmedia":[{"embeddable":true,"href":"https:\/\/www.tecowash.com\/tecowash18\/wp-json\/wp\/v2\/media\/2923"}],"wp:attachment":[{"href":"https:\/\/www.tecowash.com\/tecowash18\/wp-json\/wp\/v2\/media?parent=2922"}],"wp:term":[{"taxonomy":"product_cat","embeddable":true,"href":"https:\/\/www.tecowash.com\/tecowash18\/wp-json\/wp\/v2\/product_cat?post=2922"},{"taxonomy":"product_tag","embeddable":true,"href":"https:\/\/www.tecowash.com\/tecowash18\/wp-json\/wp\/v2\/product_tag?post=2922"}],"curies":[{"name":"wp","href":"https:\/\/api.w.org\/{rel}","templated":true}]}}