{"id":2906,"date":"2018-06-25T16:39:51","date_gmt":"2018-06-25T14:39:51","guid":{"rendered":"http:\/\/www.tecowash.com\/?post_type=product&#038;p=2906"},"modified":"2023-04-05T09:46:57","modified_gmt":"2023-04-05T07:46:57","slug":"blanc-x3-mousse","status":"publish","type":"product","link":"https:\/\/www.tecowash.com\/tecowash18\/producto\/blanc-x3-mousse\/","title":{"rendered":"BLANC X3 MOUSSE"},"content":{"rendered":"<p><a href=\"https:\/\/www.tecowash.com\/tecowash18\/wp-content\/uploads\/2018\/06\/Detergente_LAVADOS_ESPECIFICOS_tecowash_spain_ABR_2023.pdf\" target=\"_blank\" rel=\"noopener noreferrer\"><img loading=\"lazy\" decoding=\"async\" class=\"aligncenter size-full wp-image-9010\" src=\"https:\/\/www.tecowash.com\/tecowash18\/wp-content\/uploads\/2019\/10\/pdf_logo_B.png\" alt=\"\" width=\"250\" height=\"121\" srcset=\"https:\/\/www.tecowash.com\/tecowash18\/wp-content\/uploads\/2019\/10\/pdf_logo_B.png 250w, https:\/\/www.tecowash.com\/tecowash18\/wp-content\/uploads\/2019\/10\/pdf_logo_B-24x12.png 24w, https:\/\/www.tecowash.com\/tecowash18\/wp-content\/uploads\/2019\/10\/pdf_logo_B-36x17.png 36w, https:\/\/www.tecowash.com\/tecowash18\/wp-content\/uploads\/2019\/10\/pdf_logo_B-48x23.png 48w\" sizes=\"(max-width: 250px) 100vw, 250px\" \/><\/a><\/p>\n<p><strong><span style=\"font-size: 18pt\"><span style=\"color: #000000\">BLANC<\/span> <span style=\"color: #99cc00\">X3 MOUSSE<\/span><\/span><\/strong><\/p>\n<p><span style=\"color: #000000;font-size: 14pt\"><strong>Referencia:<\/strong> 76917 &#8211; Blanc X3 Mousse, en bidones de 25 kg.<\/span><br \/>\n<span style=\"color: #000000\">Detergente de la casa Fra-Ber espumoso, muy alcalino con efecto desinfectante. <\/span><br \/>\n<span style=\"color: #000000\">Eficiente desinfectante para interior de cajas frigor\u00edficas de la industria alimentaria <\/span><br \/>\n<span style=\"color: #000000\">(industria l\u00e1ctea, procesamiento de pescados, carnes, f\u00e1bricas de cerveza sin alcohol, gallineros). <\/span><br \/>\n<span style=\"color: #000000\">Para el lavado a baja presi\u00f3n, con lanza de espuma y cepillos. <\/span><br \/>\n<span style=\"color: #000000\">Adecuado para todas las superficies alcalino-resistentes <\/span><br \/>\n<span style=\"color: #000000\">y suelos, emulsiona las grasas y elimina la suciedad proteica. <\/span><br \/>\n<span style=\"color: #000000\">Contiene desinfectante y componentes espumosos.<\/span><br \/>\n<span style=\"color: #000000\">Modo de uso: Util\u00edcelo diluido en agua y enjuague con agua tibia, la espuma se elimina f\u00e1cilmente, <\/span><br \/>\n<span style=\"color: #000000\">garantizando econom\u00eda en el enjuague. <\/span><br \/>\n<span style=\"color: #000000\">La soluci\u00f3n concentrada provoca oscurecimientos en el aluminio. <\/span><br \/>\n<span style=\"color: #000000\">Dosificaci\u00f3n: 0,5 % &#8211; 1 %.<\/span><\/p>\n<p>&nbsp;<\/p>\n","protected":false},"excerpt":{"rendered":"<p>BLANC X3 MOUSSE Referencia: 76917 &#8211; Blanc X3 Mousse, en bidones de 25 kg. Detergente de la casa Fra-Ber espumoso, muy alcalino con efecto desinfectante. Eficiente desinfectante para interior de cajas frigor\u00edficas de la industria alimentaria (industria l\u00e1ctea, procesamiento de pescados, carnes, f\u00e1bricas de cerveza sin alcohol, gallineros). Para el lavado a baja presi\u00f3n, con [&hellip;]<\/p>\n","protected":false},"featured_media":5767,"template":"","meta":[],"product_cat":[94,107,108,117],"product_tag":[],"class_list":["post-2906","product","type-product","status-publish","has-post-thumbnail","hentry","product_cat-detergentes","product_cat-detergentes-para-lavado-de-camiones","product_cat-detergentes-para-lavado-de-camiones-y-vehiculos-industriales","product_cat-limpiezas-especificas"],"publishpress_future_workflow_manual_trigger":{"enabledWorkflows":[]},"_links":{"self":[{"href":"https:\/\/www.tecowash.com\/tecowash18\/wp-json\/wp\/v2\/product\/2906"}],"collection":[{"href":"https:\/\/www.tecowash.com\/tecowash18\/wp-json\/wp\/v2\/product"}],"about":[{"href":"https:\/\/www.tecowash.com\/tecowash18\/wp-json\/wp\/v2\/types\/product"}],"wp:featuredmedia":[{"embeddable":true,"href":"https:\/\/www.tecowash.com\/tecowash18\/wp-json\/wp\/v2\/media\/5767"}],"wp:attachment":[{"href":"https:\/\/www.tecowash.com\/tecowash18\/wp-json\/wp\/v2\/media?parent=2906"}],"wp:term":[{"taxonomy":"product_cat","embeddable":true,"href":"https:\/\/www.tecowash.com\/tecowash18\/wp-json\/wp\/v2\/product_cat?post=2906"},{"taxonomy":"product_tag","embeddable":true,"href":"https:\/\/www.tecowash.com\/tecowash18\/wp-json\/wp\/v2\/product_tag?post=2906"}],"curies":[{"name":"wp","href":"https:\/\/api.w.org\/{rel}","templated":true}]}}