{"id":2893,"date":"2018-06-25T15:45:10","date_gmt":"2018-06-25T13:45:10","guid":{"rendered":"http:\/\/www.tecowash.com\/?post_type=product&#038;p=2893"},"modified":"2023-04-03T15:27:43","modified_gmt":"2023-04-03T13:27:43","slug":"super-box-polvo-9220","status":"publish","type":"product","link":"https:\/\/www.tecowash.com\/tecowash18\/producto\/super-box-polvo-9220\/","title":{"rendered":"SUPER BOX POLVO V-9220"},"content":{"rendered":"<p><a href=\"https:\/\/www.tecowash.com\/tecowash18\/wp-content\/uploads\/2018\/06\/Detergentes_LAVADO_ALTA_BAJA_PRESION_tecowash_spain_ABR_2023.pdf\" target=\"_blank\" rel=\"noopener noreferrer\"><img loading=\"lazy\" decoding=\"async\" class=\"aligncenter size-full wp-image-9010\" src=\"https:\/\/www.tecowash.com\/tecowash18\/wp-content\/uploads\/2019\/10\/pdf_logo_B.png\" alt=\"\" width=\"250\" height=\"121\" srcset=\"https:\/\/www.tecowash.com\/tecowash18\/wp-content\/uploads\/2019\/10\/pdf_logo_B.png 250w, https:\/\/www.tecowash.com\/tecowash18\/wp-content\/uploads\/2019\/10\/pdf_logo_B-24x12.png 24w, https:\/\/www.tecowash.com\/tecowash18\/wp-content\/uploads\/2019\/10\/pdf_logo_B-36x17.png 36w, https:\/\/www.tecowash.com\/tecowash18\/wp-content\/uploads\/2019\/10\/pdf_logo_B-48x23.png 48w\" sizes=\"(max-width: 250px) 100vw, 250px\" \/><\/a><\/p>\n<p><a href=\"https:\/\/youtu.be\/UfSgm-jZX2o\" target=\"_blank\" rel=\"noopener noreferrer\"><img loading=\"lazy\" decoding=\"async\" class=\"aligncenter size-full wp-image-11072\" src=\"https:\/\/www.tecowash.com\/tecowash18\/wp-content\/uploads\/2018\/12\/Video.png\" alt=\"\" width=\"220\" height=\"62\" srcset=\"https:\/\/www.tecowash.com\/tecowash18\/wp-content\/uploads\/2018\/12\/Video.png 220w, https:\/\/www.tecowash.com\/tecowash18\/wp-content\/uploads\/2018\/12\/Video-24x7.png 24w, https:\/\/www.tecowash.com\/tecowash18\/wp-content\/uploads\/2018\/12\/Video-36x10.png 36w, https:\/\/www.tecowash.com\/tecowash18\/wp-content\/uploads\/2018\/12\/Video-48x14.png 48w\" sizes=\"(max-width: 220px) 100vw, 220px\" \/><\/a><\/p>\n<p><strong><span style=\"font-size: 18pt\"><span style=\"color: #000000\">SUPER BOX<\/span> <span style=\"color: #99cc00\">POLVO V 9220<\/span><\/span><\/strong><\/p>\n<p><span style=\"color: #000000;font-size: 14pt\"><strong>Referencia:<\/strong> V-9220 &#8211; Box Polvo 9220, en sacos de 25 kg.<\/span><br \/>\n<span style=\"color: #000000\">Detergente en polvo. Se disuelve bien y no deja residuos en la m\u00e1quina. No emboza ni apelmaza. <\/span><br \/>\n<span style=\"color: #000000\">Limpia llantas, carrocer\u00edas y mosquitos con perfume Fresa.<\/span><br \/>\n<span style=\"color: #000000\">Dosificaci\u00f3n Autom\u00e1tica: 15 gr.<\/span><\/p>\n<p>&nbsp;<\/p>\n","protected":false},"excerpt":{"rendered":"<p>SUPER BOX POLVO V 9220 Referencia: V-9220 &#8211; Box Polvo 9220, en sacos de 25 kg. Detergente en polvo. Se disuelve bien y no deja residuos en la m\u00e1quina. No emboza ni apelmaza. Limpia llantas, carrocer\u00edas y mosquitos con perfume Fresa. Dosificaci\u00f3n Autom\u00e1tica: 15 gr. &nbsp;<\/p>\n","protected":false},"featured_media":5670,"template":"","meta":[],"product_cat":[94,98,105],"product_tag":[],"class_list":["post-2893","product","type-product","status-publish","has-post-thumbnail","hentry","product_cat-detergentes","product_cat-detergentes-par-box-autoservicio-alta-y-baja-presion","product_cat-lavado"],"publishpress_future_workflow_manual_trigger":{"enabledWorkflows":[]},"_links":{"self":[{"href":"https:\/\/www.tecowash.com\/tecowash18\/wp-json\/wp\/v2\/product\/2893"}],"collection":[{"href":"https:\/\/www.tecowash.com\/tecowash18\/wp-json\/wp\/v2\/product"}],"about":[{"href":"https:\/\/www.tecowash.com\/tecowash18\/wp-json\/wp\/v2\/types\/product"}],"wp:featuredmedia":[{"embeddable":true,"href":"https:\/\/www.tecowash.com\/tecowash18\/wp-json\/wp\/v2\/media\/5670"}],"wp:attachment":[{"href":"https:\/\/www.tecowash.com\/tecowash18\/wp-json\/wp\/v2\/media?parent=2893"}],"wp:term":[{"taxonomy":"product_cat","embeddable":true,"href":"https:\/\/www.tecowash.com\/tecowash18\/wp-json\/wp\/v2\/product_cat?post=2893"},{"taxonomy":"product_tag","embeddable":true,"href":"https:\/\/www.tecowash.com\/tecowash18\/wp-json\/wp\/v2\/product_tag?post=2893"}],"curies":[{"name":"wp","href":"https:\/\/api.w.org\/{rel}","templated":true}]}}