{"id":2884,"date":"2018-06-25T15:29:35","date_gmt":"2018-06-25T13:29:35","guid":{"rendered":"http:\/\/www.tecowash.com\/?post_type=product&#038;p=2884"},"modified":"2023-04-05T09:30:53","modified_gmt":"2023-04-05T07:30:53","slug":"poker-2","status":"publish","type":"product","link":"https:\/\/www.tecowash.com\/tecowash18\/producto\/poker-2\/","title":{"rendered":"POKER"},"content":{"rendered":"<p><a href=\"https:\/\/www.tecowash.com\/tecowash18\/wp-content\/uploads\/2018\/06\/Detergentes_POKER_tecowash_spain_ABR_2023.pdf\" target=\"_blank\" rel=\"noopener noreferrer\"><img loading=\"lazy\" decoding=\"async\" class=\"aligncenter size-full wp-image-9010\" src=\"https:\/\/www.tecowash.com\/tecowash18\/wp-content\/uploads\/2019\/10\/pdf_logo_B.png\" alt=\"\" width=\"250\" height=\"121\" srcset=\"https:\/\/www.tecowash.com\/tecowash18\/wp-content\/uploads\/2019\/10\/pdf_logo_B.png 250w, https:\/\/www.tecowash.com\/tecowash18\/wp-content\/uploads\/2019\/10\/pdf_logo_B-24x12.png 24w, https:\/\/www.tecowash.com\/tecowash18\/wp-content\/uploads\/2019\/10\/pdf_logo_B-36x17.png 36w, https:\/\/www.tecowash.com\/tecowash18\/wp-content\/uploads\/2019\/10\/pdf_logo_B-48x23.png 48w\" sizes=\"(max-width: 250px) 100vw, 250px\" \/><\/a><\/p>\n<p><a href=\"https:\/\/youtu.be\/hMT_XT1YV40\" target=\"_blank\" rel=\"noopener noreferrer\"><img loading=\"lazy\" decoding=\"async\" class=\"aligncenter size-full wp-image-11072\" src=\"https:\/\/www.tecowash.com\/tecowash18\/wp-content\/uploads\/2018\/12\/Video.png\" alt=\"\" width=\"220\" height=\"62\" srcset=\"https:\/\/www.tecowash.com\/tecowash18\/wp-content\/uploads\/2018\/12\/Video.png 220w, https:\/\/www.tecowash.com\/tecowash18\/wp-content\/uploads\/2018\/12\/Video-24x7.png 24w, https:\/\/www.tecowash.com\/tecowash18\/wp-content\/uploads\/2018\/12\/Video-36x10.png 36w, https:\/\/www.tecowash.com\/tecowash18\/wp-content\/uploads\/2018\/12\/Video-48x14.png 48w\" sizes=\"(max-width: 220px) 100vw, 220px\" \/><\/a><\/p>\n<p><span style=\"color: #000000\"><strong><span style=\"font-size: 18pt\">POKER<\/span><\/strong><\/span><\/p>\n<p><span style=\"color: #000000;font-size: 14pt\"><strong>Referencia<\/strong>: 70942 &#8211; POKER, en bidones de 25 kg.<\/span><br \/>\n<span style=\"color: #000000;font-size: 14pt\"><strong>Referencia:<\/strong> 72456 &#8211; POKER, en bidones de 220 kg.<\/span><br \/>\n<span style=\"color: #000000\">Detergente de la casa Fra-Ber de prelavado concentrado espumoso. <\/span><br \/>\n<span style=\"color: #000000\">Espec\u00edfico para eliminar el Traffic film y suciedad persistente. <\/span><br \/>\n<span style=\"color: #000000\">Alto rendimiento para autom\u00f3viles, camiones y veh\u00edculos industriales. <\/span><br \/>\n<span style=\"color: #000000\">\u00d3ptima relaci\u00f3n calidad\/precio. Ideal para pistas de lavado autoservicio.<\/span><br \/>\n<span style=\"color: #000000\"><strong>Manual o Central Pulverizadora:<\/strong> 2 &#8211; 5 % carrocer\u00eda. Autom\u00e1tico: 10 ml &#8211; 20 ml\/puente de lavado. Boxes: 10 ml-20 ml.<\/span><\/p>\n<p>&nbsp;<\/p>\n","protected":false},"excerpt":{"rendered":"<p>POKER Referencia: 70942 &#8211; POKER, en bidones de 25 kg. Referencia: 72456 &#8211; POKER, en bidones de 220 kg. Detergente de la casa Fra-Ber de prelavado concentrado espumoso. Espec\u00edfico para eliminar el Traffic film y suciedad persistente. Alto rendimiento para autom\u00f3viles, camiones y veh\u00edculos industriales. \u00d3ptima relaci\u00f3n calidad\/precio. Ideal para pistas de lavado autoservicio. Manual [&hellip;]<\/p>\n","protected":false},"featured_media":5768,"template":"","meta":[],"product_cat":[94,98,107,108,105,110],"product_tag":[],"class_list":["post-2884","product","type-product","status-publish","has-post-thumbnail","hentry","product_cat-detergentes","product_cat-detergentes-par-box-autoservicio-alta-y-baja-presion","product_cat-detergentes-para-lavado-de-camiones","product_cat-detergentes-para-lavado-de-camiones-y-vehiculos-industriales","product_cat-lavado","product_cat-limpiador-de-carrocerias-normal"],"publishpress_future_workflow_manual_trigger":{"enabledWorkflows":[]},"_links":{"self":[{"href":"https:\/\/www.tecowash.com\/tecowash18\/wp-json\/wp\/v2\/product\/2884"}],"collection":[{"href":"https:\/\/www.tecowash.com\/tecowash18\/wp-json\/wp\/v2\/product"}],"about":[{"href":"https:\/\/www.tecowash.com\/tecowash18\/wp-json\/wp\/v2\/types\/product"}],"wp:featuredmedia":[{"embeddable":true,"href":"https:\/\/www.tecowash.com\/tecowash18\/wp-json\/wp\/v2\/media\/5768"}],"wp:attachment":[{"href":"https:\/\/www.tecowash.com\/tecowash18\/wp-json\/wp\/v2\/media?parent=2884"}],"wp:term":[{"taxonomy":"product_cat","embeddable":true,"href":"https:\/\/www.tecowash.com\/tecowash18\/wp-json\/wp\/v2\/product_cat?post=2884"},{"taxonomy":"product_tag","embeddable":true,"href":"https:\/\/www.tecowash.com\/tecowash18\/wp-json\/wp\/v2\/product_tag?post=2884"}],"curies":[{"name":"wp","href":"https:\/\/api.w.org\/{rel}","templated":true}]}}