{"id":2869,"date":"2018-06-21T17:36:56","date_gmt":"2018-06-21T15:36:56","guid":{"rendered":"http:\/\/www.tecowash.com\/?post_type=product&#038;p=2869"},"modified":"2023-04-05T09:09:01","modified_gmt":"2023-04-05T07:09:01","slug":"cera-brillant-uv","status":"publish","type":"product","link":"https:\/\/www.tecowash.com\/tecowash18\/producto\/cera-brillant-uv\/","title":{"rendered":"CERA BRILLIANT UV"},"content":{"rendered":"<p><a href=\"https:\/\/www.tecowash.com\/tecowash18\/wp-content\/uploads\/2018\/06\/Detergentes_SECADO_CERAS_tecowash_spain_ABR_2023.pdf\" target=\"_blank\" rel=\"noopener noreferrer\"><img loading=\"lazy\" decoding=\"async\" class=\"aligncenter size-full wp-image-9010\" src=\"https:\/\/www.tecowash.com\/tecowash18\/wp-content\/uploads\/2019\/10\/pdf_logo_B.png\" alt=\"\" width=\"250\" height=\"121\" srcset=\"https:\/\/www.tecowash.com\/tecowash18\/wp-content\/uploads\/2019\/10\/pdf_logo_B.png 250w, https:\/\/www.tecowash.com\/tecowash18\/wp-content\/uploads\/2019\/10\/pdf_logo_B-24x12.png 24w, https:\/\/www.tecowash.com\/tecowash18\/wp-content\/uploads\/2019\/10\/pdf_logo_B-36x17.png 36w, https:\/\/www.tecowash.com\/tecowash18\/wp-content\/uploads\/2019\/10\/pdf_logo_B-48x23.png 48w\" sizes=\"(max-width: 250px) 100vw, 250px\" \/><\/a><\/p>\n<p><a href=\"https:\/\/youtu.be\/tpP8OULdUSA\" target=\"_blank\" rel=\"noopener noreferrer\"><img loading=\"lazy\" decoding=\"async\" class=\"aligncenter size-full wp-image-11072\" src=\"https:\/\/www.tecowash.com\/tecowash18\/wp-content\/uploads\/2018\/12\/Video.png\" alt=\"\" width=\"220\" height=\"62\" srcset=\"https:\/\/www.tecowash.com\/tecowash18\/wp-content\/uploads\/2018\/12\/Video.png 220w, https:\/\/www.tecowash.com\/tecowash18\/wp-content\/uploads\/2018\/12\/Video-24x7.png 24w, https:\/\/www.tecowash.com\/tecowash18\/wp-content\/uploads\/2018\/12\/Video-36x10.png 36w, https:\/\/www.tecowash.com\/tecowash18\/wp-content\/uploads\/2018\/12\/Video-48x14.png 48w\" sizes=\"(max-width: 220px) 100vw, 220px\" \/><\/a><\/p>\n<p><strong><span style=\"font-size: 18pt\"><span style=\"color: #000000\">CERA<\/span> <span style=\"color: #99cc00\">BRILLIANT UV<\/span><\/span><\/strong><\/p>\n<p><span style=\"color: #000000;font-size: 14pt\"><strong>Referencia:<\/strong> 74383 &#8211; CERA BRILLIANT UV, en bidones de 25 litros.<\/span><br \/>\n<span style=\"color: #000000\">Cera de la casa Fra-Ber abrillantadora de efecto polish. Tiene un acabado r\u00e1pido, brillante e hidr\u00f3fugo. <\/span><br \/>\n<span style=\"color: #000000\">Est\u00e1 especialmente indicada para quienes desean pinturas con \u201cefecto espejo\u201d, superficies sedosas y pl\u00e1sticos relucientes. <\/span><br \/>\n<span style=\"color: #000000\">No posee aceites minerales ni hidrocarburos.<\/span><br \/>\n<span style=\"color: #000000\">Dosificaci\u00f3n Autom\u00e1tica: 15- 20 ml.<\/span><\/p>\n<p>&nbsp;<\/p>\n","protected":false},"excerpt":{"rendered":"<p>CERA BRILLIANT UV Referencia: 74383 &#8211; CERA BRILLIANT UV, en bidones de 25 litros. Cera de la casa Fra-Ber abrillantadora de efecto polish. Tiene un acabado r\u00e1pido, brillante e hidr\u00f3fugo. Est\u00e1 especialmente indicada para quienes desean pinturas con \u201cefecto espejo\u201d, superficies sedosas y pl\u00e1sticos relucientes. No posee aceites minerales ni hidrocarburos. Dosificaci\u00f3n Autom\u00e1tica: 15- 20 [&hellip;]<\/p>\n","protected":false},"featured_media":5752,"template":"","meta":[],"product_cat":[94,95,103],"product_tag":[],"class_list":["post-2869","product","type-product","status-publish","has-post-thumbnail","hentry","product_cat-detergentes","product_cat-detergentes-para-tuneles-y-puentes-de-lavado","product_cat-secado"],"publishpress_future_workflow_manual_trigger":{"enabledWorkflows":[]},"_links":{"self":[{"href":"https:\/\/www.tecowash.com\/tecowash18\/wp-json\/wp\/v2\/product\/2869"}],"collection":[{"href":"https:\/\/www.tecowash.com\/tecowash18\/wp-json\/wp\/v2\/product"}],"about":[{"href":"https:\/\/www.tecowash.com\/tecowash18\/wp-json\/wp\/v2\/types\/product"}],"wp:featuredmedia":[{"embeddable":true,"href":"https:\/\/www.tecowash.com\/tecowash18\/wp-json\/wp\/v2\/media\/5752"}],"wp:attachment":[{"href":"https:\/\/www.tecowash.com\/tecowash18\/wp-json\/wp\/v2\/media?parent=2869"}],"wp:term":[{"taxonomy":"product_cat","embeddable":true,"href":"https:\/\/www.tecowash.com\/tecowash18\/wp-json\/wp\/v2\/product_cat?post=2869"},{"taxonomy":"product_tag","embeddable":true,"href":"https:\/\/www.tecowash.com\/tecowash18\/wp-json\/wp\/v2\/product_tag?post=2869"}],"curies":[{"name":"wp","href":"https:\/\/api.w.org\/{rel}","templated":true}]}}