{"id":2852,"date":"2018-06-21T17:06:32","date_gmt":"2018-06-21T15:06:32","guid":{"rendered":"http:\/\/www.tecowash.com\/?post_type=product&#038;p=2852"},"modified":"2023-04-03T12:51:52","modified_gmt":"2023-04-03T10:51:52","slug":"lustrawax","status":"publish","type":"product","link":"https:\/\/www.tecowash.com\/tecowash18\/producto\/lustrawax\/","title":{"rendered":"LUSTRAWAX"},"content":{"rendered":"<p><a href=\"https:\/\/www.tecowash.com\/tecowash18\/wp-content\/uploads\/2018\/06\/Detergentes_ABRILLANTADO_teowash_spain_ABR_2023.pdf\" target=\"_blank\" rel=\"noopener noreferrer\"><img loading=\"lazy\" decoding=\"async\" class=\"aligncenter size-full wp-image-9010\" src=\"https:\/\/www.tecowash.com\/tecowash18\/wp-content\/uploads\/2019\/10\/pdf_logo_B.png\" alt=\"\" width=\"250\" height=\"121\" srcset=\"https:\/\/www.tecowash.com\/tecowash18\/wp-content\/uploads\/2019\/10\/pdf_logo_B.png 250w, https:\/\/www.tecowash.com\/tecowash18\/wp-content\/uploads\/2019\/10\/pdf_logo_B-24x12.png 24w, https:\/\/www.tecowash.com\/tecowash18\/wp-content\/uploads\/2019\/10\/pdf_logo_B-36x17.png 36w, https:\/\/www.tecowash.com\/tecowash18\/wp-content\/uploads\/2019\/10\/pdf_logo_B-48x23.png 48w\" sizes=\"(max-width: 250px) 100vw, 250px\" \/><\/a><\/p>\n<p><a href=\"https:\/\/youtu.be\/fvYOmowxgzI\" target=\"_blank\" rel=\"noopener noreferrer\"><img loading=\"lazy\" decoding=\"async\" class=\"aligncenter size-full wp-image-11072\" src=\"https:\/\/www.tecowash.com\/tecowash18\/wp-content\/uploads\/2018\/12\/Video.png\" alt=\"\" width=\"220\" height=\"62\" srcset=\"https:\/\/www.tecowash.com\/tecowash18\/wp-content\/uploads\/2018\/12\/Video.png 220w, https:\/\/www.tecowash.com\/tecowash18\/wp-content\/uploads\/2018\/12\/Video-24x7.png 24w, https:\/\/www.tecowash.com\/tecowash18\/wp-content\/uploads\/2018\/12\/Video-36x10.png 36w, https:\/\/www.tecowash.com\/tecowash18\/wp-content\/uploads\/2018\/12\/Video-48x14.png 48w\" sizes=\"(max-width: 220px) 100vw, 220px\" \/><\/a><\/p>\n<p><span style=\"font-size: 18pt;color: #000000\"><strong>LUSTRAWAX S<\/strong><\/span><\/p>\n<p><span style=\"color: #000000;font-size: 14pt\"><strong>Referencia:<\/strong> 70927 &#8211; LUSTRAWAX S, en bidones de 25 litros.<\/span><br \/>\n<span style=\"color: #000000\">Polish especial y \u00fanico en su tipo. Usado puro sobre un veh\u00edculo con la pintura deteriorada u opaca, <\/span><br \/>\n<span style=\"color: #000000\">forma una pel\u00edcula transparente y brillante que dura un a\u00f1o, resistente a cualquier tipo de lavado. <\/span><br \/>\n<span style=\"color: #000000\">Se usa en la instalaci\u00f3n en lugar del champ\u00fa para cepillos. El resultado es una pel\u00edcula, con todas <\/span><br \/>\n<span style=\"color: #000000\">las ventajas imaginables. Protege del or\u00edn y contra todos los agentes atmosf\u00e9ricos que puedan da\u00f1ar <\/span><br \/>\n<span style=\"color: #000000\">las pinturas, incluyendo los detergentes muy alcalinos usados en el prelavado. <\/span><\/p>\n<p><strong><span style=\"color: #000000\">Dosis:<\/span><\/strong><br \/>\n<span style=\"color: #000000\"><strong>Manual:<\/strong> puro &#8211; 1:25 (100-4%)<\/span><br \/>\n<span style=\"color: #000000\"><strong>Autom\u00e1tico:<\/strong> 3 &#8211; 10 ml \/ auto<\/span><\/p>\n<p>&nbsp;<\/p>\n","protected":false},"excerpt":{"rendered":"<p>LUSTRAWAX S Referencia: 70927 &#8211; LUSTRAWAX S, en bidones de 25 litros. Polish especial y \u00fanico en su tipo. Usado puro sobre un veh\u00edculo con la pintura deteriorada u opaca, forma una pel\u00edcula transparente y brillante que dura un a\u00f1o, resistente a cualquier tipo de lavado. Se usa en la instalaci\u00f3n en lugar del champ\u00fa [&hellip;]<\/p>\n","protected":false},"featured_media":17077,"template":"","meta":[],"product_cat":[94,95,135,102],"product_tag":[],"class_list":["post-2852","product","type-product","status-publish","has-post-thumbnail","hentry","product_cat-detergentes","product_cat-detergentes-para-tuneles-y-puentes-de-lavado","product_cat-detergentes-tratamientos-especiales","product_cat-abrillantado"],"publishpress_future_workflow_manual_trigger":{"enabledWorkflows":[]},"_links":{"self":[{"href":"https:\/\/www.tecowash.com\/tecowash18\/wp-json\/wp\/v2\/product\/2852"}],"collection":[{"href":"https:\/\/www.tecowash.com\/tecowash18\/wp-json\/wp\/v2\/product"}],"about":[{"href":"https:\/\/www.tecowash.com\/tecowash18\/wp-json\/wp\/v2\/types\/product"}],"wp:featuredmedia":[{"embeddable":true,"href":"https:\/\/www.tecowash.com\/tecowash18\/wp-json\/wp\/v2\/media\/17077"}],"wp:attachment":[{"href":"https:\/\/www.tecowash.com\/tecowash18\/wp-json\/wp\/v2\/media?parent=2852"}],"wp:term":[{"taxonomy":"product_cat","embeddable":true,"href":"https:\/\/www.tecowash.com\/tecowash18\/wp-json\/wp\/v2\/product_cat?post=2852"},{"taxonomy":"product_tag","embeddable":true,"href":"https:\/\/www.tecowash.com\/tecowash18\/wp-json\/wp\/v2\/product_tag?post=2852"}],"curies":[{"name":"wp","href":"https:\/\/api.w.org\/{rel}","templated":true}]}}