{"id":2847,"date":"2018-06-21T16:57:44","date_gmt":"2018-06-21T14:57:44","guid":{"rendered":"http:\/\/www.tecowash.com\/?post_type=product&#038;p=2847"},"modified":"2023-04-03T15:16:54","modified_gmt":"2023-04-03T13:16:54","slug":"super-polish-precera-schiuma","status":"publish","type":"product","link":"https:\/\/www.tecowash.com\/tecowash18\/producto\/super-polish-precera-schiuma\/","title":{"rendered":"SUPER POLISH PRECERA SCHIUMA"},"content":{"rendered":"<p><a href=\"https:\/\/www.tecowash.com\/tecowash18\/wp-content\/uploads\/2018\/06\/Detergentes_CHAMPU_CEPILLOS_tecowash_spain_ABR_2023.pdf\" target=\"_blank\" rel=\"noopener noreferrer\"><img loading=\"lazy\" decoding=\"async\" class=\"aligncenter size-full wp-image-9010\" src=\"https:\/\/www.tecowash.com\/tecowash18\/wp-content\/uploads\/2019\/10\/pdf_logo_B.png\" alt=\"\" width=\"250\" height=\"121\" srcset=\"https:\/\/www.tecowash.com\/tecowash18\/wp-content\/uploads\/2019\/10\/pdf_logo_B.png 250w, https:\/\/www.tecowash.com\/tecowash18\/wp-content\/uploads\/2019\/10\/pdf_logo_B-24x12.png 24w, https:\/\/www.tecowash.com\/tecowash18\/wp-content\/uploads\/2019\/10\/pdf_logo_B-36x17.png 36w, https:\/\/www.tecowash.com\/tecowash18\/wp-content\/uploads\/2019\/10\/pdf_logo_B-48x23.png 48w\" sizes=\"(max-width: 250px) 100vw, 250px\" \/><\/a><\/p>\n<p><a href=\"https:\/\/youtu.be\/lPtU9enN2aM\" target=\"_blank\" rel=\"noopener noreferrer\"><img loading=\"lazy\" decoding=\"async\" class=\"aligncenter size-full wp-image-11072\" src=\"https:\/\/www.tecowash.com\/tecowash18\/wp-content\/uploads\/2018\/12\/Video.png\" alt=\"\" width=\"220\" height=\"62\" srcset=\"https:\/\/www.tecowash.com\/tecowash18\/wp-content\/uploads\/2018\/12\/Video.png 220w, https:\/\/www.tecowash.com\/tecowash18\/wp-content\/uploads\/2018\/12\/Video-24x7.png 24w, https:\/\/www.tecowash.com\/tecowash18\/wp-content\/uploads\/2018\/12\/Video-36x10.png 36w, https:\/\/www.tecowash.com\/tecowash18\/wp-content\/uploads\/2018\/12\/Video-48x14.png 48w\" sizes=\"(max-width: 220px) 100vw, 220px\" \/><\/a><\/p>\n<p><strong><span style=\"font-size: 18pt\"><span style=\"color: #000000\">SUPER POLISH PRECERA<\/span> <span style=\"color: #99cc00\">SCHIUMA<\/span><\/span><\/strong><\/p>\n<p><span style=\"color: #000000;font-size: 14pt\"><strong>Referencia:<\/strong> 72562 &#8211; SUPER POLISH PRECERA SCHIUMA, bidones de 25 kg.<\/span><br \/>\n<span style=\"color: #000000\">Tiene las propiedades de una Precera y de un pol\u00edmero abrillantador. <\/span><br \/>\n<span style=\"color: #000000\">Es espec\u00edfico para t\u00faneles de lavado y portales, para usar en cepillos de todo <\/span><br \/>\n<span style=\"color: #000000\">tipo como filoKey, Carlite o similares.<\/span><br \/>\n<span style=\"color: #000000\">El pol\u00edmero contenido realiza un sistema de abrillantado y protecci\u00f3n sobre <\/span><br \/>\n<span style=\"color: #000000\">el veh\u00edculo ayudando a que la fase siguiente tenga un secado \u00f3ptimo. <\/span><br \/>\n<span style=\"color: #000000\">Otorga un brillo nunca antes visto.<\/span><br \/>\n<span style=\"color: #000000\">Dosificaci\u00f3n Autom\u00e1tica: 5 ml &#8211; 10 ml.<\/span><\/p>\n<p>&nbsp;<\/p>\n<p>&nbsp;<\/p>\n","protected":false},"excerpt":{"rendered":"<p>SUPER POLISH PRECERA SCHIUMA Referencia: 72562 &#8211; SUPER POLISH PRECERA SCHIUMA, bidones de 25 kg. Tiene las propiedades de una Precera y de un pol\u00edmero abrillantador. Es espec\u00edfico para t\u00faneles de lavado y portales, para usar en cepillos de todo tipo como filoKey, Carlite o similares. El pol\u00edmero contenido realiza un sistema de abrillantado y [&hellip;]<\/p>\n","protected":false},"featured_media":2848,"template":"","meta":[],"product_cat":[94,95,101],"product_tag":[],"class_list":["post-2847","product","type-product","status-publish","has-post-thumbnail","hentry","product_cat-detergentes","product_cat-detergentes-para-tuneles-y-puentes-de-lavado","product_cat-champu-cepillos"],"publishpress_future_workflow_manual_trigger":{"enabledWorkflows":[]},"_links":{"self":[{"href":"https:\/\/www.tecowash.com\/tecowash18\/wp-json\/wp\/v2\/product\/2847"}],"collection":[{"href":"https:\/\/www.tecowash.com\/tecowash18\/wp-json\/wp\/v2\/product"}],"about":[{"href":"https:\/\/www.tecowash.com\/tecowash18\/wp-json\/wp\/v2\/types\/product"}],"wp:featuredmedia":[{"embeddable":true,"href":"https:\/\/www.tecowash.com\/tecowash18\/wp-json\/wp\/v2\/media\/2848"}],"wp:attachment":[{"href":"https:\/\/www.tecowash.com\/tecowash18\/wp-json\/wp\/v2\/media?parent=2847"}],"wp:term":[{"taxonomy":"product_cat","embeddable":true,"href":"https:\/\/www.tecowash.com\/tecowash18\/wp-json\/wp\/v2\/product_cat?post=2847"},{"taxonomy":"product_tag","embeddable":true,"href":"https:\/\/www.tecowash.com\/tecowash18\/wp-json\/wp\/v2\/product_tag?post=2847"}],"curies":[{"name":"wp","href":"https:\/\/api.w.org\/{rel}","templated":true}]}}