{"id":2838,"date":"2018-06-21T16:47:29","date_gmt":"2018-06-21T14:47:29","guid":{"rendered":"http:\/\/www.tecowash.com\/?post_type=product&#038;p=2838"},"modified":"2024-03-19T10:42:53","modified_gmt":"2024-03-19T09:42:53","slug":"precera-extra","status":"publish","type":"product","link":"https:\/\/www.tecowash.com\/tecowash18\/producto\/precera-extra\/","title":{"rendered":"PRECERA EXTRA"},"content":{"rendered":"<p><a href=\"https:\/\/www.tecowash.com\/tecowash18\/wp-content\/uploads\/2018\/06\/Detergentes_CHAMPU_CEPILLOS_tecowash_spain_ABR_2023.pdf\" target=\"_blank\" rel=\"noopener noreferrer\"><img loading=\"lazy\" decoding=\"async\" class=\"aligncenter size-full wp-image-9010\" src=\"https:\/\/www.tecowash.com\/tecowash18\/wp-content\/uploads\/2019\/10\/pdf_logo_B.png\" alt=\"\" width=\"250\" height=\"121\" srcset=\"https:\/\/www.tecowash.com\/tecowash18\/wp-content\/uploads\/2019\/10\/pdf_logo_B.png 250w, https:\/\/www.tecowash.com\/tecowash18\/wp-content\/uploads\/2019\/10\/pdf_logo_B-24x12.png 24w, https:\/\/www.tecowash.com\/tecowash18\/wp-content\/uploads\/2019\/10\/pdf_logo_B-36x17.png 36w, https:\/\/www.tecowash.com\/tecowash18\/wp-content\/uploads\/2019\/10\/pdf_logo_B-48x23.png 48w\" sizes=\"(max-width: 250px) 100vw, 250px\" \/><\/a><\/p>\n<p><a href=\"https:\/\/youtu.be\/UZ0-jNxL-Pk\" target=\"_blank\" rel=\"noopener noreferrer\"><img loading=\"lazy\" decoding=\"async\" class=\"aligncenter size-full wp-image-11072\" src=\"https:\/\/www.tecowash.com\/tecowash18\/wp-content\/uploads\/2018\/12\/Video.png\" alt=\"\" width=\"220\" height=\"62\" srcset=\"https:\/\/www.tecowash.com\/tecowash18\/wp-content\/uploads\/2018\/12\/Video.png 220w, https:\/\/www.tecowash.com\/tecowash18\/wp-content\/uploads\/2018\/12\/Video-24x7.png 24w, https:\/\/www.tecowash.com\/tecowash18\/wp-content\/uploads\/2018\/12\/Video-36x10.png 36w, https:\/\/www.tecowash.com\/tecowash18\/wp-content\/uploads\/2018\/12\/Video-48x14.png 48w\" sizes=\"(max-width: 220px) 100vw, 220px\" \/><\/a><\/p>\n<p><strong><span style=\"font-size: 18pt;\"><span style=\"color: #000000;\">PRECERA<\/span> <span style=\"color: #99cc00;\">EXTRA<\/span><\/span><\/strong><\/p>\n<p><span style=\"color: #000000; font-size: 14pt;\"><strong>Referencia:<\/strong> 70676 &#8211; PRECERA EXTRA, en bidones de 25 kg.<\/span><br \/>\n<span style=\"color: #000000;\">Detergente de la casa Fra-ber con acci\u00f3n brillante a regulaci\u00f3n del PH. <\/span><br \/>\n<span style=\"color: #000000;\">Producto altamente espumoso espec\u00edfico para instalaciones autom\u00e1ticas de lavado de autom\u00f3viles <\/span><br \/>\n<span style=\"color: #000000;\">(Especial para cepillos). <\/span><br \/>\n<span style=\"color: #000000;\">Regulaci\u00f3n del PH en el veh\u00edculo, enjuague del tenso activo, indispensable para la preparaci\u00f3n <\/span><br \/>\n<span style=\"color: #000000;\">antes de la sucesiva fase de lavado.<\/span><br \/>\n<span style=\"color: #000000;\">Dosificaci\u00f3n Autom\u00e1tica: 10 &#8211; 20 ml.<\/span><\/p>\n<p>&nbsp;<\/p>\n","protected":false},"excerpt":{"rendered":"<p>PRECERA EXTRA Referencia: 70676 &#8211; PRECERA EXTRA, en bidones de 25 kg. Detergente de la casa Fra-ber con acci\u00f3n brillante a regulaci\u00f3n del PH. Producto altamente espumoso espec\u00edfico para instalaciones autom\u00e1ticas de lavado de autom\u00f3viles (Especial para cepillos). Regulaci\u00f3n del PH en el veh\u00edculo, enjuague del tenso activo, indispensable para la preparaci\u00f3n antes de la [&hellip;]<\/p>\n","protected":false},"featured_media":2839,"template":"","meta":[],"product_cat":[94,98,95,105,101],"product_tag":[],"class_list":["post-2838","product","type-product","status-publish","has-post-thumbnail","hentry","product_cat-detergentes","product_cat-detergentes-par-box-autoservicio-alta-y-baja-presion","product_cat-detergentes-para-tuneles-y-puentes-de-lavado","product_cat-lavado","product_cat-champu-cepillos"],"publishpress_future_workflow_manual_trigger":{"enabledWorkflows":[]},"_links":{"self":[{"href":"https:\/\/www.tecowash.com\/tecowash18\/wp-json\/wp\/v2\/product\/2838"}],"collection":[{"href":"https:\/\/www.tecowash.com\/tecowash18\/wp-json\/wp\/v2\/product"}],"about":[{"href":"https:\/\/www.tecowash.com\/tecowash18\/wp-json\/wp\/v2\/types\/product"}],"wp:featuredmedia":[{"embeddable":true,"href":"https:\/\/www.tecowash.com\/tecowash18\/wp-json\/wp\/v2\/media\/2839"}],"wp:attachment":[{"href":"https:\/\/www.tecowash.com\/tecowash18\/wp-json\/wp\/v2\/media?parent=2838"}],"wp:term":[{"taxonomy":"product_cat","embeddable":true,"href":"https:\/\/www.tecowash.com\/tecowash18\/wp-json\/wp\/v2\/product_cat?post=2838"},{"taxonomy":"product_tag","embeddable":true,"href":"https:\/\/www.tecowash.com\/tecowash18\/wp-json\/wp\/v2\/product_tag?post=2838"}],"curies":[{"name":"wp","href":"https:\/\/api.w.org\/{rel}","templated":true}]}}