{"id":2832,"date":"2018-06-21T14:04:49","date_gmt":"2018-06-21T12:04:49","guid":{"rendered":"http:\/\/www.tecowash.com\/?post_type=product&#038;p=2832"},"modified":"2023-04-03T16:22:02","modified_gmt":"2023-04-03T14:22:02","slug":"resa-plus-30kg","status":"publish","type":"product","link":"https:\/\/www.tecowash.com\/tecowash18\/producto\/resa-plus-30kg\/","title":{"rendered":"RESA PLUS+ 30Kg"},"content":{"rendered":"<p><a href=\"https:\/\/www.tecowash.com\/tecowash18\/wp-content\/uploads\/2018\/06\/LAVADO_MANUAL_BERSOLWAX_BERSOOL_RES_PLUS_tecowash_spain_ABR_2023.pdf\" target=\"_blank\" rel=\"noopener noreferrer\"><img loading=\"lazy\" decoding=\"async\" class=\"aligncenter size-full wp-image-9010\" src=\"https:\/\/www.tecowash.com\/tecowash18\/wp-content\/uploads\/2019\/10\/pdf_logo_B.png\" alt=\"\" width=\"250\" height=\"121\" srcset=\"https:\/\/www.tecowash.com\/tecowash18\/wp-content\/uploads\/2019\/10\/pdf_logo_B.png 250w, https:\/\/www.tecowash.com\/tecowash18\/wp-content\/uploads\/2019\/10\/pdf_logo_B-24x12.png 24w, https:\/\/www.tecowash.com\/tecowash18\/wp-content\/uploads\/2019\/10\/pdf_logo_B-36x17.png 36w, https:\/\/www.tecowash.com\/tecowash18\/wp-content\/uploads\/2019\/10\/pdf_logo_B-48x23.png 48w\" sizes=\"(max-width: 250px) 100vw, 250px\" \/><\/a><\/p>\n<p><a href=\"https:\/\/youtu.be\/XqRZfcgekHo\" target=\"_blank\" rel=\"noopener noreferrer\"><img loading=\"lazy\" decoding=\"async\" class=\"aligncenter size-full wp-image-11072\" src=\"https:\/\/www.tecowash.com\/tecowash18\/wp-content\/uploads\/2018\/12\/Video.png\" alt=\"\" width=\"220\" height=\"62\" srcset=\"https:\/\/www.tecowash.com\/tecowash18\/wp-content\/uploads\/2018\/12\/Video.png 220w, https:\/\/www.tecowash.com\/tecowash18\/wp-content\/uploads\/2018\/12\/Video-24x7.png 24w, https:\/\/www.tecowash.com\/tecowash18\/wp-content\/uploads\/2018\/12\/Video-36x10.png 36w, https:\/\/www.tecowash.com\/tecowash18\/wp-content\/uploads\/2018\/12\/Video-48x14.png 48w\" sizes=\"(max-width: 220px) 100vw, 220px\" \/><\/a><\/p>\n<p><strong><span style=\"font-size: 18pt\"><span style=\"color: #000000\">RESA<\/span>\u00a0<span style=\"color: #99cc00\">PLUS +<\/span>\u00a0<\/span><\/strong><\/p>\n<p><span style=\"color: #000000;font-size: 14pt\"><strong>Referencia:<\/strong> 78487 &#8211; RESA PLUS+, en bidones de 30 kg.<\/span><br \/>\n<span style=\"color: #000000\">Detergente de la casa Fra-Ber, prelavado de \u00f3ptima relaci\u00f3n calidad precio, para lavar sin esponja <\/span><br \/>\n<span style=\"color: #000000\">con sistemas de nebulizaci\u00f3n de espuma equilibrada, forma una espuma espesa y al mismos tiempo, <\/span><br \/>\n<span style=\"color: #000000\">mojada para que el efecto de limpieza se m\u00e1s r\u00e1pido y homog\u00e9neo. Disgrega la suciedad incluso en <\/span><br \/>\n<span style=\"color: #000000\">climas fr\u00edos, deja un efecto de brillo espectacular y limpia a fondo incluso las partes m\u00e1s dif\u00edciles <\/span><br \/>\n<span style=\"color: #000000\">tales como pl\u00e1sticos, llantas, mosquitos. Es inodoro en la utilizaci\u00f3n en ambientes cerrados. <\/span><br \/>\n<span style=\"color: #000000\">Id\u00f3neo para todo tipo de instalaciones de depuraci\u00f3n.<\/span><br \/>\n<span style=\"color: #000000\">Dosificaci\u00f3n: <\/span><br \/>\n<span style=\"color: #000000\">Llantas y motores: 1 litro de producto + 4 litros de agua.<\/span><br \/>\n<span style=\"color: #000000\">Mosquitos: 1 litro de producto + 1o litros de agua.<\/span><br \/>\n<span style=\"color: #000000\">Carrocer\u00edas: 1 litro de producto + 20 litros de agua.<\/span><br \/>\n<span style=\"color: #000000\">Dosificaci\u00f3n Autom\u00e1tica : 10- 30ml para Boxes o Puentes <\/span><br \/>\n<span style=\"color: #000000\">Central Pulverizadora : 2% &#8211; 5%.<\/span><\/p>\n<p>&nbsp;<\/p>\n<p>&nbsp;<\/p>\n<p>&nbsp;<\/p>\n","protected":false},"excerpt":{"rendered":"<p>RESA\u00a0PLUS +\u00a0 Referencia: 78487 &#8211; RESA PLUS+, en bidones de 30 kg. Detergente de la casa Fra-Ber, prelavado de \u00f3ptima relaci\u00f3n calidad precio, para lavar sin esponja con sistemas de nebulizaci\u00f3n de espuma equilibrada, forma una espuma espesa y al mismos tiempo, mojada para que el efecto de limpieza se m\u00e1s r\u00e1pido y homog\u00e9neo. Disgrega [&hellip;]<\/p>\n","protected":false},"featured_media":5757,"template":"","meta":[],"product_cat":[94,95,119,135,100,99,120],"product_tag":[],"class_list":["post-2832","product","type-product","status-publish","has-post-thumbnail","hentry","product_cat-detergentes","product_cat-detergentes-para-tuneles-y-puentes-de-lavado","product_cat-detergentes-para-lavado-manual-manos","product_cat-detergentes-tratamientos-especiales","product_cat-espuma-activa","product_cat-prelavado","product_cat-detergente"],"publishpress_future_workflow_manual_trigger":{"enabledWorkflows":[]},"_links":{"self":[{"href":"https:\/\/www.tecowash.com\/tecowash18\/wp-json\/wp\/v2\/product\/2832"}],"collection":[{"href":"https:\/\/www.tecowash.com\/tecowash18\/wp-json\/wp\/v2\/product"}],"about":[{"href":"https:\/\/www.tecowash.com\/tecowash18\/wp-json\/wp\/v2\/types\/product"}],"wp:featuredmedia":[{"embeddable":true,"href":"https:\/\/www.tecowash.com\/tecowash18\/wp-json\/wp\/v2\/media\/5757"}],"wp:attachment":[{"href":"https:\/\/www.tecowash.com\/tecowash18\/wp-json\/wp\/v2\/media?parent=2832"}],"wp:term":[{"taxonomy":"product_cat","embeddable":true,"href":"https:\/\/www.tecowash.com\/tecowash18\/wp-json\/wp\/v2\/product_cat?post=2832"},{"taxonomy":"product_tag","embeddable":true,"href":"https:\/\/www.tecowash.com\/tecowash18\/wp-json\/wp\/v2\/product_tag?post=2832"}],"curies":[{"name":"wp","href":"https:\/\/api.w.org\/{rel}","templated":true}]}}