{"id":2824,"date":"2018-06-21T13:33:20","date_gmt":"2018-06-21T11:33:20","guid":{"rendered":"http:\/\/www.tecowash.com\/?post_type=product&#038;p=2824"},"modified":"2023-04-05T09:34:49","modified_gmt":"2023-04-05T07:34:49","slug":"perfect-wash","status":"publish","type":"product","link":"https:\/\/www.tecowash.com\/tecowash18\/producto\/perfect-wash\/","title":{"rendered":"PERFECT WASH"},"content":{"rendered":"<p><a href=\"https:\/\/www.tecowash.com\/tecowash18\/wp-content\/uploads\/2018\/06\/Detergentes_PERFECT_WASH_tecowash_spain_ABR_2023.pdf\" target=\"_blank\" rel=\"noopener noreferrer\"><img loading=\"lazy\" decoding=\"async\" class=\"aligncenter size-full wp-image-9010\" src=\"https:\/\/www.tecowash.com\/tecowash18\/wp-content\/uploads\/2019\/10\/pdf_logo_B.png\" alt=\"\" width=\"250\" height=\"121\" srcset=\"https:\/\/www.tecowash.com\/tecowash18\/wp-content\/uploads\/2019\/10\/pdf_logo_B.png 250w, https:\/\/www.tecowash.com\/tecowash18\/wp-content\/uploads\/2019\/10\/pdf_logo_B-24x12.png 24w, https:\/\/www.tecowash.com\/tecowash18\/wp-content\/uploads\/2019\/10\/pdf_logo_B-36x17.png 36w, https:\/\/www.tecowash.com\/tecowash18\/wp-content\/uploads\/2019\/10\/pdf_logo_B-48x23.png 48w\" sizes=\"(max-width: 250px) 100vw, 250px\" \/><\/a><\/p>\n<p><a href=\"https:\/\/youtu.be\/Xmo5CtXmQ0c\" target=\"_blank\" rel=\"noopener noreferrer\"><img loading=\"lazy\" decoding=\"async\" class=\"aligncenter size-full wp-image-11072\" src=\"https:\/\/www.tecowash.com\/tecowash18\/wp-content\/uploads\/2018\/12\/Video.png\" alt=\"\" width=\"220\" height=\"62\" srcset=\"https:\/\/www.tecowash.com\/tecowash18\/wp-content\/uploads\/2018\/12\/Video.png 220w, https:\/\/www.tecowash.com\/tecowash18\/wp-content\/uploads\/2018\/12\/Video-24x7.png 24w, https:\/\/www.tecowash.com\/tecowash18\/wp-content\/uploads\/2018\/12\/Video-36x10.png 36w, https:\/\/www.tecowash.com\/tecowash18\/wp-content\/uploads\/2018\/12\/Video-48x14.png 48w\" sizes=\"(max-width: 220px) 100vw, 220px\" \/><\/a><\/p>\n<p><strong><span style=\"font-size: 18pt\"><span style=\"color: #000000\">PERFECT<\/span> <span style=\"color: #99cc00\">WASH<\/span><\/span><\/strong><\/p>\n<p><span style=\"color: #000000\"><strong>Referencia:<\/strong> 73519 &#8211;\u00a0 <strong>PERFECT\u00a0 WASH<\/strong>\u00a025 Kg.<\/span><br \/>\n<span style=\"color: #000000\">El detergente de la casa Fra-Ber PerfectWash sigue redefiniendo aquello que es posible. Llega m\u00e1s all\u00e1 del l\u00edmite, volviendo su uso a\u00fan m\u00e1s seguro y r\u00e1pida limpieza hacen de PerfectWash mucho m\u00e1s que para el lavado.<\/span><br \/>\n<span style=\"color: #000000\">Doble potencia limpiadora: Su nueva f\u00f3rmula es monocomponente.<\/span><br \/>\n<span style=\"color: #000000\">Seguridad en el lavado: Su aplicaci\u00f3n es segura sobre aluminio o pl\u00e1stico de las marcas BMW, Mercedes y Audi.<\/span><br \/>\n<span style=\"color: #000000\">Te permite limpiar en total seguridad, sin preocuparte por est\u00e1s lavando.<\/span><br \/>\n<span style=\"color: #000000\">Limpieza m\u00e1s r\u00e1pida: El tiempo de aplicaci\u00f3n respecto de los otros productos.\u00a0<\/span><\/p>\n<p style=\"text-align: left\"><span style=\"color: #000000\"><strong>VERSATILIDAD<\/strong><\/span><br \/>\n<span style=\"color: #000000\">El producto ha sido creado para ser utilizado en:<\/span><br \/>\n<span style=\"color: #000000\">\u2022 Pistas autoservicio de lavado.<\/span><br \/>\n<span style=\"color: #000000\">\u2022 Lavado manual.<\/span><br \/>\n<span style=\"color: #000000\">\u2022 Lavado llantas.<\/span><br \/>\n<span style=\"color: #000000\">\u2022 Lavado motores.<\/span><br \/>\n<span style=\"color: #000000\">\u2022 Prelavados.<\/span><br \/>\n<span style=\"color: #000000\"><strong>DOSIFICACI\u00d3N\u00a0<\/strong><\/span><br \/>\n<span style=\"color: #000000\">Llantas y motores: 1 litro de producto + 4 litros de agua.<\/span><br \/>\n<span style=\"color: #000000\">Mosquitos: 1 litro de producto + 1o litros de agua.<\/span><br \/>\n<span style=\"color: #000000\">Carrocer\u00edas: 1 litro de producto + 20 litros de agua.<\/span><br \/>\n<span style=\"color: #000000\"><strong>Dosificaci\u00f3n Automatica :\u00a0 <\/strong>10- 30ml\u00a0 para Boxes \u00f3 Puentes\u00a0<\/span><br \/>\n<span style=\"color: #000000\"><strong>Central Pulverizadora<\/strong> :\u00a0 2% &#8211; 5%\u00a0<\/span><\/p>\n<p>&nbsp;<\/p>\n","protected":false},"excerpt":{"rendered":"<p>PERFECT WASH Referencia: 73519 &#8211;\u00a0 PERFECT\u00a0 WASH\u00a025 Kg. El detergente de la casa Fra-Ber PerfectWash sigue redefiniendo aquello que es posible. Llega m\u00e1s all\u00e1 del l\u00edmite, volviendo su uso a\u00fan m\u00e1s seguro y r\u00e1pida limpieza hacen de PerfectWash mucho m\u00e1s que para el lavado. Doble potencia limpiadora: Su nueva f\u00f3rmula es monocomponente. Seguridad en el [&hellip;]<\/p>\n","protected":false},"featured_media":2826,"template":"","meta":[],"product_cat":[94,98,95,108,135,105,100,99,146,114],"product_tag":[],"class_list":["post-2824","product","type-product","status-publish","has-post-thumbnail","hentry","product_cat-detergentes","product_cat-detergentes-par-box-autoservicio-alta-y-baja-presion","product_cat-detergentes-para-tuneles-y-puentes-de-lavado","product_cat-detergentes-para-lavado-de-camiones-y-vehiculos-industriales","product_cat-detergentes-tratamientos-especiales","product_cat-lavado","product_cat-espuma-activa","product_cat-prelavado","product_cat-detergentes-para-lavado-de-llantas","product_cat-limpiador-de-motores"],"publishpress_future_workflow_manual_trigger":{"enabledWorkflows":[]},"_links":{"self":[{"href":"https:\/\/www.tecowash.com\/tecowash18\/wp-json\/wp\/v2\/product\/2824"}],"collection":[{"href":"https:\/\/www.tecowash.com\/tecowash18\/wp-json\/wp\/v2\/product"}],"about":[{"href":"https:\/\/www.tecowash.com\/tecowash18\/wp-json\/wp\/v2\/types\/product"}],"wp:featuredmedia":[{"embeddable":true,"href":"https:\/\/www.tecowash.com\/tecowash18\/wp-json\/wp\/v2\/media\/2826"}],"wp:attachment":[{"href":"https:\/\/www.tecowash.com\/tecowash18\/wp-json\/wp\/v2\/media?parent=2824"}],"wp:term":[{"taxonomy":"product_cat","embeddable":true,"href":"https:\/\/www.tecowash.com\/tecowash18\/wp-json\/wp\/v2\/product_cat?post=2824"},{"taxonomy":"product_tag","embeddable":true,"href":"https:\/\/www.tecowash.com\/tecowash18\/wp-json\/wp\/v2\/product_tag?post=2824"}],"curies":[{"name":"wp","href":"https:\/\/api.w.org\/{rel}","templated":true}]}}