{"id":18554,"date":"2023-03-13T10:04:56","date_gmt":"2023-03-13T09:04:56","guid":{"rendered":"https:\/\/www.tecowash.com\/tecowash18\/?post_type=product&#038;p=18554"},"modified":"2023-03-13T10:06:40","modified_gmt":"2023-03-13T09:06:40","slug":"electrovalvula-de-2-vias-de-mando-asistido-2","status":"publish","type":"product","link":"https:\/\/www.tecowash.com\/tecowash18\/producto\/electrovalvula-de-2-vias-de-mando-asistido-2\/","title":{"rendered":"ELECTROVA\u0301LVULA DE 2 VI\u0301AS DE MANDO ASISTIDO"},"content":{"rendered":"<p><strong><span style=\"font-size: 18pt\"><span style=\"color: #000000\">ELECTROVA\u0301LVULA DE 2 VI\u0301AS<\/span> <span style=\"color: #99cc00\">DE MANDO ASISTIDO<\/span><\/span><\/strong><\/p>\n<p><span style=\"color: #ff0000;font-size: 14pt\"><strong>BAJO PEDIDO, CONSULTAR<\/strong><\/span><\/p>\n<p><span style=\"color: #000000\">Electrov\u00e1lvulas de 2 v\u00edas de mando asistido. <\/span><br \/>\n<span style=\"color: #000000\"><strong>Referencia:<\/strong> VXD23FZ 2AA-1\/2&#8243;24CCINOX &#8211; <strong>Electrov\u00e1lvulas de 2 V\u00edas de Mando Asistido.<\/strong> <\/span><br \/>\n<span style=\"color: #000000\"><strong>Referencia:<\/strong> VXD32FZ 2VA-1\/2&#8243;24CCINOX &#8211; <strong>Electrov\u00e1lvulas de 2 V\u00edas de Mando Asistido.<\/strong> <\/span><br \/>\n<span style=\"color: #000000\"><strong>Referencia:<\/strong> VXD232CGA-1\/2&#8243;24CCLAT\u00d3N &#8211; <strong>Electrov\u00e1lvulas de 2 V\u00edas de Mando Asistido.<\/strong> <\/span><br \/>\n<span style=\"color: #000000\"><strong>Referencia:<\/strong> VXD232CZ 1VA-1\/2&#8243;24CALAT\u00d3N &#8211; <strong>Electrov\u00e1lvulas de 2 V\u00edas de Mando Asistido.<\/strong> <\/span><br \/>\n<span style=\"color: #000000\"><strong>Referencia:<\/strong> VXD252MGK-3\/4&#8243;24CCINOX &#8211; <strong>Electrov\u00e1lvulas de 2 V\u00edas de Mando Asistido.<\/strong> <\/span><br \/>\n<span style=\"color: #000000\"><strong>Referencia:<\/strong> VXD252MZ 1VK-3\/4&#8243;24CAINOX &#8211; <strong>Electrov\u00e1lvulas de 2 V\u00edas de Mando Asistido.<\/strong> <\/span><br \/>\n<span style=\"color: #000000\"><strong>Referencia:<\/strong> VXD252LGA-3\/4&#8243;24CCLAT\u00d3N &#8211; <strong>Electrov\u00e1lvulas de 2 V\u00edas de Mando Asistido.<\/strong> <\/span><br \/>\n<span style=\"color: #000000\"><strong>Referencia:<\/strong> VXD252LZ 1VA-24CALAT\u00d3N &#8211; <strong>Electrov\u00e1lvulas de 2 V\u00edas de Mando Asistido.<\/strong> <\/span><br \/>\n<span style=\"color: #000000\"><strong>Referencia:<\/strong> VXD262PGK-1&#8243;24CCINOX &#8211; <strong>Electrov\u00e1lvulas de 2 V\u00edas de Mando Asistido.<\/strong> <\/span><br \/>\n<span style=\"color: #000000\"><strong>Referencia:<\/strong> VXD262PZ1VK-1&#8243;24CAINOX &#8211; <strong>Electrov\u00e1lvulas de 2 V\u00edas de Mando Asistido.<\/strong> <\/span><br \/>\n<span style=\"color: #000000\"><strong>Referencia:<\/strong> VXD262NGA- 1&#8243;24CCLAT\u00d3N &#8211; <strong>Electrov\u00e1lvulas de 2 V\u00edas de Mando Asistido.<\/strong> <\/span><br \/>\n<span style=\"color: #000000\"><strong>Referencia:<\/strong> VXD262NZ1VA-1&#8243;24CALAT\u00d3N &#8211; <strong>Electrov\u00e1lvulas de 2 V\u00edas de Mando Asistido.<\/strong> <\/span><br \/>\n<span style=\"color: #000000\"><strong>Referencia:<\/strong> VXD272QGAX23-1-1\/4&#8243;24CCLAT\u00d3N &#8211;<strong> Electrov\u00e1lvulas de 2 V\u00edas de Mando Asistido.<\/strong> <\/span><br \/>\n<span style=\"color: #000000\"><strong>Referencia:<\/strong> VXD272QZ1VAX23- \u00ab24CALAT\u00d3N &#8211; <strong>Electrov\u00e1lvulas de 2 V\u00edas de Mando Asistido.<\/strong> <\/span><br \/>\n<span style=\"color: #000000\"><strong>Referencia:<\/strong> VXD282RGAX 23-1&#8243;-1\/2 24CCLAT\u00d3N &#8211; <strong>Electrov\u00e1lvulas de 2 V\u00edas de Mando Asistido.<\/strong> <\/span><br \/>\n<span style=\"color: #000000\"><strong>Referencia:<\/strong> VX 282RZ1VAX 23-24CALAT\u00d3N &#8211; <strong>Electrov\u00e1lvulas de 2 V\u00edas de Mando Asistido.<\/strong><\/span><\/p>\n","protected":false},"excerpt":{"rendered":"<p>ELECTROVA\u0301LVULA DE 2 VI\u0301AS DE MANDO ASISTIDO BAJO PEDIDO, CONSULTAR Electrov\u00e1lvulas de 2 v\u00edas de mando asistido. Referencia: VXD23FZ 2AA-1\/2&#8243;24CCINOX &#8211; Electrov\u00e1lvulas de 2 V\u00edas de Mando Asistido. Referencia: VXD32FZ 2VA-1\/2&#8243;24CCINOX &#8211; Electrov\u00e1lvulas de 2 V\u00edas de Mando Asistido. Referencia: VXD232CGA-1\/2&#8243;24CCLAT\u00d3N &#8211; Electrov\u00e1lvulas de 2 V\u00edas de Mando Asistido. Referencia: VXD232CZ 1VA-1\/2&#8243;24CALAT\u00d3N &#8211; Electrov\u00e1lvulas de [&hellip;]<\/p>\n","protected":false},"featured_media":18555,"template":"","meta":[],"product_cat":[174,180],"product_tag":[],"class_list":["post-18554","product","type-product","status-publish","has-post-thumbnail","hentry","product_cat-recambios-carwash","product_cat-valvulas-y-electrovalvulas"],"publishpress_future_workflow_manual_trigger":{"enabledWorkflows":[]},"_links":{"self":[{"href":"https:\/\/www.tecowash.com\/tecowash18\/wp-json\/wp\/v2\/product\/18554"}],"collection":[{"href":"https:\/\/www.tecowash.com\/tecowash18\/wp-json\/wp\/v2\/product"}],"about":[{"href":"https:\/\/www.tecowash.com\/tecowash18\/wp-json\/wp\/v2\/types\/product"}],"wp:featuredmedia":[{"embeddable":true,"href":"https:\/\/www.tecowash.com\/tecowash18\/wp-json\/wp\/v2\/media\/18555"}],"wp:attachment":[{"href":"https:\/\/www.tecowash.com\/tecowash18\/wp-json\/wp\/v2\/media?parent=18554"}],"wp:term":[{"taxonomy":"product_cat","embeddable":true,"href":"https:\/\/www.tecowash.com\/tecowash18\/wp-json\/wp\/v2\/product_cat?post=18554"},{"taxonomy":"product_tag","embeddable":true,"href":"https:\/\/www.tecowash.com\/tecowash18\/wp-json\/wp\/v2\/product_tag?post=18554"}],"curies":[{"name":"wp","href":"https:\/\/api.w.org\/{rel}","templated":true}]}}