{"id":17371,"date":"2022-03-10T16:33:02","date_gmt":"2022-03-10T15:33:02","guid":{"rendered":"https:\/\/www.tecowash.com\/tecowash18\/?post_type=product&#038;p=17371"},"modified":"2022-04-08T15:38:21","modified_gmt":"2022-04-08T13:38:21","slug":"nuevo-sistema-de-aspiracion-y-soplado-2-en-1-2","status":"publish","type":"product","link":"https:\/\/www.tecowash.com\/tecowash18\/producto\/nuevo-sistema-de-aspiracion-y-soplado-2-en-1-2\/","title":{"rendered":"NUEVO SISTEMA DE ASPIRACION y SOPLADO 2 en 1"},"content":{"rendered":"<p><a href=\"https:\/\/www.tecowash.com\/tecowash18\/wp-content\/uploads\/2022\/03\/ASPIRACION_SOPLADO_tecowash_spain_abr_2022_H.pdf\" target=\"_blank\" rel=\"noopener noreferrer\"><img loading=\"lazy\" decoding=\"async\" class=\"aligncenter size-full wp-image-9010\" src=\"https:\/\/www.tecowash.com\/tecowash18\/wp-content\/uploads\/2019\/10\/pdf_logo_B.png\" alt=\"\" width=\"250\" height=\"121\" srcset=\"https:\/\/www.tecowash.com\/tecowash18\/wp-content\/uploads\/2019\/10\/pdf_logo_B.png 250w, https:\/\/www.tecowash.com\/tecowash18\/wp-content\/uploads\/2019\/10\/pdf_logo_B-24x12.png 24w, https:\/\/www.tecowash.com\/tecowash18\/wp-content\/uploads\/2019\/10\/pdf_logo_B-36x17.png 36w, https:\/\/www.tecowash.com\/tecowash18\/wp-content\/uploads\/2019\/10\/pdf_logo_B-48x23.png 48w\" sizes=\"(max-width: 250px) 100vw, 250px\" \/><\/a><\/p>\n<p><strong><span style=\"font-size: 18pt\"><span style=\"color: #000000\">SISTEMA DE ASPIRACION y SOPLADO<\/span>\u00a0<span style=\"color: #99cc00\">2 en 1<\/span><\/span><\/strong><\/p>\n<p>Sistema de aspiraci\u00f3n y soplado de gran potencia 2 en 1. Novedoso sistema ideal para los lavaderos manuales, concesionarios, talleres, flotas, talleres de embarcaciones, en la que se precisa secado de carrocer\u00edas y aspirado de interiores. <br \/>\nEste sistema se complementa de una turbina trif\u00e1sica de 3 cv con su cubo de aspiraci\u00f3n para polvo, manguera de 5 m y esp\u00e1tula con giratorio para aspiraci\u00f3n o soplado. <br \/>\nPulsador inversor, aspirado y soplado 2 en 1. <br \/>\n<span style=\"color: #ff0000\"><strong><span style=\"color: #000000\">Referencia:<\/span><\/strong><span style=\"color: #000000\">TEC0072<\/span><strong>\u00a0 \u00a0P.V. 1.900,00 \u20ac<\/strong><\/span> <br \/>\n<strong><span style=\"color: #ff0000\">OPCIONAL:<\/span><\/strong> Brazo giratorio Inox para aspiracion + 5 m de manguera que va conectada del cubo a la entrada del brazo.<br \/>\n<strong><span style=\"color: #ff0000\">P.V. 820,00 \u20ac<\/span><\/strong><br \/>\nPermite que a trav\u00e9s de un selector podamos parar la turbina, seleccionar aspirado o soplado.<\/p>\n<p><a href=\"https:\/\/www.tecowash.com\/tecowash18\/wp-content\/uploads\/2021\/02\/Aspirador_Soplado.png\"><img loading=\"lazy\" decoding=\"async\" class=\"aligncenter size-full wp-image-15940\" src=\"https:\/\/www.tecowash.com\/tecowash18\/wp-content\/uploads\/2021\/02\/Aspirador_Soplado.png\" alt=\"\" width=\"826\" height=\"1034\" srcset=\"https:\/\/www.tecowash.com\/tecowash18\/wp-content\/uploads\/2021\/02\/Aspirador_Soplado.png 826w, https:\/\/www.tecowash.com\/tecowash18\/wp-content\/uploads\/2021\/02\/Aspirador_Soplado-416x521.png 416w, https:\/\/www.tecowash.com\/tecowash18\/wp-content\/uploads\/2021\/02\/Aspirador_Soplado-240x300.png 240w, https:\/\/www.tecowash.com\/tecowash18\/wp-content\/uploads\/2021\/02\/Aspirador_Soplado-818x1024.png 818w, https:\/\/www.tecowash.com\/tecowash18\/wp-content\/uploads\/2021\/02\/Aspirador_Soplado-768x961.png 768w, https:\/\/www.tecowash.com\/tecowash18\/wp-content\/uploads\/2021\/02\/Aspirador_Soplado-600x751.png 600w, https:\/\/www.tecowash.com\/tecowash18\/wp-content\/uploads\/2021\/02\/Aspirador_Soplado-19x24.png 19w, https:\/\/www.tecowash.com\/tecowash18\/wp-content\/uploads\/2021\/02\/Aspirador_Soplado-29x36.png 29w, https:\/\/www.tecowash.com\/tecowash18\/wp-content\/uploads\/2021\/02\/Aspirador_Soplado-38x48.png 38w\" sizes=\"(max-width: 826px) 100vw, 826px\" \/><\/a><\/p>\n","protected":false},"excerpt":{"rendered":"<p>SISTEMA DE ASPIRACION y SOPLADO\u00a02 en 1 Sistema de aspiraci\u00f3n y soplado de gran potencia 2 en 1. Novedoso sistema ideal para los lavaderos manuales, concesionarios, talleres, flotas, talleres de embarcaciones, en la que se precisa secado de carrocer\u00edas y aspirado de interiores. Este sistema se complementa de una turbina trif\u00e1sica de 3 cv con [&hellip;]<\/p>\n","protected":false},"featured_media":17372,"template":"","meta":[],"product_cat":[192,196],"product_tag":[],"class_list":["post-17371","product","type-product","status-publish","has-post-thumbnail","hentry","product_cat-instalaciones-de-lavado","product_cat-complementos-de-autoservicio"],"publishpress_future_workflow_manual_trigger":{"enabledWorkflows":[]},"_links":{"self":[{"href":"https:\/\/www.tecowash.com\/tecowash18\/wp-json\/wp\/v2\/product\/17371"}],"collection":[{"href":"https:\/\/www.tecowash.com\/tecowash18\/wp-json\/wp\/v2\/product"}],"about":[{"href":"https:\/\/www.tecowash.com\/tecowash18\/wp-json\/wp\/v2\/types\/product"}],"wp:featuredmedia":[{"embeddable":true,"href":"https:\/\/www.tecowash.com\/tecowash18\/wp-json\/wp\/v2\/media\/17372"}],"wp:attachment":[{"href":"https:\/\/www.tecowash.com\/tecowash18\/wp-json\/wp\/v2\/media?parent=17371"}],"wp:term":[{"taxonomy":"product_cat","embeddable":true,"href":"https:\/\/www.tecowash.com\/tecowash18\/wp-json\/wp\/v2\/product_cat?post=17371"},{"taxonomy":"product_tag","embeddable":true,"href":"https:\/\/www.tecowash.com\/tecowash18\/wp-json\/wp\/v2\/product_tag?post=17371"}],"curies":[{"name":"wp","href":"https:\/\/api.w.org\/{rel}","templated":true}]}}