{"id":15673,"date":"2021-06-14T16:38:54","date_gmt":"2021-06-14T14:38:54","guid":{"rendered":"https:\/\/www.tecowash.com\/tecowash18\/?post_type=product&#038;p=15673"},"modified":"2022-05-31T08:20:44","modified_gmt":"2022-05-31T06:20:44","slug":"presostato","status":"publish","type":"product","link":"https:\/\/www.tecowash.com\/tecowash18\/producto\/presostato\/","title":{"rendered":"PRESOSTATO OPTIPLUS"},"content":{"rendered":"<p><a href=\"https:\/\/www.tecowash.com\/tecowash18\/wp-content\/uploads\/2021\/06\/TRATAMIENTOS_AGUA_Bombas_tecowash_spain_jun_2022.pdf\" target=\"_blank\" rel=\"noopener noreferrer\"><img loading=\"lazy\" decoding=\"async\" class=\"aligncenter size-full wp-image-9010\" src=\"https:\/\/www.tecowash.com\/tecowash18\/wp-content\/uploads\/2019\/10\/pdf_logo_B.png\" alt=\"\" width=\"250\" height=\"121\" srcset=\"https:\/\/www.tecowash.com\/tecowash18\/wp-content\/uploads\/2019\/10\/pdf_logo_B.png 250w, https:\/\/www.tecowash.com\/tecowash18\/wp-content\/uploads\/2019\/10\/pdf_logo_B-24x12.png 24w, https:\/\/www.tecowash.com\/tecowash18\/wp-content\/uploads\/2019\/10\/pdf_logo_B-36x17.png 36w, https:\/\/www.tecowash.com\/tecowash18\/wp-content\/uploads\/2019\/10\/pdf_logo_B-48x23.png 48w\" sizes=\"(max-width: 250px) 100vw, 250px\" \/><\/a><\/p>\n<p><strong><span style=\"font-size: 18pt\"><span style=\"color: #000000\">PRESOSTATO<\/span> <span style=\"color: #99cc00\">OPTIPLUS<\/span><\/span><\/strong><\/p>\n<p><span style=\"color: #000000\"><strong>Referencia:<\/strong> CO-2107 Presostato Optiplus. <span style=\"color: #ff0000\"><strong>P.V. 88,00 \u20ac<\/strong><\/span><\/span><\/p>\n<p><span style=\"color: #000000\">El Presostato Optiplus ordena el arranque, paro autom\u00e1tico de la bomba al abrir o cerrar respectivamente cualquier grifo o v\u00e1lvula de la instalaci\u00f3n. <\/span><br \/>\n<span style=\"color: #000000\">Cuando la bomba arranca, se mantiene en marcha mientras persiste la apertura de cualquier v\u00e1lvula transmitiendo a la red un caudal y presi\u00f3n constantes.<\/span><br \/>\n<span style=\"color: #000000\"><strong>Ficha t\u00e9cnica:<\/strong><\/span><br \/>\n<span style=\"color: #000000\">Entrada: 1 \u00bc \u201cmacho<\/span><br \/>\n<span style=\"color: #000000\">Salida: 1 \u00bc \u201cmacho<\/span><br \/>\n<span style=\"color: #000000\">V\u00e1lvula de retenci\u00f3n especial anti golpes de ariete<\/span><br \/>\n<span style=\"color: #000000\">Sistema de seguridad que evita la posibilidad de funcionamiento de la bomba sin agua<\/span><br \/>\n<span style=\"color: #000000\">Man\u00f3metro<\/span><br \/>\n<span style=\"color: #000000\">Pulsador de arranque manual (Reset)<\/span><br \/>\n<span style=\"color: #000000\">Funciona de Auto Reset<\/span><br \/>\n<span style=\"color: #000000\">Indicador luminoso de tensi\u00f3n (Power)<\/span><br \/>\n<span style=\"color: #000000\">Indicador luminoso de funcionamiento de la bomba (On)<\/span><br \/>\n<span style=\"color: #000000\">Indicador luminoso de actuaci\u00f3n del sistema de seguridad (Failure)<\/span><br \/>\n<span style=\"color: #000000\">220\/240v<\/span><br \/>\n<span style=\"color: #000000\">50\/60Hz<\/span><br \/>\n<span style=\"color: #000000\">Caudal m\u00e1ximo: 12.000 l\/h<\/span><br \/>\n<span style=\"color: #000000\">Presi\u00f3n m\u00e1xima de arranque regulable: 1.5 \u2013 3 bar<\/span><br \/>\n<span style=\"color: #000000\">Presi\u00f3n m\u00e1xima de utilizaci\u00f3n: 10 bar<\/span><\/p>\n<p><a href=\"https:\/\/www.tecowash.com\/tecowash18\/wp-content\/uploads\/2021\/06\/Presostato.jpg\"><img loading=\"lazy\" decoding=\"async\" class=\"aligncenter size-large wp-image-15677\" src=\"https:\/\/www.tecowash.com\/tecowash18\/wp-content\/uploads\/2021\/06\/Presostato-1024x863.jpg\" alt=\"\" width=\"980\" height=\"826\" srcset=\"https:\/\/www.tecowash.com\/tecowash18\/wp-content\/uploads\/2021\/06\/Presostato-1024x863.jpg 1024w, https:\/\/www.tecowash.com\/tecowash18\/wp-content\/uploads\/2021\/06\/Presostato-416x351.jpg 416w, https:\/\/www.tecowash.com\/tecowash18\/wp-content\/uploads\/2021\/06\/Presostato-300x253.jpg 300w, https:\/\/www.tecowash.com\/tecowash18\/wp-content\/uploads\/2021\/06\/Presostato-768x647.jpg 768w, https:\/\/www.tecowash.com\/tecowash18\/wp-content\/uploads\/2021\/06\/Presostato-600x506.jpg 600w, https:\/\/www.tecowash.com\/tecowash18\/wp-content\/uploads\/2021\/06\/Presostato-24x20.jpg 24w, https:\/\/www.tecowash.com\/tecowash18\/wp-content\/uploads\/2021\/06\/Presostato-36x30.jpg 36w, https:\/\/www.tecowash.com\/tecowash18\/wp-content\/uploads\/2021\/06\/Presostato-48x40.jpg 48w, https:\/\/www.tecowash.com\/tecowash18\/wp-content\/uploads\/2021\/06\/Presostato.jpg 1188w\" sizes=\"(max-width: 980px) 100vw, 980px\" \/><\/a><\/p>\n","protected":false},"excerpt":{"rendered":"<p>PRESOSTATO OPTIPLUS Referencia: CO-2107 Presostato Optiplus. P.V. 88,00 \u20ac El Presostato Optiplus ordena el arranque, paro autom\u00e1tico de la bomba al abrir o cerrar respectivamente cualquier grifo o v\u00e1lvula de la instalaci\u00f3n. Cuando la bomba arranca, se mantiene en marcha mientras persiste la apertura de cualquier v\u00e1lvula transmitiendo a la red un caudal y presi\u00f3n [&hellip;]<\/p>\n","protected":false},"featured_media":15676,"template":"","meta":[],"product_cat":[185,188],"product_tag":[],"class_list":["post-15673","product","type-product","status-publish","has-post-thumbnail","hentry","product_cat-tratamientos-de-agua","product_cat-bombas"],"publishpress_future_workflow_manual_trigger":{"enabledWorkflows":[]},"_links":{"self":[{"href":"https:\/\/www.tecowash.com\/tecowash18\/wp-json\/wp\/v2\/product\/15673"}],"collection":[{"href":"https:\/\/www.tecowash.com\/tecowash18\/wp-json\/wp\/v2\/product"}],"about":[{"href":"https:\/\/www.tecowash.com\/tecowash18\/wp-json\/wp\/v2\/types\/product"}],"wp:featuredmedia":[{"embeddable":true,"href":"https:\/\/www.tecowash.com\/tecowash18\/wp-json\/wp\/v2\/media\/15676"}],"wp:attachment":[{"href":"https:\/\/www.tecowash.com\/tecowash18\/wp-json\/wp\/v2\/media?parent=15673"}],"wp:term":[{"taxonomy":"product_cat","embeddable":true,"href":"https:\/\/www.tecowash.com\/tecowash18\/wp-json\/wp\/v2\/product_cat?post=15673"},{"taxonomy":"product_tag","embeddable":true,"href":"https:\/\/www.tecowash.com\/tecowash18\/wp-json\/wp\/v2\/product_tag?post=15673"}],"curies":[{"name":"wp","href":"https:\/\/api.w.org\/{rel}","templated":true}]}}