{"id":12689,"date":"2020-08-04T11:09:47","date_gmt":"2020-08-04T09:09:47","guid":{"rendered":"https:\/\/www.tecowash.com\/tecowash18\/?post_type=product&#038;p=12689"},"modified":"2022-09-23T12:22:26","modified_gmt":"2022-09-23T10:22:26","slug":"carpa-para-parking","status":"publish","type":"product","link":"https:\/\/www.tecowash.com\/tecowash18\/producto\/carpa-para-parking\/","title":{"rendered":"CARPA para PARKING"},"content":{"rendered":"<p><a href=\"https:\/\/www.tecowash.com\/tecowash18\/wp-content\/uploads\/2020\/08\/ESTRUCTURAS_CARPAS_MAMPARAS_tecowash_spain_JUL_2022.pdf\" target=\"_blank\" rel=\"noopener noreferrer\"><img loading=\"lazy\" decoding=\"async\" class=\"aligncenter size-full wp-image-9010\" src=\"https:\/\/www.tecowash.com\/tecowash18\/wp-content\/uploads\/2019\/10\/pdf_logo_B.png\" alt=\"\" width=\"250\" height=\"121\" srcset=\"https:\/\/www.tecowash.com\/tecowash18\/wp-content\/uploads\/2019\/10\/pdf_logo_B.png 250w, https:\/\/www.tecowash.com\/tecowash18\/wp-content\/uploads\/2019\/10\/pdf_logo_B-24x12.png 24w, https:\/\/www.tecowash.com\/tecowash18\/wp-content\/uploads\/2019\/10\/pdf_logo_B-36x17.png 36w, https:\/\/www.tecowash.com\/tecowash18\/wp-content\/uploads\/2019\/10\/pdf_logo_B-48x23.png 48w\" sizes=\"(max-width: 250px) 100vw, 250px\" \/><\/a><a href=\"https:\/\/www.tecowash.com\/tecowash18\/wp-content\/uploads\/2020\/07\/Montaje_Carpas_tecowash_spain_2021.mp4\" target=\"_blank\" rel=\"noopener noreferrer\"><img loading=\"lazy\" decoding=\"async\" class=\"aligncenter size-full wp-image-11498\" src=\"https:\/\/www.tecowash.com\/tecowash18\/wp-content\/uploads\/2020\/05\/Video_Logo_petit.png\" alt=\"\" width=\"150\" height=\"51\" srcset=\"https:\/\/www.tecowash.com\/tecowash18\/wp-content\/uploads\/2020\/05\/Video_Logo_petit.png 150w, https:\/\/www.tecowash.com\/tecowash18\/wp-content\/uploads\/2020\/05\/Video_Logo_petit-24x8.png 24w, https:\/\/www.tecowash.com\/tecowash18\/wp-content\/uploads\/2020\/05\/Video_Logo_petit-36x12.png 36w, https:\/\/www.tecowash.com\/tecowash18\/wp-content\/uploads\/2020\/05\/Video_Logo_petit-48x16.png 48w\" sizes=\"(max-width: 150px) 100vw, 150px\" \/><\/a><\/p>\n<p><a href=\"https:\/\/www.tecowash.com\/tecowash18\/wp-content\/uploads\/2018\/12\/Fluctuacion.png\"><img loading=\"lazy\" decoding=\"async\" class=\"alignleft size-large wp-image-17714\" src=\"https:\/\/www.tecowash.com\/tecowash18\/wp-content\/uploads\/2018\/12\/Fluctuacion-1024x97.png\" alt=\"\" width=\"980\" height=\"93\" srcset=\"https:\/\/www.tecowash.com\/tecowash18\/wp-content\/uploads\/2018\/12\/Fluctuacion-1024x97.png 1024w, https:\/\/www.tecowash.com\/tecowash18\/wp-content\/uploads\/2018\/12\/Fluctuacion-416x40.png 416w, https:\/\/www.tecowash.com\/tecowash18\/wp-content\/uploads\/2018\/12\/Fluctuacion-300x29.png 300w, https:\/\/www.tecowash.com\/tecowash18\/wp-content\/uploads\/2018\/12\/Fluctuacion-768x73.png 768w, https:\/\/www.tecowash.com\/tecowash18\/wp-content\/uploads\/2018\/12\/Fluctuacion-600x57.png 600w, https:\/\/www.tecowash.com\/tecowash18\/wp-content\/uploads\/2018\/12\/Fluctuacion-1536x146.png 1536w, https:\/\/www.tecowash.com\/tecowash18\/wp-content\/uploads\/2018\/12\/Fluctuacion-24x2.png 24w, https:\/\/www.tecowash.com\/tecowash18\/wp-content\/uploads\/2018\/12\/Fluctuacion-36x3.png 36w, https:\/\/www.tecowash.com\/tecowash18\/wp-content\/uploads\/2018\/12\/Fluctuacion-48x5.png 48w, https:\/\/www.tecowash.com\/tecowash18\/wp-content\/uploads\/2018\/12\/Fluctuacion.png 1600w\" sizes=\"(max-width: 980px) 100vw, 980px\" \/><\/a><\/p>\n<p>&nbsp;<\/p>\n<p>&nbsp;<\/p>\n<p>&nbsp;<\/p>\n<p><strong><span style=\"font-size: 18pt;color: #000000\">C<\/span><span style=\"font-size: 18pt\"><span style=\"color: #000000\">ARPA\u00a0 DE DISE\u00d1O PARA<\/span> <span style=\"color: #99cc00\">PARKING<\/span><\/span><\/strong><\/p>\n<p><span style=\"color: #000000\"><strong>Medidas est\u00e1ndar:<\/strong><\/span><br \/>\n<span style=\"color: #000000\"><strong>Referencia:<\/strong> CARPA-PARK \u2013 5&#215;5\u00a0 hasta 7,5 m.<\/span>\u00a0 <span style=\"color: #ff0000\"><strong>P.V. 4.560,00 \u20ac \/ unidad de 5 hasta 7,5 m<\/strong><\/span><br \/>\n<span style=\"color: #000000\"><strong>Referencia:<\/strong> CARPA-PARK \u2013 7,5\u00a0 hasta 10 m.\u00a0<\/span> \u00a0<span style=\"color: #ff0000\"><strong> P.V. 5.760,00 \u20ac \/ unidad de 7,5 hasta 10 m<\/strong><\/span><\/p>\n<p style=\"text-align: center\"><span style=\"font-size: 14pt;color: #ff0000\"><strong>Precios carpa parking con montaje incluido en pen\u00edsula <\/strong><\/span><\/p>\n<p><span style=\"color: #000000\">Estructura galvanizada y pintada con epoxi anti oxido en blanco (color est\u00e1ndar) Pilares de 160 x 160 mm x 5 mm.<\/span><br \/>\n<span style=\"color: #000000\">Colocadas en un extremo para facilitar la apertura de las puertas del veh\u00edculo.<\/span><br \/>\n<span style=\"color: #000000\">(Las medidas siempre son de centro a centro del pilar) Lona ign\u00edfuga de alta resistencia en PVC, garant\u00eda de la lona por rotura 10 a\u00f1os.<\/span><br \/>\n<span style=\"color: #000000\">Color verde est\u00e1ndar, su logotipo (letras o logotipo en color blanco) se puede incorporar en la lona.<\/span><br \/>\n<span style=\"color: #000000\">Las carpas se instalan y se unen entre si, en el conjunto de carpas incorporan unos desag\u00fces con bajante.<\/span><br \/>\n<span style=\"color: #000000\">Colores a escoger Lona y Estructura suplemento de P.V. 50 \u20ac la unidad<\/span><\/p>\n<p><img loading=\"lazy\" decoding=\"async\" class=\"wp-image-7620 size-full aligncenter\" src=\"https:\/\/www.tecowash.com\/tecowash18\/wp-content\/uploads\/2018\/12\/Montatge_Carpes_Parking_2-1.jpg\" alt=\"\" width=\"1435\" height=\"567\" srcset=\"https:\/\/www.tecowash.com\/tecowash18\/wp-content\/uploads\/2018\/12\/Montatge_Carpes_Parking_2-1.jpg 1435w, https:\/\/www.tecowash.com\/tecowash18\/wp-content\/uploads\/2018\/12\/Montatge_Carpes_Parking_2-1-416x164.jpg 416w, https:\/\/www.tecowash.com\/tecowash18\/wp-content\/uploads\/2018\/12\/Montatge_Carpes_Parking_2-1-300x119.jpg 300w, https:\/\/www.tecowash.com\/tecowash18\/wp-content\/uploads\/2018\/12\/Montatge_Carpes_Parking_2-1-768x303.jpg 768w, https:\/\/www.tecowash.com\/tecowash18\/wp-content\/uploads\/2018\/12\/Montatge_Carpes_Parking_2-1-1024x405.jpg 1024w, https:\/\/www.tecowash.com\/tecowash18\/wp-content\/uploads\/2018\/12\/Montatge_Carpes_Parking_2-1-600x237.jpg 600w, https:\/\/www.tecowash.com\/tecowash18\/wp-content\/uploads\/2018\/12\/Montatge_Carpes_Parking_2-1-24x9.jpg 24w, https:\/\/www.tecowash.com\/tecowash18\/wp-content\/uploads\/2018\/12\/Montatge_Carpes_Parking_2-1-36x14.jpg 36w, https:\/\/www.tecowash.com\/tecowash18\/wp-content\/uploads\/2018\/12\/Montatge_Carpes_Parking_2-1-48x19.jpg 48w\" sizes=\"(max-width: 1435px) 100vw, 1435px\" \/><\/p>\n<p><a href=\"https:\/\/www.tecowash.com\/tecowash18\/wp-content\/uploads\/2018\/12\/Gama_colores_lona_aspiracion.jpg\"><img loading=\"lazy\" decoding=\"async\" class=\"aligncenter size-large wp-image-13308\" src=\"https:\/\/www.tecowash.com\/tecowash18\/wp-content\/uploads\/2018\/12\/Gama_colores_lona_aspiracion-740x1024.jpg\" alt=\"\" width=\"740\" height=\"1024\" srcset=\"https:\/\/www.tecowash.com\/tecowash18\/wp-content\/uploads\/2018\/12\/Gama_colores_lona_aspiracion-740x1024.jpg 740w, https:\/\/www.tecowash.com\/tecowash18\/wp-content\/uploads\/2018\/12\/Gama_colores_lona_aspiracion-416x575.jpg 416w, https:\/\/www.tecowash.com\/tecowash18\/wp-content\/uploads\/2018\/12\/Gama_colores_lona_aspiracion-217x300.jpg 217w, https:\/\/www.tecowash.com\/tecowash18\/wp-content\/uploads\/2018\/12\/Gama_colores_lona_aspiracion-768x1062.jpg 768w, https:\/\/www.tecowash.com\/tecowash18\/wp-content\/uploads\/2018\/12\/Gama_colores_lona_aspiracion-600x830.jpg 600w, https:\/\/www.tecowash.com\/tecowash18\/wp-content\/uploads\/2018\/12\/Gama_colores_lona_aspiracion-1111x1536.jpg 1111w, https:\/\/www.tecowash.com\/tecowash18\/wp-content\/uploads\/2018\/12\/Gama_colores_lona_aspiracion-17x24.jpg 17w, https:\/\/www.tecowash.com\/tecowash18\/wp-content\/uploads\/2018\/12\/Gama_colores_lona_aspiracion-26x36.jpg 26w, https:\/\/www.tecowash.com\/tecowash18\/wp-content\/uploads\/2018\/12\/Gama_colores_lona_aspiracion-35x48.jpg 35w, https:\/\/www.tecowash.com\/tecowash18\/wp-content\/uploads\/2018\/12\/Gama_colores_lona_aspiracion.jpg 1157w\" sizes=\"(max-width: 740px) 100vw, 740px\" \/><\/a><\/p>\n","protected":false},"excerpt":{"rendered":"<p>&nbsp; &nbsp; &nbsp; CARPA\u00a0 DE DISE\u00d1O PARA PARKING Medidas est\u00e1ndar: Referencia: CARPA-PARK \u2013 5&#215;5\u00a0 hasta 7,5 m.\u00a0 P.V. 4.560,00 \u20ac \/ unidad de 5 hasta 7,5 m Referencia: CARPA-PARK \u2013 7,5\u00a0 hasta 10 m.\u00a0 \u00a0 P.V. 5.760,00 \u20ac \/ unidad de 7,5 hasta 10 m Precios carpa parking con montaje incluido en pen\u00edsula Estructura galvanizada [&hellip;]<\/p>\n","protected":false},"featured_media":12929,"template":"","meta":[],"product_cat":[192,196],"product_tag":[],"class_list":["post-12689","product","type-product","status-publish","has-post-thumbnail","hentry","product_cat-instalaciones-de-lavado","product_cat-complementos-de-autoservicio"],"publishpress_future_workflow_manual_trigger":{"enabledWorkflows":[]},"_links":{"self":[{"href":"https:\/\/www.tecowash.com\/tecowash18\/wp-json\/wp\/v2\/product\/12689"}],"collection":[{"href":"https:\/\/www.tecowash.com\/tecowash18\/wp-json\/wp\/v2\/product"}],"about":[{"href":"https:\/\/www.tecowash.com\/tecowash18\/wp-json\/wp\/v2\/types\/product"}],"wp:featuredmedia":[{"embeddable":true,"href":"https:\/\/www.tecowash.com\/tecowash18\/wp-json\/wp\/v2\/media\/12929"}],"wp:attachment":[{"href":"https:\/\/www.tecowash.com\/tecowash18\/wp-json\/wp\/v2\/media?parent=12689"}],"wp:term":[{"taxonomy":"product_cat","embeddable":true,"href":"https:\/\/www.tecowash.com\/tecowash18\/wp-json\/wp\/v2\/product_cat?post=12689"},{"taxonomy":"product_tag","embeddable":true,"href":"https:\/\/www.tecowash.com\/tecowash18\/wp-json\/wp\/v2\/product_tag?post=12689"}],"curies":[{"name":"wp","href":"https:\/\/api.w.org\/{rel}","templated":true}]}}