{"id":12641,"date":"2021-06-17T16:33:19","date_gmt":"2021-06-17T14:33:19","guid":{"rendered":"https:\/\/www.tecowash.com\/tecowash18\/?post_type=product&#038;p=12641"},"modified":"2023-11-29T10:34:50","modified_gmt":"2023-11-29T09:34:50","slug":"recogida-de-aguas-residuales-modelo-aereo-junior","status":"publish","type":"product","link":"https:\/\/www.tecowash.com\/tecowash18\/producto\/recogida-de-aguas-residuales-modelo-aereo-junior\/","title":{"rendered":"\u00abNOVEDAD\u00bb RECOGIDA DE AGUAS RESIDUALES MODELO \u00abAEREO JUNIOR\u00bb"},"content":{"rendered":"<p><a href=\"https:\/\/www.tecowash.com\/tecowash18\/wp-content\/uploads\/2021\/06\/JUNIOR_tecowash_spain_DES_2023.pdf\" target=\"_blank\" rel=\"noopener\"><img loading=\"lazy\" decoding=\"async\" class=\"aligncenter size-full wp-image-9010\" src=\"https:\/\/www.tecowash.com\/tecowash18\/wp-content\/uploads\/2019\/10\/pdf_logo_B.png\" alt=\"\" width=\"250\" height=\"121\" srcset=\"https:\/\/www.tecowash.com\/tecowash18\/wp-content\/uploads\/2019\/10\/pdf_logo_B.png 250w, https:\/\/www.tecowash.com\/tecowash18\/wp-content\/uploads\/2019\/10\/pdf_logo_B-24x12.png 24w, https:\/\/www.tecowash.com\/tecowash18\/wp-content\/uploads\/2019\/10\/pdf_logo_B-36x17.png 36w, https:\/\/www.tecowash.com\/tecowash18\/wp-content\/uploads\/2019\/10\/pdf_logo_B-48x23.png 48w\" sizes=\"(max-width: 250px) 100vw, 250px\" \/><\/a><\/p>\n<p><strong><span style=\"font-size: 18pt;\">RECOGIDA DE AGUAS RESIDUALES <span style=\"color: #99cc00;\">\u00abAEREO JUNIOR\u00bb<\/span><\/span><\/strong><\/p>\n<p><strong>Referencia: <\/strong>TEC0042.<strong> Recogida de Aguas Residuales Modelo \u00abA\u00e9reo Junior\u00bb. <span style=\"color: #ff0000;\">P.V. TOTAL: 5.178,00 \u20ac<\/span><\/strong><\/p>\n<p>Este conjunto est\u00e1 pensado para lavaderos industriales o de gran tama\u00f1o, concesionarios, negocios de alquiler de veh\u00edculos, flotas, etc. Para clientes que quieran ahorrase el coste de soterrar el dep\u00f3sito y sus elementos o para clientes que en un futuro deseen desmontar el filtraje de aguas. <br \/>\nEn este conjunto de elementos con referencia: TEC0042, no vienen inlucidos estos materiales o trabajos: las mangueras de agua de 1\u201d, el tupo de PVC de 160 mm, la regilla, pre-marco de la arqueta recogida de aguas sucias, tubo corrugado ni la obra civil.<\/p>\n<p><strong>En caso de querer un separador de hisdrocarburos o separador, m\u00e1s grande o m\u00e1s peque\u00f1o tiene en el PDF los precios, y usted prodr\u00e1 confeccionar su combinaci\u00f3n.<\/strong><\/p>\n<p>&nbsp;<\/p>\n<p><a href=\"https:\/\/www.tecowash.com\/tecowash18\/wp-content\/uploads\/2021\/06\/AEREO_Petit_.png\" target=\"_blank\" rel=\"noopener noreferrer\"><img loading=\"lazy\" decoding=\"async\" class=\"alignleft wp-image-19246 size-full\" src=\"https:\/\/www.tecowash.com\/tecowash18\/wp-content\/uploads\/2021\/06\/AEREO_Petit_.png\" alt=\"\" width=\"1239\" height=\"546\" srcset=\"https:\/\/www.tecowash.com\/tecowash18\/wp-content\/uploads\/2021\/06\/AEREO_Petit_.png 1239w, https:\/\/www.tecowash.com\/tecowash18\/wp-content\/uploads\/2021\/06\/AEREO_Petit_-300x132.png 300w, https:\/\/www.tecowash.com\/tecowash18\/wp-content\/uploads\/2021\/06\/AEREO_Petit_-1024x451.png 1024w, https:\/\/www.tecowash.com\/tecowash18\/wp-content\/uploads\/2021\/06\/AEREO_Petit_-768x338.png 768w, https:\/\/www.tecowash.com\/tecowash18\/wp-content\/uploads\/2021\/06\/AEREO_Petit_-600x264.png 600w, https:\/\/www.tecowash.com\/tecowash18\/wp-content\/uploads\/2021\/06\/AEREO_Petit_-24x11.png 24w, https:\/\/www.tecowash.com\/tecowash18\/wp-content\/uploads\/2021\/06\/AEREO_Petit_-36x16.png 36w, https:\/\/www.tecowash.com\/tecowash18\/wp-content\/uploads\/2021\/06\/AEREO_Petit_-48x21.png 48w, https:\/\/www.tecowash.com\/tecowash18\/wp-content\/uploads\/2021\/06\/AEREO_Petit_-416x183.png 416w\" sizes=\"(max-width: 1239px) 100vw, 1239px\" \/><\/a><\/p>\n","protected":false},"excerpt":{"rendered":"<p>RECOGIDA DE AGUAS RESIDUALES \u00abAEREO JUNIOR\u00bb Referencia: TEC0042. Recogida de Aguas Residuales Modelo \u00abA\u00e9reo Junior\u00bb. P.V. TOTAL: 5.178,00 \u20ac Este conjunto est\u00e1 pensado para lavaderos industriales o de gran tama\u00f1o, concesionarios, negocios de alquiler de veh\u00edculos, flotas, etc. Para clientes que quieran ahorrase el coste de soterrar el dep\u00f3sito y sus elementos o para clientes [&hellip;]<\/p>\n","protected":false},"featured_media":12646,"template":"","meta":[],"product_cat":[185,198],"product_tag":[],"class_list":["post-12641","product","type-product","status-publish","has-post-thumbnail","hentry","product_cat-tratamientos-de-agua","product_cat-recogida-de-aguas-residuales"],"publishpress_future_workflow_manual_trigger":{"enabledWorkflows":[]},"_links":{"self":[{"href":"https:\/\/www.tecowash.com\/tecowash18\/wp-json\/wp\/v2\/product\/12641"}],"collection":[{"href":"https:\/\/www.tecowash.com\/tecowash18\/wp-json\/wp\/v2\/product"}],"about":[{"href":"https:\/\/www.tecowash.com\/tecowash18\/wp-json\/wp\/v2\/types\/product"}],"wp:featuredmedia":[{"embeddable":true,"href":"https:\/\/www.tecowash.com\/tecowash18\/wp-json\/wp\/v2\/media\/12646"}],"wp:attachment":[{"href":"https:\/\/www.tecowash.com\/tecowash18\/wp-json\/wp\/v2\/media?parent=12641"}],"wp:term":[{"taxonomy":"product_cat","embeddable":true,"href":"https:\/\/www.tecowash.com\/tecowash18\/wp-json\/wp\/v2\/product_cat?post=12641"},{"taxonomy":"product_tag","embeddable":true,"href":"https:\/\/www.tecowash.com\/tecowash18\/wp-json\/wp\/v2\/product_tag?post=12641"}],"curies":[{"name":"wp","href":"https:\/\/api.w.org\/{rel}","templated":true}]}}