{"id":12627,"date":"2020-07-31T16:34:51","date_gmt":"2020-07-31T14:34:51","guid":{"rendered":"https:\/\/www.tecowash.com\/tecowash18\/?post_type=product&#038;p=12627"},"modified":"2022-09-23T12:23:18","modified_gmt":"2022-09-23T10:23:18","slug":"marquesinas-para-gasolineras","status":"publish","type":"product","link":"https:\/\/www.tecowash.com\/tecowash18\/producto\/marquesinas-para-gasolineras\/","title":{"rendered":"MARQUESINAS para GASOLINERAS"},"content":{"rendered":"<p><a href=\"https:\/\/www.tecowash.com\/tecowash18\/wp-content\/uploads\/2020\/08\/ESTRUCTURAS_CARPAS_MAMPARAS_tecowash_spain_JUL_2022.pdf\" target=\"_blank\" rel=\"noopener noreferrer\"><img loading=\"lazy\" decoding=\"async\" class=\"aligncenter size-full wp-image-9010\" src=\"https:\/\/www.tecowash.com\/tecowash18\/wp-content\/uploads\/2019\/10\/pdf_logo_B.png\" alt=\"\" width=\"250\" height=\"121\" srcset=\"https:\/\/www.tecowash.com\/tecowash18\/wp-content\/uploads\/2019\/10\/pdf_logo_B.png 250w, https:\/\/www.tecowash.com\/tecowash18\/wp-content\/uploads\/2019\/10\/pdf_logo_B-24x12.png 24w, https:\/\/www.tecowash.com\/tecowash18\/wp-content\/uploads\/2019\/10\/pdf_logo_B-36x17.png 36w, https:\/\/www.tecowash.com\/tecowash18\/wp-content\/uploads\/2019\/10\/pdf_logo_B-48x23.png 48w\" sizes=\"(max-width: 250px) 100vw, 250px\" \/><\/a><\/p>\n<p>&nbsp;<\/p>\n<p><a href=\"https:\/\/www.tecowash.com\/tecowash18\/wp-content\/uploads\/2018\/12\/Fluctuacion.png\"><img loading=\"lazy\" decoding=\"async\" class=\"alignleft size-large wp-image-17714\" src=\"https:\/\/www.tecowash.com\/tecowash18\/wp-content\/uploads\/2018\/12\/Fluctuacion-1024x97.png\" alt=\"\" width=\"980\" height=\"93\" srcset=\"https:\/\/www.tecowash.com\/tecowash18\/wp-content\/uploads\/2018\/12\/Fluctuacion-1024x97.png 1024w, https:\/\/www.tecowash.com\/tecowash18\/wp-content\/uploads\/2018\/12\/Fluctuacion-416x40.png 416w, https:\/\/www.tecowash.com\/tecowash18\/wp-content\/uploads\/2018\/12\/Fluctuacion-300x29.png 300w, https:\/\/www.tecowash.com\/tecowash18\/wp-content\/uploads\/2018\/12\/Fluctuacion-768x73.png 768w, https:\/\/www.tecowash.com\/tecowash18\/wp-content\/uploads\/2018\/12\/Fluctuacion-600x57.png 600w, https:\/\/www.tecowash.com\/tecowash18\/wp-content\/uploads\/2018\/12\/Fluctuacion-1536x146.png 1536w, https:\/\/www.tecowash.com\/tecowash18\/wp-content\/uploads\/2018\/12\/Fluctuacion-24x2.png 24w, https:\/\/www.tecowash.com\/tecowash18\/wp-content\/uploads\/2018\/12\/Fluctuacion-36x3.png 36w, https:\/\/www.tecowash.com\/tecowash18\/wp-content\/uploads\/2018\/12\/Fluctuacion-48x5.png 48w, https:\/\/www.tecowash.com\/tecowash18\/wp-content\/uploads\/2018\/12\/Fluctuacion.png 1600w\" sizes=\"(max-width: 980px) 100vw, 980px\" \/><\/a><\/p>\n<p>&nbsp;<\/p>\n<p>&nbsp;<\/p>\n<p>&nbsp;<\/p>\n<p><span style=\"font-size: 18pt\"><strong><span style=\"color: #000000\">MARQUESINAS para <span style=\"color: #99cc00\">\u00a0GASOLINERAS<\/span><\/span><\/strong><\/span><\/p>\n<p><span style=\"font-size: 14pt\"><span style=\"color: #000000\"><strong>Medidas:<\/strong> 4,5 m (altura libre de pilar) x 6,5 m (anchura) x 18 m (largo).<\/span><strong> <span style=\"color: #ff0000\">P.V. 27.600,00 \u20ac<\/span><\/strong><\/span><br \/>\n<span style=\"color: #000000\">Estructura galvanizada y pintada en blanco (color est\u00e1ndar) epoxi anti \u00f3xido<\/span><br \/>\n<span style=\"color: #000000\">4 pilares de centro a centro de pilar 10 m, voladizo izquierdo y derecho 4,80 m<\/span><br \/>\n<span style=\"color: #000000\">Su logotipo se puede incorporado en la lona<\/span><br \/>\n<span style=\"color: #000000\">Color de lona (color verde estandar) y de estructura a escoger<\/span><br \/>\n<span style=\"color: #000000\">Lona ign\u00edfuga, garant\u00eda de la lona por rotura 10 a\u00f1os<\/span><br \/>\n<span style=\"color: #000000\">Otras medidas consultar Dep. Comercial: 655 564 79<\/span><\/p>\n<p>&nbsp;<\/p>\n<p><a href=\"https:\/\/www.tecowash.com\/tecowash18\/wp-content\/uploads\/2020\/07\/Marquesina_Gasolinera_A_tecowash_2020.jpg\"><img loading=\"lazy\" decoding=\"async\" class=\"aligncenter size-full wp-image-12632\" src=\"https:\/\/www.tecowash.com\/tecowash18\/wp-content\/uploads\/2020\/07\/Marquesina_Gasolinera_A_tecowash_2020.jpg\" alt=\"\" width=\"1078\" height=\"541\" srcset=\"https:\/\/www.tecowash.com\/tecowash18\/wp-content\/uploads\/2020\/07\/Marquesina_Gasolinera_A_tecowash_2020.jpg 1078w, https:\/\/www.tecowash.com\/tecowash18\/wp-content\/uploads\/2020\/07\/Marquesina_Gasolinera_A_tecowash_2020-416x209.jpg 416w, https:\/\/www.tecowash.com\/tecowash18\/wp-content\/uploads\/2020\/07\/Marquesina_Gasolinera_A_tecowash_2020-300x151.jpg 300w, https:\/\/www.tecowash.com\/tecowash18\/wp-content\/uploads\/2020\/07\/Marquesina_Gasolinera_A_tecowash_2020-1024x514.jpg 1024w, https:\/\/www.tecowash.com\/tecowash18\/wp-content\/uploads\/2020\/07\/Marquesina_Gasolinera_A_tecowash_2020-768x385.jpg 768w, https:\/\/www.tecowash.com\/tecowash18\/wp-content\/uploads\/2020\/07\/Marquesina_Gasolinera_A_tecowash_2020-600x301.jpg 600w, https:\/\/www.tecowash.com\/tecowash18\/wp-content\/uploads\/2020\/07\/Marquesina_Gasolinera_A_tecowash_2020-24x12.jpg 24w, https:\/\/www.tecowash.com\/tecowash18\/wp-content\/uploads\/2020\/07\/Marquesina_Gasolinera_A_tecowash_2020-36x18.jpg 36w, https:\/\/www.tecowash.com\/tecowash18\/wp-content\/uploads\/2020\/07\/Marquesina_Gasolinera_A_tecowash_2020-48x24.jpg 48w\" sizes=\"(max-width: 1078px) 100vw, 1078px\" \/><\/a><\/p>\n<p><a href=\"https:\/\/www.tecowash.com\/tecowash18\/wp-content\/uploads\/2020\/07\/Marquesina_Gasolineras_tecowash_2020_B.png\"><img loading=\"lazy\" decoding=\"async\" class=\"aligncenter size-full wp-image-12656\" src=\"https:\/\/www.tecowash.com\/tecowash18\/wp-content\/uploads\/2020\/07\/Marquesina_Gasolineras_tecowash_2020_B.png\" alt=\"\" width=\"1024\" height=\"576\" srcset=\"https:\/\/www.tecowash.com\/tecowash18\/wp-content\/uploads\/2020\/07\/Marquesina_Gasolineras_tecowash_2020_B.png 1024w, https:\/\/www.tecowash.com\/tecowash18\/wp-content\/uploads\/2020\/07\/Marquesina_Gasolineras_tecowash_2020_B-416x234.png 416w, https:\/\/www.tecowash.com\/tecowash18\/wp-content\/uploads\/2020\/07\/Marquesina_Gasolineras_tecowash_2020_B-300x169.png 300w, https:\/\/www.tecowash.com\/tecowash18\/wp-content\/uploads\/2020\/07\/Marquesina_Gasolineras_tecowash_2020_B-768x432.png 768w, https:\/\/www.tecowash.com\/tecowash18\/wp-content\/uploads\/2020\/07\/Marquesina_Gasolineras_tecowash_2020_B-600x338.png 600w, https:\/\/www.tecowash.com\/tecowash18\/wp-content\/uploads\/2020\/07\/Marquesina_Gasolineras_tecowash_2020_B-24x14.png 24w, https:\/\/www.tecowash.com\/tecowash18\/wp-content\/uploads\/2020\/07\/Marquesina_Gasolineras_tecowash_2020_B-36x20.png 36w, https:\/\/www.tecowash.com\/tecowash18\/wp-content\/uploads\/2020\/07\/Marquesina_Gasolineras_tecowash_2020_B-48x27.png 48w\" sizes=\"(max-width: 1024px) 100vw, 1024px\" \/><\/a><\/p>\n<p><a href=\"https:\/\/www.tecowash.com\/tecowash18\/wp-content\/uploads\/2020\/07\/Marquesina_Gasolinera_B_tecowash_2020.jpg\"><img loading=\"lazy\" decoding=\"async\" class=\"aligncenter size-full wp-image-12633\" src=\"https:\/\/www.tecowash.com\/tecowash18\/wp-content\/uploads\/2020\/07\/Marquesina_Gasolinera_B_tecowash_2020.jpg\" alt=\"\" width=\"1017\" height=\"511\" srcset=\"https:\/\/www.tecowash.com\/tecowash18\/wp-content\/uploads\/2020\/07\/Marquesina_Gasolinera_B_tecowash_2020.jpg 1017w, https:\/\/www.tecowash.com\/tecowash18\/wp-content\/uploads\/2020\/07\/Marquesina_Gasolinera_B_tecowash_2020-416x209.jpg 416w, https:\/\/www.tecowash.com\/tecowash18\/wp-content\/uploads\/2020\/07\/Marquesina_Gasolinera_B_tecowash_2020-300x151.jpg 300w, https:\/\/www.tecowash.com\/tecowash18\/wp-content\/uploads\/2020\/07\/Marquesina_Gasolinera_B_tecowash_2020-768x386.jpg 768w, https:\/\/www.tecowash.com\/tecowash18\/wp-content\/uploads\/2020\/07\/Marquesina_Gasolinera_B_tecowash_2020-600x301.jpg 600w, https:\/\/www.tecowash.com\/tecowash18\/wp-content\/uploads\/2020\/07\/Marquesina_Gasolinera_B_tecowash_2020-24x12.jpg 24w, https:\/\/www.tecowash.com\/tecowash18\/wp-content\/uploads\/2020\/07\/Marquesina_Gasolinera_B_tecowash_2020-36x18.jpg 36w, https:\/\/www.tecowash.com\/tecowash18\/wp-content\/uploads\/2020\/07\/Marquesina_Gasolinera_B_tecowash_2020-48x24.jpg 48w\" sizes=\"(max-width: 1017px) 100vw, 1017px\" \/><\/a><\/p>\n<p><a href=\"https:\/\/www.tecowash.com\/tecowash18\/wp-content\/uploads\/2020\/07\/Marquesina_Gasolineras_3_tecowash_2020.png\"><img loading=\"lazy\" decoding=\"async\" class=\"aligncenter size-full wp-image-12655\" src=\"https:\/\/www.tecowash.com\/tecowash18\/wp-content\/uploads\/2020\/07\/Marquesina_Gasolineras_3_tecowash_2020.png\" alt=\"\" width=\"1046\" height=\"588\" srcset=\"https:\/\/www.tecowash.com\/tecowash18\/wp-content\/uploads\/2020\/07\/Marquesina_Gasolineras_3_tecowash_2020.png 1046w, https:\/\/www.tecowash.com\/tecowash18\/wp-content\/uploads\/2020\/07\/Marquesina_Gasolineras_3_tecowash_2020-416x234.png 416w, https:\/\/www.tecowash.com\/tecowash18\/wp-content\/uploads\/2020\/07\/Marquesina_Gasolineras_3_tecowash_2020-300x169.png 300w, https:\/\/www.tecowash.com\/tecowash18\/wp-content\/uploads\/2020\/07\/Marquesina_Gasolineras_3_tecowash_2020-1024x576.png 1024w, https:\/\/www.tecowash.com\/tecowash18\/wp-content\/uploads\/2020\/07\/Marquesina_Gasolineras_3_tecowash_2020-768x432.png 768w, https:\/\/www.tecowash.com\/tecowash18\/wp-content\/uploads\/2020\/07\/Marquesina_Gasolineras_3_tecowash_2020-600x337.png 600w, https:\/\/www.tecowash.com\/tecowash18\/wp-content\/uploads\/2020\/07\/Marquesina_Gasolineras_3_tecowash_2020-24x13.png 24w, https:\/\/www.tecowash.com\/tecowash18\/wp-content\/uploads\/2020\/07\/Marquesina_Gasolineras_3_tecowash_2020-36x20.png 36w, https:\/\/www.tecowash.com\/tecowash18\/wp-content\/uploads\/2020\/07\/Marquesina_Gasolineras_3_tecowash_2020-48x27.png 48w\" sizes=\"(max-width: 1046px) 100vw, 1046px\" \/><\/a><a href=\"https:\/\/www.tecowash.com\/tecowash18\/wp-content\/uploads\/2020\/07\/Gama_Colores_Lonas_tecowash.jpg\"><img loading=\"lazy\" decoding=\"async\" class=\"aligncenter size-large wp-image-13305\" src=\"https:\/\/www.tecowash.com\/tecowash18\/wp-content\/uploads\/2020\/07\/Gama_Colores_Lonas_tecowash-740x1024.jpg\" alt=\"\" width=\"740\" height=\"1024\" srcset=\"https:\/\/www.tecowash.com\/tecowash18\/wp-content\/uploads\/2020\/07\/Gama_Colores_Lonas_tecowash-740x1024.jpg 740w, https:\/\/www.tecowash.com\/tecowash18\/wp-content\/uploads\/2020\/07\/Gama_Colores_Lonas_tecowash-416x576.jpg 416w, https:\/\/www.tecowash.com\/tecowash18\/wp-content\/uploads\/2020\/07\/Gama_Colores_Lonas_tecowash-217x300.jpg 217w, https:\/\/www.tecowash.com\/tecowash18\/wp-content\/uploads\/2020\/07\/Gama_Colores_Lonas_tecowash-600x830.jpg 600w, https:\/\/www.tecowash.com\/tecowash18\/wp-content\/uploads\/2020\/07\/Gama_Colores_Lonas_tecowash-17x24.jpg 17w, https:\/\/www.tecowash.com\/tecowash18\/wp-content\/uploads\/2020\/07\/Gama_Colores_Lonas_tecowash-26x36.jpg 26w, https:\/\/www.tecowash.com\/tecowash18\/wp-content\/uploads\/2020\/07\/Gama_Colores_Lonas_tecowash-35x48.jpg 35w, https:\/\/www.tecowash.com\/tecowash18\/wp-content\/uploads\/2020\/07\/Gama_Colores_Lonas_tecowash.jpg 743w\" sizes=\"(max-width: 740px) 100vw, 740px\" \/><\/a><\/p>\n","protected":false},"excerpt":{"rendered":"<p>&nbsp; &nbsp; &nbsp; &nbsp; MARQUESINAS para \u00a0GASOLINERAS Medidas: 4,5 m (altura libre de pilar) x 6,5 m (anchura) x 18 m (largo). P.V. 27.600,00 \u20ac Estructura galvanizada y pintada en blanco (color est\u00e1ndar) epoxi anti \u00f3xido 4 pilares de centro a centro de pilar 10 m, voladizo izquierdo y derecho 4,80 m Su logotipo se [&hellip;]<\/p>\n","protected":false},"featured_media":12631,"template":"","meta":[],"product_cat":[192,196],"product_tag":[],"class_list":["post-12627","product","type-product","status-publish","has-post-thumbnail","hentry","product_cat-instalaciones-de-lavado","product_cat-complementos-de-autoservicio"],"publishpress_future_workflow_manual_trigger":{"enabledWorkflows":[]},"_links":{"self":[{"href":"https:\/\/www.tecowash.com\/tecowash18\/wp-json\/wp\/v2\/product\/12627"}],"collection":[{"href":"https:\/\/www.tecowash.com\/tecowash18\/wp-json\/wp\/v2\/product"}],"about":[{"href":"https:\/\/www.tecowash.com\/tecowash18\/wp-json\/wp\/v2\/types\/product"}],"wp:featuredmedia":[{"embeddable":true,"href":"https:\/\/www.tecowash.com\/tecowash18\/wp-json\/wp\/v2\/media\/12631"}],"wp:attachment":[{"href":"https:\/\/www.tecowash.com\/tecowash18\/wp-json\/wp\/v2\/media?parent=12627"}],"wp:term":[{"taxonomy":"product_cat","embeddable":true,"href":"https:\/\/www.tecowash.com\/tecowash18\/wp-json\/wp\/v2\/product_cat?post=12627"},{"taxonomy":"product_tag","embeddable":true,"href":"https:\/\/www.tecowash.com\/tecowash18\/wp-json\/wp\/v2\/product_tag?post=12627"}],"curies":[{"name":"wp","href":"https:\/\/api.w.org\/{rel}","templated":true}]}}