{"id":10901,"date":"2020-03-05T11:30:00","date_gmt":"2020-03-05T10:30:00","guid":{"rendered":"https:\/\/www.tecowash.com\/tecowash18\/?post_type=product&#038;p=10901"},"modified":"2021-04-15T12:32:42","modified_gmt":"2021-04-15T10:32:42","slug":"central-pulverizadora-para-acidos-2","status":"publish","type":"product","link":"https:\/\/www.tecowash.com\/tecowash18\/producto\/central-pulverizadora-para-acidos-2\/","title":{"rendered":"CENTRAL PULVERIZADORA PARA A\u0301CIDOS"},"content":{"rendered":"<div class=\"page\" title=\"Page 84\">\n<div class=\"section\">\n<div class=\"layoutArea\">\n<div class=\"column\">\n<p><a href=\"https:\/\/www.tecowash.com\/tecowash18\/wp-content\/uploads\/2018\/07\/Central_Pulverizadora_tecowash_spain_2021.pdf\" target=\"_blank\" rel=\"noopener noreferrer\"><img loading=\"lazy\" decoding=\"async\" class=\"aligncenter size-full wp-image-9010\" src=\"https:\/\/www.tecowash.com\/tecowash18\/wp-content\/uploads\/2019\/10\/pdf_logo_B.png\" alt=\"\" width=\"250\" height=\"121\" srcset=\"https:\/\/www.tecowash.com\/tecowash18\/wp-content\/uploads\/2019\/10\/pdf_logo_B.png 250w, https:\/\/www.tecowash.com\/tecowash18\/wp-content\/uploads\/2019\/10\/pdf_logo_B-24x12.png 24w, https:\/\/www.tecowash.com\/tecowash18\/wp-content\/uploads\/2019\/10\/pdf_logo_B-36x17.png 36w, https:\/\/www.tecowash.com\/tecowash18\/wp-content\/uploads\/2019\/10\/pdf_logo_B-48x23.png 48w\" sizes=\"(max-width: 250px) 100vw, 250px\" \/><\/a><\/p>\n<p>&nbsp;<\/p>\n<p><a href=\"https:\/\/vimeo.com\/61017096\" target=\"_blank\" rel=\"noopener noreferrer\"><img loading=\"lazy\" decoding=\"async\" class=\"aligncenter wp-image-10489 size-medium\" src=\"https:\/\/www.tecowash.com\/tecowash18\/wp-content\/uploads\/2018\/07\/Central_Pulverizadora_Acidos_tecowash_77-300x54.png\" alt=\"\" width=\"300\" height=\"54\" srcset=\"https:\/\/www.tecowash.com\/tecowash18\/wp-content\/uploads\/2018\/07\/Central_Pulverizadora_Acidos_tecowash_77-300x54.png 300w, https:\/\/www.tecowash.com\/tecowash18\/wp-content\/uploads\/2018\/07\/Central_Pulverizadora_Acidos_tecowash_77-416x75.png 416w, https:\/\/www.tecowash.com\/tecowash18\/wp-content\/uploads\/2018\/07\/Central_Pulverizadora_Acidos_tecowash_77-24x4.png 24w, https:\/\/www.tecowash.com\/tecowash18\/wp-content\/uploads\/2018\/07\/Central_Pulverizadora_Acidos_tecowash_77-36x6.png 36w, https:\/\/www.tecowash.com\/tecowash18\/wp-content\/uploads\/2018\/07\/Central_Pulverizadora_Acidos_tecowash_77-48x9.png 48w, https:\/\/www.tecowash.com\/tecowash18\/wp-content\/uploads\/2018\/07\/Central_Pulverizadora_Acidos_tecowash_77.png 480w\" sizes=\"(max-width: 300px) 100vw, 300px\" \/><\/a><\/p>\n<p><strong><span style=\"font-size: 18pt\"><span style=\"color: #000000\">CENTRAL PULVERIZADORA\u00a0<\/span>\u00a0<span style=\"color: #99cc00\">A\u0301CIDOS<\/span><\/span><\/strong><\/p>\n<p><span style=\"color: #000000\"><strong>Referencia:<\/strong> ACID 0625 C &#8211;\u00a0\u00a0<strong>Central\u00a0 P\u00falverizadora para \u00c1cidos.<\/strong><\/span><br \/>\n<span style=\"color: #000000\">Central pulverizadora con lanza de 90cm PVC\u00a0 para dosificacio\u0301n de producto qui\u0301mico a\u0301cido, manguera de 25mts.<\/span><br \/>\n<span style=\"color: #000000\">La Central Pulverizadora consiste en un sistema que mezcla agua con el detergente . Con la dosificaci\u00f3n que nosotros queramos, <\/span><br \/>\n<span style=\"color: #000000\">sin tener que manipular ni prediluir los productos.La dosificaci\u00f3n de los productos se regula a trav\u00e9s de unos chicles que trae <\/span><br \/>\n<span style=\"color: #000000\">el mismo equipo y se puede regular del 0,5% hasta el 20%.La Central Pulverizadora s\u00f3lo necesita conectar con una toma de agua, <\/span><br \/>\n<span style=\"color: #000000\">d\u00f3nde tenga un grifo y que tengamos entre un m\u00ednimo de 1 Bar de presi\u00f3n a un m\u00e1ximo de 6 Bares.<\/span><\/p>\n<\/div>\n<p>&nbsp;<\/p>\n<\/div>\n<\/div>\n<\/div>\n","protected":false},"excerpt":{"rendered":"<p>&nbsp; CENTRAL PULVERIZADORA\u00a0\u00a0A\u0301CIDOS Referencia: ACID 0625 C &#8211;\u00a0\u00a0Central\u00a0 P\u00falverizadora para \u00c1cidos. Central pulverizadora con lanza de 90cm PVC\u00a0 para dosificacio\u0301n de producto qui\u0301mico a\u0301cido, manguera de 25mts. La Central Pulverizadora consiste en un sistema que mezcla agua con el detergente . Con la dosificaci\u00f3n que nosotros queramos, sin tener que manipular ni prediluir los productos.La [&hellip;]<\/p>\n","protected":false},"featured_media":10903,"template":"","meta":[],"product_cat":[96,160],"product_tag":[],"class_list":["post-10901","product","type-product","status-publish","has-post-thumbnail","hentry","product_cat-maquinaria-de-lavado-manual","product_cat-pulverizadores"],"publishpress_future_workflow_manual_trigger":{"enabledWorkflows":[]},"_links":{"self":[{"href":"https:\/\/www.tecowash.com\/tecowash18\/wp-json\/wp\/v2\/product\/10901"}],"collection":[{"href":"https:\/\/www.tecowash.com\/tecowash18\/wp-json\/wp\/v2\/product"}],"about":[{"href":"https:\/\/www.tecowash.com\/tecowash18\/wp-json\/wp\/v2\/types\/product"}],"wp:featuredmedia":[{"embeddable":true,"href":"https:\/\/www.tecowash.com\/tecowash18\/wp-json\/wp\/v2\/media\/10903"}],"wp:attachment":[{"href":"https:\/\/www.tecowash.com\/tecowash18\/wp-json\/wp\/v2\/media?parent=10901"}],"wp:term":[{"taxonomy":"product_cat","embeddable":true,"href":"https:\/\/www.tecowash.com\/tecowash18\/wp-json\/wp\/v2\/product_cat?post=10901"},{"taxonomy":"product_tag","embeddable":true,"href":"https:\/\/www.tecowash.com\/tecowash18\/wp-json\/wp\/v2\/product_tag?post=10901"}],"curies":[{"name":"wp","href":"https:\/\/api.w.org\/{rel}","templated":true}]}}