{"id":10848,"date":"2020-03-05T11:15:18","date_gmt":"2020-03-05T10:15:18","guid":{"rendered":"https:\/\/www.tecowash.com\/tecowash18\/?post_type=product&#038;p=10848"},"modified":"2023-05-17T10:18:04","modified_gmt":"2023-05-17T08:18:04","slug":"filtro-garrafa-2","status":"publish","type":"product","link":"https:\/\/www.tecowash.com\/tecowash18\/producto\/filtro-garrafa-2\/","title":{"rendered":"FILTRO PL\u00c1STICO"},"content":{"rendered":"<p><a href=\"https:\/\/www.tecowash.com\/tecowash18\/wp-content\/uploads\/2023\/03\/EQUIPOS_de_ESPUMA_tecowash_spain_MAY_2023.pdf\" target=\"_blank\" rel=\"noopener noreferrer\"><img loading=\"lazy\" decoding=\"async\" class=\"aligncenter size-full wp-image-9010\" src=\"https:\/\/www.tecowash.com\/tecowash18\/wp-content\/uploads\/2019\/10\/pdf_logo_B.png\" alt=\"\" width=\"250\" height=\"121\" srcset=\"https:\/\/www.tecowash.com\/tecowash18\/wp-content\/uploads\/2019\/10\/pdf_logo_B.png 250w, https:\/\/www.tecowash.com\/tecowash18\/wp-content\/uploads\/2019\/10\/pdf_logo_B-24x12.png 24w, https:\/\/www.tecowash.com\/tecowash18\/wp-content\/uploads\/2019\/10\/pdf_logo_B-36x17.png 36w, https:\/\/www.tecowash.com\/tecowash18\/wp-content\/uploads\/2019\/10\/pdf_logo_B-48x23.png 48w\" sizes=\"(max-width: 250px) 100vw, 250px\" \/><\/a><\/p>\n<p><strong><span style=\"font-size: 18pt;\"><span style=\"color: #000000;\">FILTRO<\/span> <span style=\"color: #99cc00;\">PL\u00c1STICO<\/span><\/span><\/strong><\/p>\n<p><span style=\"color: #000000; font-size: 14pt;\"><strong>Referencia:<\/strong> 230002. <strong>Filtro Pl\u00e1stico.<\/strong><\/span><br \/>\n<span style=\"color: #000000;\">Filtro Pl\u00e1stico para detergentes.<\/span><br \/>\n<span style=\"color: #000000;\">Filtro Anti retorno para: Inyector ST 168, Inyector ST160, o Diludosis.<\/span><\/p>\n","protected":false},"excerpt":{"rendered":"<p>FILTRO PL\u00c1STICO Referencia: 230002. Filtro Pl\u00e1stico. Filtro Pl\u00e1stico para detergentes. Filtro Anti retorno para: Inyector ST 168, Inyector ST160, o Diludosis.<\/p>\n","protected":false},"featured_media":10849,"template":"","meta":[],"product_cat":[96,163],"product_tag":[],"class_list":["post-10848","product","type-product","status-publish","has-post-thumbnail","hentry","product_cat-maquinaria-de-lavado-manual","product_cat-kits-de-espuma"],"publishpress_future_workflow_manual_trigger":{"enabledWorkflows":[]},"_links":{"self":[{"href":"https:\/\/www.tecowash.com\/tecowash18\/wp-json\/wp\/v2\/product\/10848"}],"collection":[{"href":"https:\/\/www.tecowash.com\/tecowash18\/wp-json\/wp\/v2\/product"}],"about":[{"href":"https:\/\/www.tecowash.com\/tecowash18\/wp-json\/wp\/v2\/types\/product"}],"wp:featuredmedia":[{"embeddable":true,"href":"https:\/\/www.tecowash.com\/tecowash18\/wp-json\/wp\/v2\/media\/10849"}],"wp:attachment":[{"href":"https:\/\/www.tecowash.com\/tecowash18\/wp-json\/wp\/v2\/media?parent=10848"}],"wp:term":[{"taxonomy":"product_cat","embeddable":true,"href":"https:\/\/www.tecowash.com\/tecowash18\/wp-json\/wp\/v2\/product_cat?post=10848"},{"taxonomy":"product_tag","embeddable":true,"href":"https:\/\/www.tecowash.com\/tecowash18\/wp-json\/wp\/v2\/product_tag?post=10848"}],"curies":[{"name":"wp","href":"https:\/\/api.w.org\/{rel}","templated":true}]}}