{"id":10817,"date":"2020-03-05T11:04:41","date_gmt":"2020-03-05T10:04:41","guid":{"rendered":"https:\/\/www.tecowash.com\/tecowash18\/?post_type=product&#038;p=10817"},"modified":"2023-05-17T10:18:47","modified_gmt":"2023-05-17T08:18:47","slug":"inyector-de-espuma-inoxidable-robusto-st168-2","status":"publish","type":"product","link":"https:\/\/www.tecowash.com\/tecowash18\/producto\/inyector-de-espuma-inoxidable-robusto-st168-2\/","title":{"rendered":"INYECTOR DE ESPUMA INOXIDABLE ROBUSTO ST168"},"content":{"rendered":"<p><a href=\"https:\/\/www.tecowash.com\/tecowash18\/wp-content\/uploads\/2023\/03\/EQUIPOS_de_ESPUMA_tecowash_spain_MAY_2023.pdf\" target=\"_blank\" rel=\"noopener noreferrer\"><img loading=\"lazy\" decoding=\"async\" class=\"aligncenter size-full wp-image-9010\" src=\"https:\/\/www.tecowash.com\/tecowash18\/wp-content\/uploads\/2019\/10\/pdf_logo_B.png\" alt=\"\" width=\"250\" height=\"121\" srcset=\"https:\/\/www.tecowash.com\/tecowash18\/wp-content\/uploads\/2019\/10\/pdf_logo_B.png 250w, https:\/\/www.tecowash.com\/tecowash18\/wp-content\/uploads\/2019\/10\/pdf_logo_B-24x12.png 24w, https:\/\/www.tecowash.com\/tecowash18\/wp-content\/uploads\/2019\/10\/pdf_logo_B-36x17.png 36w, https:\/\/www.tecowash.com\/tecowash18\/wp-content\/uploads\/2019\/10\/pdf_logo_B-48x23.png 48w\" sizes=\"(max-width: 250px) 100vw, 250px\" \/><\/a><\/p>\n<p><a href=\"https:\/\/vimeo.com\/86983138\" target=\"_blank\" rel=\"noopener noreferrer\"><img loading=\"lazy\" decoding=\"async\" class=\"aligncenter wp-image-10490 size-medium\" src=\"https:\/\/www.tecowash.com\/tecowash18\/wp-content\/uploads\/2019\/02\/Videos_Inyector_Espuma_ST168_tecowash_77-300x55.png\" alt=\"\" width=\"300\" height=\"55\" srcset=\"https:\/\/www.tecowash.com\/tecowash18\/wp-content\/uploads\/2019\/02\/Videos_Inyector_Espuma_ST168_tecowash_77-300x55.png 300w, https:\/\/www.tecowash.com\/tecowash18\/wp-content\/uploads\/2019\/02\/Videos_Inyector_Espuma_ST168_tecowash_77-416x76.png 416w, https:\/\/www.tecowash.com\/tecowash18\/wp-content\/uploads\/2019\/02\/Videos_Inyector_Espuma_ST168_tecowash_77-24x4.png 24w, https:\/\/www.tecowash.com\/tecowash18\/wp-content\/uploads\/2019\/02\/Videos_Inyector_Espuma_ST168_tecowash_77-36x7.png 36w, https:\/\/www.tecowash.com\/tecowash18\/wp-content\/uploads\/2019\/02\/Videos_Inyector_Espuma_ST168_tecowash_77-48x9.png 48w, https:\/\/www.tecowash.com\/tecowash18\/wp-content\/uploads\/2019\/02\/Videos_Inyector_Espuma_ST168_tecowash_77.png 469w\" sizes=\"(max-width: 300px) 100vw, 300px\" \/><\/a><\/p>\n<p><strong><span style=\"font-size: 18pt;\"><span style=\"color: #000000;\">INYECTOR DE ESPUMA<\/span> <span style=\"color: #99cc00;\">INOXIDABLE ROBUSTO ST168<\/span><\/span><\/strong><\/p>\n<p><span style=\"color: #000000; font-size: 14pt;\"><strong>Referencia:<\/strong> ST168 (S\u00f3lo Inyector).<\/span><br \/>\n<span style=\"color: #000000;\">Inyector para la limpieza en espuma, este equipo puede generar espuma para limpiar o agua sola para aclarar. <\/span><br \/>\n<span style=\"color: #000000;\">Se puede conectar de dos formas diferentes con alta y\/o baja presi\u00f3n.<\/span><br \/>\n<span style=\"color: #000000;\">Sistema 1. <\/span><br \/>\n<span style=\"color: #000000;\">Con baja presi\u00f3n, conectar el inyector a una toma de agua de m\u00ednimo de 3 bares, 1 toma de aire de 3 a 6 bares <\/span><br \/>\n<span style=\"color: #000000;\">y conectar el tubo de entrada del detergente. A partir de aqu\u00ed puede seleccionar agua de aclarado o espuma <\/span><br \/>\n<span style=\"color: #000000;\">con la palanca selectora, para la espuma precisa la boquilla para generar espuma <\/span><br \/>\n<span style=\"color: #000000;\">o la lanza para aclarar con agua sola.<\/span><br \/>\n<span style=\"color: #000000;\">Sistema 2.<\/span><br \/>\n<span style=\"color: #000000;\">Con alta presi\u00f3n, conectar el inyector a una hidrolimpiadora o grupo bomba motor (la presi\u00f3n de trabajo <\/span><br \/>\n<span style=\"color: #000000;\">tiene que ser de 80 bares m\u00ednimo y m\u00e1ximo 200 bares) y conectar el tubo de entrada del detergente. <\/span><br \/>\n<span style=\"color: #000000;\">A partir de aqu\u00ed puede seleccionar agua de aclarado o espuma con la palanca selectora, para la <\/span><br \/>\n<span style=\"color: #000000;\">espuma precisa la boquilla para generar espuma o la lanza para aclarar con agua sola. <\/span><br \/>\n<span style=\"color: #000000;\">(este sistema precisa de aire).<\/span><\/p>\n<p>&nbsp;<\/p>\n","protected":false},"excerpt":{"rendered":"<p>INYECTOR DE ESPUMA INOXIDABLE ROBUSTO ST168 Referencia: ST168 (S\u00f3lo Inyector). Inyector para la limpieza en espuma, este equipo puede generar espuma para limpiar o agua sola para aclarar. Se puede conectar de dos formas diferentes con alta y\/o baja presi\u00f3n. Sistema 1. Con baja presi\u00f3n, conectar el inyector a una toma de agua de m\u00ednimo [&hellip;]<\/p>\n","protected":false},"featured_media":14257,"template":"","meta":[],"product_cat":[96,163],"product_tag":[],"class_list":["post-10817","product","type-product","status-publish","has-post-thumbnail","hentry","product_cat-maquinaria-de-lavado-manual","product_cat-kits-de-espuma"],"publishpress_future_workflow_manual_trigger":{"enabledWorkflows":[]},"_links":{"self":[{"href":"https:\/\/www.tecowash.com\/tecowash18\/wp-json\/wp\/v2\/product\/10817"}],"collection":[{"href":"https:\/\/www.tecowash.com\/tecowash18\/wp-json\/wp\/v2\/product"}],"about":[{"href":"https:\/\/www.tecowash.com\/tecowash18\/wp-json\/wp\/v2\/types\/product"}],"wp:featuredmedia":[{"embeddable":true,"href":"https:\/\/www.tecowash.com\/tecowash18\/wp-json\/wp\/v2\/media\/14257"}],"wp:attachment":[{"href":"https:\/\/www.tecowash.com\/tecowash18\/wp-json\/wp\/v2\/media?parent=10817"}],"wp:term":[{"taxonomy":"product_cat","embeddable":true,"href":"https:\/\/www.tecowash.com\/tecowash18\/wp-json\/wp\/v2\/product_cat?post=10817"},{"taxonomy":"product_tag","embeddable":true,"href":"https:\/\/www.tecowash.com\/tecowash18\/wp-json\/wp\/v2\/product_tag?post=10817"}],"curies":[{"name":"wp","href":"https:\/\/api.w.org\/{rel}","templated":true}]}}