{"id":10792,"date":"2020-03-05T10:21:29","date_gmt":"2020-03-05T09:21:29","guid":{"rendered":"https:\/\/www.tecowash.com\/tecowash18\/?post_type=product&#038;p=10792"},"modified":"2023-06-29T09:29:31","modified_gmt":"2023-06-29T07:29:31","slug":"twister-cleaning-gun-2-2","status":"publish","type":"product","link":"https:\/\/www.tecowash.com\/tecowash18\/producto\/twister-cleaning-gun-2-2\/","title":{"rendered":"TWISTER CLEANING GUN"},"content":{"rendered":"<div class=\"page\" title=\"Page 77\">\n<div class=\"section\">\n<div class=\"layoutArea\">\n<div class=\"column\">\n<p><a href=\"https:\/\/www.tecowash.com\/tecowash18\/wp-content\/uploads\/2020\/03\/PISTOLAS_AIRE_COMPRIMIDO_tecowash_spain_jun_23.pdf\" target=\"_blank\" rel=\"noopener noreferrer\"><img loading=\"lazy\" decoding=\"async\" class=\"aligncenter size-full wp-image-9010\" src=\"https:\/\/www.tecowash.com\/tecowash18\/wp-content\/uploads\/2019\/10\/pdf_logo_B.png\" alt=\"\" width=\"250\" height=\"121\" srcset=\"https:\/\/www.tecowash.com\/tecowash18\/wp-content\/uploads\/2019\/10\/pdf_logo_B.png 250w, https:\/\/www.tecowash.com\/tecowash18\/wp-content\/uploads\/2019\/10\/pdf_logo_B-24x12.png 24w, https:\/\/www.tecowash.com\/tecowash18\/wp-content\/uploads\/2019\/10\/pdf_logo_B-36x17.png 36w, https:\/\/www.tecowash.com\/tecowash18\/wp-content\/uploads\/2019\/10\/pdf_logo_B-48x23.png 48w\" sizes=\"(max-width: 250px) 100vw, 250px\" \/><\/a><\/p>\n<p>&nbsp;<\/p>\n<p><a href=\"https:\/\/vimeo.com\/60838185\" target=\"_blank\" rel=\"noopener noreferrer\"><img loading=\"lazy\" decoding=\"async\" class=\"aligncenter wp-image-10484 size-medium\" src=\"https:\/\/www.tecowash.com\/tecowash18\/wp-content\/uploads\/2018\/07\/Videos_Cleaning_Gun_tecowash_77-300x52.png\" alt=\"\" width=\"300\" height=\"52\" srcset=\"https:\/\/www.tecowash.com\/tecowash18\/wp-content\/uploads\/2018\/07\/Videos_Cleaning_Gun_tecowash_77-300x52.png 300w, https:\/\/www.tecowash.com\/tecowash18\/wp-content\/uploads\/2018\/07\/Videos_Cleaning_Gun_tecowash_77-416x72.png 416w, https:\/\/www.tecowash.com\/tecowash18\/wp-content\/uploads\/2018\/07\/Videos_Cleaning_Gun_tecowash_77-24x4.png 24w, https:\/\/www.tecowash.com\/tecowash18\/wp-content\/uploads\/2018\/07\/Videos_Cleaning_Gun_tecowash_77-36x6.png 36w, https:\/\/www.tecowash.com\/tecowash18\/wp-content\/uploads\/2018\/07\/Videos_Cleaning_Gun_tecowash_77-48x8.png 48w, https:\/\/www.tecowash.com\/tecowash18\/wp-content\/uploads\/2018\/07\/Videos_Cleaning_Gun_tecowash_77.png 498w\" sizes=\"(max-width: 300px) 100vw, 300px\" \/><\/a><\/p>\n<p><strong><span style=\"font-size: 18pt;\"><span style=\"color: #000000;\">TWISTER<\/span> <span style=\"color: #99cc00;\">CLEANING GUN<\/span><\/span><\/strong><\/p>\n<p><span style=\"color: #000000; font-size: 14pt;\"><strong>Referencia:<\/strong> 74329<strong> &#8211; Twister Cleaning Gun.<\/strong><\/span><br \/>\n<span style=\"color: #000000; font-size: 14pt;\"><strong>Referencia:<\/strong> 74329B <strong>&#8211; Recambio Tefl\u00f3n para pistola Twister Cleaning Gun.<\/strong><\/span><br \/>\n<span style=\"color: #000000;\">Pulverizador \u2013 limpiador de alta potencia para la limpieza r\u00e1pida del interior del veh\u00edculo. <\/span><br \/>\n<span style=\"color: #000000;\">Limpia en un abrir y cerrar de ojos salpicaderos, compartimientos porta objetos, respiraderos y peque\u00f1as palancas. <\/span><br \/>\n<span style=\"color: #000000;\">Tambi\u00e9n ofrece excelentes resultados sobre los tapizados de los asientos y traspuntines. <\/span><br \/>\n<span style=\"color: #000000;\">Su exclusiva tobera crea un \u201cefecto tornado\u201d que limpia en profundidad toda clase de suciedad.<\/span><\/p>\n<p>&nbsp;<\/p>\n<\/div>\n<\/div>\n<\/div>\n<\/div>\n","protected":false},"excerpt":{"rendered":"<p>&nbsp; TWISTER CLEANING GUN Referencia: 74329 &#8211; Twister Cleaning Gun. Referencia: 74329B &#8211; Recambio Tefl\u00f3n para pistola Twister Cleaning Gun. Pulverizador \u2013 limpiador de alta potencia para la limpieza r\u00e1pida del interior del veh\u00edculo. Limpia en un abrir y cerrar de ojos salpicaderos, compartimientos porta objetos, respiraderos y peque\u00f1as palancas. Tambi\u00e9n ofrece excelentes resultados sobre [&hellip;]<\/p>\n","protected":false},"featured_media":10796,"template":"","meta":[],"product_cat":[96,157],"product_tag":[],"class_list":["post-10792","product","type-product","status-publish","has-post-thumbnail","hentry","product_cat-maquinaria-de-lavado-manual","product_cat-limpia-tapicerias"],"publishpress_future_workflow_manual_trigger":{"enabledWorkflows":[]},"_links":{"self":[{"href":"https:\/\/www.tecowash.com\/tecowash18\/wp-json\/wp\/v2\/product\/10792"}],"collection":[{"href":"https:\/\/www.tecowash.com\/tecowash18\/wp-json\/wp\/v2\/product"}],"about":[{"href":"https:\/\/www.tecowash.com\/tecowash18\/wp-json\/wp\/v2\/types\/product"}],"wp:featuredmedia":[{"embeddable":true,"href":"https:\/\/www.tecowash.com\/tecowash18\/wp-json\/wp\/v2\/media\/10796"}],"wp:attachment":[{"href":"https:\/\/www.tecowash.com\/tecowash18\/wp-json\/wp\/v2\/media?parent=10792"}],"wp:term":[{"taxonomy":"product_cat","embeddable":true,"href":"https:\/\/www.tecowash.com\/tecowash18\/wp-json\/wp\/v2\/product_cat?post=10792"},{"taxonomy":"product_tag","embeddable":true,"href":"https:\/\/www.tecowash.com\/tecowash18\/wp-json\/wp\/v2\/product_tag?post=10792"}],"curies":[{"name":"wp","href":"https:\/\/api.w.org\/{rel}","templated":true}]}}