{"id":10745,"date":"2020-03-05T10:15:34","date_gmt":"2020-03-05T09:15:34","guid":{"rendered":"https:\/\/www.tecowash.com\/tecowash18\/?post_type=product&#038;p=10745"},"modified":"2023-05-25T09:20:56","modified_gmt":"2023-05-25T07:20:56","slug":"limpiatapicerias-steam-plus-2-2","status":"publish","type":"product","link":"https:\/\/www.tecowash.com\/tecowash18\/producto\/limpiatapicerias-steam-plus-2-2\/","title":{"rendered":"LIMPIATAPICERI\u0301AS STEAM PLUS"},"content":{"rendered":"<div class=\"page\" title=\"Page 71\">\n<div class=\"section\">\n<div class=\"layoutArea\">\n<div class=\"column\">\n<p><a href=\"https:\/\/www.tecowash.com\/tecowash18\/wp-content\/uploads\/2020\/03\/MAQUINAS_VAPOR_tecowash_spain_MAY_2023.pdf\" target=\"_blank\" rel=\"noopener noreferrer\"><img loading=\"lazy\" decoding=\"async\" class=\"aligncenter size-full wp-image-9010\" src=\"https:\/\/www.tecowash.com\/tecowash18\/wp-content\/uploads\/2019\/10\/pdf_logo_B.png\" alt=\"\" width=\"250\" height=\"121\" srcset=\"https:\/\/www.tecowash.com\/tecowash18\/wp-content\/uploads\/2019\/10\/pdf_logo_B.png 250w, https:\/\/www.tecowash.com\/tecowash18\/wp-content\/uploads\/2019\/10\/pdf_logo_B-24x12.png 24w, https:\/\/www.tecowash.com\/tecowash18\/wp-content\/uploads\/2019\/10\/pdf_logo_B-36x17.png 36w, https:\/\/www.tecowash.com\/tecowash18\/wp-content\/uploads\/2019\/10\/pdf_logo_B-48x23.png 48w\" sizes=\"(max-width: 250px) 100vw, 250px\" \/><\/a><\/p>\n<p><strong><span style=\"font-size: 18pt;\"><span style=\"color: #000000;\">LIMPIA TAPICER\u00cdAS<\/span>\u00a0\u00a0<span style=\"color: #99cc00;\">STEAM PLUS<\/span><\/span><\/strong><\/p>\n<p><span style=\"color: #000000; font-size: 14pt;\"><strong>Referencia:<\/strong> SWI125N <strong>&#8211; Lipia Tapicerias Steam Plus.<\/strong><\/span><br \/>\n<span style=\"color: #000000;\">Generador ideal para una limpieza completa y santificaci\u00f3n de todos los entornos de trabajo profesionales <\/span><br \/>\n<span style=\"color: #000000;\">que est\u00e1n sujetos a la regulaci\u00f3n de HACCP. <\/span><br \/>\n<span style=\"color: #000000;\">(industria farmac\u00e9utica y alimentaria, los servicios m\u00e9dicos, centros de deporte y de belleza, hoteles y lugares p\u00fablicos)<\/span><br \/>\n<span style=\"color: #000000;\">Adem\u00e1s de una carga continua de 3400W, la m\u00e1quina tambi\u00e9n est\u00e1 equipada con un potente aspirador 1400 h\u00famedo y en seco <\/span><br \/>\n<span style=\"color: #000000;\">que permite el uso del proceso de inyecci\u00f3n\/extracci\u00f3n (tanto con agua fr\u00eda\/caliente ajustable y con o sin detergentes) tambi\u00e9n. <\/span><br \/>\n<span style=\"color: #000000;\">Para el mantenimiento de todo tipo de alfombras y hoster\u00edas, gracias a su amplia gama de accesorios.<\/span><br \/>\n<span style=\"color: #000000;\">Tecowash Steam Plus es un aliado fiable para los tratamientos de limpieza de todo tipo de superficies.<\/span><br \/>\n<span style=\"color: #000000;\"><strong>Ficha:<\/strong><\/span><br \/>\n<span style=\"color: #000000;\"><strong>Potencia:<\/strong> 230 V &#8211; 50 Hz.<\/span><br \/>\n<span style=\"color: #000000;\"><strong>Capacidad calderi\u0301n:<\/strong> 4 L.<\/span><br \/>\n<span style=\"color: #000000;\"><strong>Potencia calderi\u0301n:<\/strong> 1.700 + 1.700 Watt.<\/span><br \/>\n<span style=\"color: #000000;\"><strong>Presi\u00f3n de trabajo:<\/strong> 7 bar.<\/span><br \/>\n<span style=\"color: #000000;\"><strong>Temperatura del vapor en calderi\u0301n:<\/strong> 180\u00b0 C.<\/span><br \/>\n<span style=\"color: #000000;\"><strong>Potencia en modo aspiraci\u00f3n:<\/strong> 1.400 W.<\/span><br \/>\n<span style=\"color: #000000;\"><strong>Capacidad tanque INOX:<\/strong> 22 L.<\/span><br \/>\n<span style=\"color: #000000;\"><strong>Capacidad tanque agua:<\/strong> 5 L.<\/span><br \/>\n<span style=\"color: #000000;\"><strong>Dep\u00f3sito de detergente:<\/strong> 5L.<\/span><br \/>\n<span style=\"color: #000000;\"><strong>Peso:<\/strong> 40 Kg.<\/span><\/p>\n<\/div>\n<\/div>\n<\/div>\n<\/div>\n","protected":false},"excerpt":{"rendered":"<p>LIMPIA TAPICER\u00cdAS\u00a0\u00a0STEAM PLUS Referencia: SWI125N &#8211; Lipia Tapicerias Steam Plus. Generador ideal para una limpieza completa y santificaci\u00f3n de todos los entornos de trabajo profesionales que est\u00e1n sujetos a la regulaci\u00f3n de HACCP. (industria farmac\u00e9utica y alimentaria, los servicios m\u00e9dicos, centros de deporte y de belleza, hoteles y lugares p\u00fablicos) Adem\u00e1s de una carga continua [&hellip;]<\/p>\n","protected":false},"featured_media":10746,"template":"","meta":[],"product_cat":[96,157],"product_tag":[],"class_list":["post-10745","product","type-product","status-publish","has-post-thumbnail","hentry","product_cat-maquinaria-de-lavado-manual","product_cat-limpia-tapicerias"],"publishpress_future_workflow_manual_trigger":{"enabledWorkflows":[]},"_links":{"self":[{"href":"https:\/\/www.tecowash.com\/tecowash18\/wp-json\/wp\/v2\/product\/10745"}],"collection":[{"href":"https:\/\/www.tecowash.com\/tecowash18\/wp-json\/wp\/v2\/product"}],"about":[{"href":"https:\/\/www.tecowash.com\/tecowash18\/wp-json\/wp\/v2\/types\/product"}],"wp:featuredmedia":[{"embeddable":true,"href":"https:\/\/www.tecowash.com\/tecowash18\/wp-json\/wp\/v2\/media\/10746"}],"wp:attachment":[{"href":"https:\/\/www.tecowash.com\/tecowash18\/wp-json\/wp\/v2\/media?parent=10745"}],"wp:term":[{"taxonomy":"product_cat","embeddable":true,"href":"https:\/\/www.tecowash.com\/tecowash18\/wp-json\/wp\/v2\/product_cat?post=10745"},{"taxonomy":"product_tag","embeddable":true,"href":"https:\/\/www.tecowash.com\/tecowash18\/wp-json\/wp\/v2\/product_tag?post=10745"}],"curies":[{"name":"wp","href":"https:\/\/api.w.org\/{rel}","templated":true}]}}