{"id":10742,"date":"2020-03-05T10:14:59","date_gmt":"2020-03-05T09:14:59","guid":{"rendered":"https:\/\/www.tecowash.com\/tecowash18\/?post_type=product&#038;p=10742"},"modified":"2022-02-25T09:38:51","modified_gmt":"2022-02-25T08:38:51","slug":"maquina-de-vapor-profesional-a-gas-oil-modelo-medi-vap-2-2","status":"publish","type":"product","link":"https:\/\/www.tecowash.com\/tecowash18\/producto\/maquina-de-vapor-profesional-a-gas-oil-modelo-medi-vap-2-2\/","title":{"rendered":"MA\u0301QUINA VAPOR PROF. GAS-OIL"},"content":{"rendered":"<div class=\"page\" title=\"Page 71\">\n<div class=\"section\">\n<div class=\"layoutArea\">\n<div class=\"column\">\n<div class=\"page\" title=\"Page 72\">\n<div class=\"section\">\n<div class=\"layoutArea\">\n<div class=\"column\">\n<div class=\"page\" title=\"Page 72\">\n<div class=\"section\">\n<div class=\"layoutArea\">\n<div class=\"column\">\n<p><a href=\"https:\/\/www.tecowash.com\/tecowash18\/wp-content\/uploads\/2018\/06\/LIPIA_TAPICERIAS_VAPOR_tecowash_spain_feb_2022_B.pdf\" target=\"_blank\" rel=\"noopener noreferrer\"><img loading=\"lazy\" decoding=\"async\" class=\"aligncenter size-full wp-image-9010\" src=\"https:\/\/www.tecowash.com\/tecowash18\/wp-content\/uploads\/2019\/10\/pdf_logo_B.png\" alt=\"\" width=\"250\" height=\"121\" srcset=\"https:\/\/www.tecowash.com\/tecowash18\/wp-content\/uploads\/2019\/10\/pdf_logo_B.png 250w, https:\/\/www.tecowash.com\/tecowash18\/wp-content\/uploads\/2019\/10\/pdf_logo_B-24x12.png 24w, https:\/\/www.tecowash.com\/tecowash18\/wp-content\/uploads\/2019\/10\/pdf_logo_B-36x17.png 36w, https:\/\/www.tecowash.com\/tecowash18\/wp-content\/uploads\/2019\/10\/pdf_logo_B-48x23.png 48w\" sizes=\"(max-width: 250px) 100vw, 250px\" \/><\/a><\/p>\n<p><strong><span style=\"font-size: 18pt\"><span style=\"color: #000000\">M\u00c1QUINA DE VAPOR PROFESIONAL A GAS-OIL<\/span>\u00a0 \u00a0<span style=\"color: #99cc00\">MEDI VAP<\/span><\/span><\/strong><\/p>\n<\/div>\n<\/div>\n<\/div>\n<\/div>\n<\/div>\n<\/div>\n<div class=\"layoutArea\">\n<div class=\"column\">\n<p><span style=\"color: #000000;font-size: 14pt\"><strong>Referencia:<\/strong> MediVap<strong> &#8211; M\u00e1quina de Vapor Profesional a Gas-Oil Medi Vap.<\/strong><\/span><br \/>\n<span style=\"color: #000000\"><strong>Ficha:<\/strong><\/span><br \/>\n<span style=\"color: #000000\"><strong>Fuente de alimentaci\u00f3n:<\/strong> 230 V &#8211; 50 Hz. Cheques controla 24V, motor el\u00e9ctrico.<\/span><br \/>\n<span style=\"color: #000000\"><strong>Motor el\u00e9ctrico:<\/strong> 180 W.<\/span><br \/>\n<span style=\"color: #000000\"><strong>Consumo de Agua:<\/strong> Vapor seco: 0 ,2 l \/ min.<\/span><br \/>\n<span style=\"color: #000000\"><strong>Vapor h\u00famedo:<\/strong> de 0, 5 a 2.0 L \/min.<\/span><br \/>\n<span style=\"color: #000000\"><strong>Presi\u00f3n de vapor:<\/strong> m\u00e1x. 7 bar.<\/span><br \/>\n<span style=\"color: #000000\"><strong>Ca\u00edda de vapor:<\/strong> Steam gotita m\u00e1ximo de 5 micras (vapor seco) temperatura del vapor temperaturas de vapor.<\/span><br \/>\n<span style=\"color: #000000\">m\u00e1x. 160 \u00b0 C, durante vapor h\u00famedo (vapor h\u00famedo) m\u00e1x. 210 \u00b0 C, durante vapor seco (vapor seco).<\/span><br \/>\n<span style=\"color: #000000\"><strong>Combustible:<\/strong> Di\u00e9sel o Etanol.<\/span><br \/>\n<span style=\"color: #000000\"><strong>Consumo de combustible:<\/strong> 4, 18 kg \/ h.<\/span><br \/>\n<span style=\"color: #000000\"><strong>Suministro de agua:<\/strong> Agua purificada Suministro.<\/span><br \/>\n<span style=\"color: #000000\"><strong>Dimensiones y peso:<\/strong> 85 x 54 x 73cm.\u00a0 78 Kg.<\/span><br \/>\n<span style=\"color: #000000\"><strong>Nuevo sistema de vapor:<\/strong> Retraso en el dispositivo de parada total V\u00e1lvula de seguridad.<\/span><br \/>\n<span style=\"color: #000000\"><strong>Equipamiento est\u00e1ndar:<\/strong> H\/T manguera de 10 metros Lanza t\u00e9rmica. Pistola de rociado autom\u00e1tica.<\/span><br \/>\n<span style=\"color: #000000\"><strong>Accesorio opcional:<\/strong> FRG 7 pistola de vapor extensi\u00f3n Quick-fit.<\/span><br \/>\n<span style=\"color: #000000\"><strong>Equipamiento de serie:<\/strong> Tubo T\/A 10 metros Lanza t\u00e9rmica. Boquilla autom\u00e1tica.<\/span><br \/>\n<span style=\"color: #000000\"><strong>Accesorios opcionales:<\/strong> Pistola de vapor Extensi\u00f3n + r\u00e1pida.<\/span><\/p>\n<p>&nbsp;<\/p>\n<\/div>\n<\/div>\n<\/div>\n<\/div>\n<\/div>\n<\/div>\n<\/div>\n<\/div>\n","protected":false},"excerpt":{"rendered":"<p>M\u00c1QUINA DE VAPOR PROFESIONAL A GAS-OIL\u00a0 \u00a0MEDI VAP Referencia: MediVap &#8211; M\u00e1quina de Vapor Profesional a Gas-Oil Medi Vap. Ficha: Fuente de alimentaci\u00f3n: 230 V &#8211; 50 Hz. Cheques controla 24V, motor el\u00e9ctrico. Motor el\u00e9ctrico: 180 W. Consumo de Agua: Vapor seco: 0 ,2 l \/ min. Vapor h\u00famedo: de 0, 5 a 2.0 L [&hellip;]<\/p>\n","protected":false},"featured_media":10743,"template":"","meta":[],"product_cat":[96,157],"product_tag":[],"class_list":["post-10742","product","type-product","status-publish","has-post-thumbnail","hentry","product_cat-maquinaria-de-lavado-manual","product_cat-limpia-tapicerias"],"publishpress_future_workflow_manual_trigger":{"enabledWorkflows":[]},"_links":{"self":[{"href":"https:\/\/www.tecowash.com\/tecowash18\/wp-json\/wp\/v2\/product\/10742"}],"collection":[{"href":"https:\/\/www.tecowash.com\/tecowash18\/wp-json\/wp\/v2\/product"}],"about":[{"href":"https:\/\/www.tecowash.com\/tecowash18\/wp-json\/wp\/v2\/types\/product"}],"wp:featuredmedia":[{"embeddable":true,"href":"https:\/\/www.tecowash.com\/tecowash18\/wp-json\/wp\/v2\/media\/10743"}],"wp:attachment":[{"href":"https:\/\/www.tecowash.com\/tecowash18\/wp-json\/wp\/v2\/media?parent=10742"}],"wp:term":[{"taxonomy":"product_cat","embeddable":true,"href":"https:\/\/www.tecowash.com\/tecowash18\/wp-json\/wp\/v2\/product_cat?post=10742"},{"taxonomy":"product_tag","embeddable":true,"href":"https:\/\/www.tecowash.com\/tecowash18\/wp-json\/wp\/v2\/product_tag?post=10742"}],"curies":[{"name":"wp","href":"https:\/\/api.w.org\/{rel}","templated":true}]}}