{"id":10682,"date":"2020-03-05T09:40:40","date_gmt":"2020-03-05T08:40:40","guid":{"rendered":"https:\/\/www.tecowash.com\/tecowash18\/?post_type=product&#038;p=10682"},"modified":"2022-02-25T09:38:21","modified_gmt":"2022-02-25T08:38:21","slug":"limpia-tapicerias-de-agua-caliente-2","status":"publish","type":"product","link":"https:\/\/www.tecowash.com\/tecowash18\/producto\/limpia-tapicerias-de-agua-caliente-2\/","title":{"rendered":"LIMPIA TAPICERI\u0301AS DE AGUA CALIENTE"},"content":{"rendered":"<div class=\"page\" title=\"Page 75\">\n<div class=\"section\">\n<div class=\"layoutArea\">\n<div class=\"page\" title=\"Page 75\">\n<div class=\"section\">\n<div class=\"layoutArea\">\n<div class=\"column\">\n<p><a href=\"https:\/\/www.tecowash.com\/tecowash18\/wp-content\/uploads\/2018\/06\/LIPIA_TAPICERIAS_VAPOR_tecowash_spain_feb_2022_B.pdf\" target=\"_blank\" rel=\"noopener noreferrer\"><img loading=\"lazy\" decoding=\"async\" class=\"aligncenter size-full wp-image-9010\" src=\"https:\/\/www.tecowash.com\/tecowash18\/wp-content\/uploads\/2019\/10\/pdf_logo_B.png\" alt=\"\" width=\"250\" height=\"121\" srcset=\"https:\/\/www.tecowash.com\/tecowash18\/wp-content\/uploads\/2019\/10\/pdf_logo_B.png 250w, https:\/\/www.tecowash.com\/tecowash18\/wp-content\/uploads\/2019\/10\/pdf_logo_B-24x12.png 24w, https:\/\/www.tecowash.com\/tecowash18\/wp-content\/uploads\/2019\/10\/pdf_logo_B-36x17.png 36w, https:\/\/www.tecowash.com\/tecowash18\/wp-content\/uploads\/2019\/10\/pdf_logo_B-48x23.png 48w\" sizes=\"(max-width: 250px) 100vw, 250px\" \/><\/a><\/p>\n<p><span style=\"font-size: 18pt\"><strong>LIMPIA TAPICERI\u0301AS <span style=\"color: #99cc00\">DE AGUA CALIENTE<\/span><\/strong><\/span><\/p>\n<p><strong>Referencia:<\/strong> VACHOTPP <strong>&#8211; Limpia Tapicer\u00edas de Agua Caliente.<\/strong><br \/>\nMaquina limpia tapicer\u00edas de agua caliente hace que la suciedad se disuelva con m\u00e1s facilidad y rapidez. <br \/>\nFabricado en pl\u00e1stico antivanda\u0301lico. <br \/>\nDe gran potencia, con mucha capacidad de absorci\u00f3n. Retira el doble de agua que un equipo limpia tapicer\u00edas convencionales.<br \/>\n<strong>Ficha:<\/strong> <br \/>\n<strong>Motores:<\/strong> 2.<br \/>\n<strong>Potencia:<\/strong> 2.600 W.<br \/>\n<strong>Deposito tanque:<\/strong> Poli Propileo anti vand\u00e1lico.<\/p>\n<\/div>\n<\/div>\n<\/div>\n<\/div>\n<\/div>\n<\/div>\n<\/div>\n","protected":false},"excerpt":{"rendered":"<p>LIMPIA TAPICERI\u0301AS DE AGUA CALIENTE Referencia: VACHOTPP &#8211; Limpia Tapicer\u00edas de Agua Caliente. Maquina limpia tapicer\u00edas de agua caliente hace que la suciedad se disuelva con m\u00e1s facilidad y rapidez. Fabricado en pl\u00e1stico antivanda\u0301lico. De gran potencia, con mucha capacidad de absorci\u00f3n. Retira el doble de agua que un equipo limpia tapicer\u00edas convencionales. Ficha: Motores: [&hellip;]<\/p>\n","protected":false},"featured_media":10683,"template":"","meta":[],"product_cat":[96,157],"product_tag":[],"class_list":["post-10682","product","type-product","status-publish","has-post-thumbnail","hentry","product_cat-maquinaria-de-lavado-manual","product_cat-limpia-tapicerias"],"publishpress_future_workflow_manual_trigger":{"enabledWorkflows":[]},"_links":{"self":[{"href":"https:\/\/www.tecowash.com\/tecowash18\/wp-json\/wp\/v2\/product\/10682"}],"collection":[{"href":"https:\/\/www.tecowash.com\/tecowash18\/wp-json\/wp\/v2\/product"}],"about":[{"href":"https:\/\/www.tecowash.com\/tecowash18\/wp-json\/wp\/v2\/types\/product"}],"wp:featuredmedia":[{"embeddable":true,"href":"https:\/\/www.tecowash.com\/tecowash18\/wp-json\/wp\/v2\/media\/10683"}],"wp:attachment":[{"href":"https:\/\/www.tecowash.com\/tecowash18\/wp-json\/wp\/v2\/media?parent=10682"}],"wp:term":[{"taxonomy":"product_cat","embeddable":true,"href":"https:\/\/www.tecowash.com\/tecowash18\/wp-json\/wp\/v2\/product_cat?post=10682"},{"taxonomy":"product_tag","embeddable":true,"href":"https:\/\/www.tecowash.com\/tecowash18\/wp-json\/wp\/v2\/product_tag?post=10682"}],"curies":[{"name":"wp","href":"https:\/\/api.w.org\/{rel}","templated":true}]}}